{"id":18347,"date":"2015-06-08T16:26:57","date_gmt":"2015-05-05T06:01:25","guid":{"rendered":"http:\/\/adlerarena.epsimec.com\/artenschutz-2\/"},"modified":"2024-01-29T11:40:45","modified_gmt":"2024-01-29T10:40:45","slug":"species-protection","status":"publish","type":"page","link":"https:\/\/adlerarena.com\/en\/species-protection\/","title":{"rendered":"Species protection"},"content":{"rendered":"<section class=\"wpb-content-wrapper\"><p>[vc_row type=&#8221;grid&#8221;][vc_column][vc_empty_space height=&#8221;60px&#8221;][vc_column_text]<\/p>\n<h2 style=\"text-align: center;\">EEP \u2013 European Endangered Species Programme<\/h2>\n<p>[\/vc_column_text][vc_separator type=&#8221;transparent&#8221; down=&#8221;10&#8243;][vc_column_text]<\/p>\n<h4 style=\"text-align: center;\">The species protection programme<\/h4>\n<p>[\/vc_column_text][vc_separator type=&#8221;transparent&#8221; thickness=&#8221;1&#8243; down=&#8221;50&#8243;][vc_row_inner][vc_column_inner width=&#8221;1\/3&#8243;][vc_single_image image=&#8221;18349&#8243; img_size=&#8221;full&#8221;][vc_separator type=&#8221;transparent&#8221; thickness=&#8221;1&#8243; down=&#8221;15&#8243;][vc_single_image image=&#8221;19511&#8243; img_size=&#8221;full&#8221;][vc_separator type=&#8221;transparent&#8221; thickness=&#8221;1&#8243; down=&#8221;15&#8243;][\/vc_column_inner][vc_column_inner width=&#8221;2\/3&#8243;][vc_column_text]<\/p>\n<p>The \u2018Adler Arena auf Burg Landskron\u2019 organisation is a partner of various species protection\u00a0programmes around the world.<\/p>\n<p>[\/vc_column_text][vc_separator type=&#8221;transparent&#8221; thickness=&#8221;1&#8243; down=&#8221;15&#8243;][vc_column_text]<\/p>\n<p>These species protection programmes serve primarily to breed, under human supervision in zoos,\u00a0species that are in danger of extinction in their natural environment, so that their species are\u00a0preserved and do not die out.<\/p>\n<p>[\/vc_column_text][vc_separator type=&#8221;transparent&#8221; thickness=&#8221;1&#8243; down=&#8221;15&#8243;][vc_column_text]<\/p>\n<p>There is a breeding register coordinator responsible for every endangered bird of prey and owl\u00a0species. A corresponding reporting system allows that person to collect all information about the\u00a0birds involved in that project. Thus a central authority has all the important information about\u00a0successful breeding and can make contact with project partners, and may organise new breeding\u00a0pairs where appropriate.<\/p>\n<p>[\/vc_column_text][vc_separator type=&#8221;transparent&#8221; thickness=&#8221;1&#8243; down=&#8221;15&#8243;][vc_column_text]<\/p>\n<p>If the breeding stock in zoos is sufficiently large, projects can be carried out to reintroduce bred\u00a0animals to nature, as was successful with the bearded vulture project in the Alps for example. In\u00a0this context, zoos that are integrated into a species protection programme also fulfil an important\u00a0task in that they offer endangered species a protected area where they can survive and be\u00a0preserved for the world\u2019s future. Achieved in circumstances where the survival of a particular\u00a0species in the wild is not possible due to habitat destruction.<\/p>\n<p>[\/vc_column_text][vc_separator type=&#8221;transparent&#8221; thickness=&#8221;1&#8243; down=&#8221;25&#8243;][\/vc_column_inner][\/vc_row_inner][\/vc_column][\/vc_row]<\/p>\n<\/section>","protected":false},"excerpt":{"rendered":"<p>[vc_row type=&#8221;grid&#8221;][vc_column][vc_empty_space height=&#8221;60px&#8221;][vc_column_text] EEP \u2013 European Endangered Species Programme [\/vc_column_text][vc_separator type=&#8221;transparent&#8221; down=&#8221;10&#8243;][vc_column_text] The species protection programme [\/vc_column_text][vc_separator type=&#8221;transparent&#8221; thickness=&#8221;1&#8243; down=&#8221;50&#8243;][vc_row_inner][vc_column_inner width=&#8221;1\/3&#8243;][vc_single_image image=&#8221;18349&#8243; img_size=&#8221;full&#8221;][vc_separator type=&#8221;transparent&#8221; thickness=&#8221;1&#8243; down=&#8221;15&#8243;][vc_single_image image=&#8221;19511&#8243; img_size=&#8221;full&#8221;][vc_separator type=&#8221;transparent&#8221; thickness=&#8221;1&#8243; down=&#8221;15&#8243;][\/vc_column_inner][vc_column_inner width=&#8221;2\/3&#8243;][vc_column_text] The \u2018Adler Arena auf Burg Landskron\u2019 organisation is a partner of various species&#8230;<\/p>\n","protected":false},"author":1,"featured_media":20885,"parent":0,"menu_order":0,"comment_status":"open","ping_status":"closed","template":"full_width.php","meta":{"footnotes":""},"class_list":["post-18347","page","type-page","status-publish","has-post-thumbnail","hentry"],"yoast_head":"<!-- This site is optimized with the Yoast SEO plugin v27.3 - https:\/\/yoast.com\/product\/yoast-seo-wordpress\/ -->\n<title>Species protection - Adlerarena Landskron<\/title>\n<meta name=\"robots\" content=\"index, follow, max-snippet:-1, max-image-preview:large, max-video-preview:-1\" \/>\n<link rel=\"canonical\" href=\"https:\/\/adlerarena.com\/en\/species-protection\/\" \/>\n<meta property=\"og:locale\" content=\"en_US\" \/>\n<meta property=\"og:type\" content=\"article\" \/>\n<meta property=\"og:title\" content=\"Species protection - Adlerarena Landskron\" \/>\n<meta property=\"og:description\" content=\"[vc_row type=&#8221;grid&#8221;][vc_column][vc_empty_space height=&#8221;60px&#8221;][vc_column_text] EEP \u2013 European Endangered Species Programme [\/vc_column_text][vc_separator type=&#8221;transparent&#8221; down=&#8221;10&#8243;][vc_column_text] The species protection programme [\/vc_column_text][vc_separator type=&#8221;transparent&#8221; thickness=&#8221;1&#8243; down=&#8221;50&#8243;][vc_row_inner][vc_column_inner width=&#8221;1\/3&#8243;][vc_single_image image=&#8221;18349&#8243; img_size=&#8221;full&#8221;][vc_separator type=&#8221;transparent&#8221; thickness=&#8221;1&#8243; down=&#8221;15&#8243;][vc_single_image image=&#8221;19511&#8243; img_size=&#8221;full&#8221;][vc_separator type=&#8221;transparent&#8221; thickness=&#8221;1&#8243; down=&#8221;15&#8243;][\/vc_column_inner][vc_column_inner width=&#8221;2\/3&#8243;][vc_column_text] The \u2018Adler Arena auf Burg Landskron\u2019 organisation is a partner of various species...\" \/>\n<meta property=\"og:url\" content=\"https:\/\/adlerarena.com\/en\/species-protection\/\" \/>\n<meta property=\"og:site_name\" content=\"Adlerarena Landskron\" \/>\n<meta property=\"article:publisher\" content=\"https:\/\/www.facebook.com\/AdlerarenaLandskron\/\" \/>\n<meta property=\"article:modified_time\" content=\"2024-01-29T10:40:45+00:00\" \/>\n<meta property=\"og:image\" content=\"https:\/\/adlerarena.com\/wp-content\/uploads\/2020\/07\/Artenschutz-\u00d6sterreich-Adlerarena-Landskron-K\u00e4rnten.jpg\" \/>\n\t<meta property=\"og:image:width\" content=\"600\" \/>\n\t<meta property=\"og:image:height\" content=\"450\" \/>\n\t<meta property=\"og:image:type\" content=\"image\/jpeg\" \/>\n<meta name=\"twitter:card\" content=\"summary_large_image\" \/>\n<meta name=\"twitter:label1\" content=\"Est. reading time\" \/>\n\t<meta name=\"twitter:data1\" content=\"2 minutes\" \/>\n<script type=\"application\/ld+json\" class=\"yoast-schema-graph\">{\"@context\":\"https:\\\/\\\/schema.org\",\"@graph\":[{\"@type\":\"WebPage\",\"@id\":\"https:\\\/\\\/adlerarena.com\\\/en\\\/species-protection\\\/\",\"url\":\"https:\\\/\\\/adlerarena.com\\\/en\\\/species-protection\\\/\",\"name\":\"Species protection - Adlerarena Landskron\",\"isPartOf\":{\"@id\":\"https:\\\/\\\/adlerarena.com\\\/#website\"},\"primaryImageOfPage\":{\"@id\":\"https:\\\/\\\/adlerarena.com\\\/en\\\/species-protection\\\/#primaryimage\"},\"image\":{\"@id\":\"https:\\\/\\\/adlerarena.com\\\/en\\\/species-protection\\\/#primaryimage\"},\"thumbnailUrl\":\"https:\\\/\\\/adlerarena.com\\\/wp-content\\\/uploads\\\/2020\\\/07\\\/Artenschutz-\u00d6sterreich-Adlerarena-Landskron-K\u00e4rnten.jpg\",\"datePublished\":\"2015-05-05T06:01:25+00:00\",\"dateModified\":\"2024-01-29T10:40:45+00:00\",\"breadcrumb\":{\"@id\":\"https:\\\/\\\/adlerarena.com\\\/en\\\/species-protection\\\/#breadcrumb\"},\"inLanguage\":\"en-US\",\"potentialAction\":[{\"@type\":\"ReadAction\",\"target\":[\"https:\\\/\\\/adlerarena.com\\\/en\\\/species-protection\\\/\"]}]},{\"@type\":\"ImageObject\",\"inLanguage\":\"en-US\",\"@id\":\"https:\\\/\\\/adlerarena.com\\\/en\\\/species-protection\\\/#primaryimage\",\"url\":\"https:\\\/\\\/adlerarena.com\\\/wp-content\\\/uploads\\\/2020\\\/07\\\/Artenschutz-\u00d6sterreich-Adlerarena-Landskron-K\u00e4rnten.jpg\",\"contentUrl\":\"https:\\\/\\\/adlerarena.com\\\/wp-content\\\/uploads\\\/2020\\\/07\\\/Artenschutz-\u00d6sterreich-Adlerarena-Landskron-K\u00e4rnten.jpg\",\"width\":600,\"height\":450,\"caption\":\"Michael Holzfeind und Franz Sch\u00fcttelkopf mit Geier-K\u00fcken\"},{\"@type\":\"BreadcrumbList\",\"@id\":\"https:\\\/\\\/adlerarena.com\\\/en\\\/species-protection\\\/#breadcrumb\",\"itemListElement\":[{\"@type\":\"ListItem\",\"position\":1,\"name\":\"Startseite\",\"item\":\"https:\\\/\\\/adlerarena.com\\\/en\\\/\"},{\"@type\":\"ListItem\",\"position\":2,\"name\":\"Species protection\"}]},{\"@type\":\"WebSite\",\"@id\":\"https:\\\/\\\/adlerarena.com\\\/#website\",\"url\":\"https:\\\/\\\/adlerarena.com\\\/\",\"name\":\"Adlerarena Landskron\",\"description\":\"Adler-Flugschau Burg Landskron mit Europas einzigartigem Greifvogelpark\",\"publisher\":{\"@id\":\"https:\\\/\\\/adlerarena.com\\\/#organization\"},\"potentialAction\":[{\"@type\":\"SearchAction\",\"target\":{\"@type\":\"EntryPoint\",\"urlTemplate\":\"https:\\\/\\\/adlerarena.com\\\/?s={search_term_string}\"},\"query-input\":{\"@type\":\"PropertyValueSpecification\",\"valueRequired\":true,\"valueName\":\"search_term_string\"}}],\"inLanguage\":\"en-US\"},{\"@type\":\"Organization\",\"@id\":\"https:\\\/\\\/adlerarena.com\\\/#organization\",\"name\":\"Adlerarena Burg Landskron\",\"url\":\"https:\\\/\\\/adlerarena.com\\\/\",\"logo\":{\"@type\":\"ImageObject\",\"inLanguage\":\"en-US\",\"@id\":\"https:\\\/\\\/adlerarena.com\\\/#\\\/schema\\\/logo\\\/image\\\/\",\"url\":\"https:\\\/\\\/adlerarena.com\\\/wp-content\\\/uploads\\\/2020\\\/07\\\/Adlerarena-Burg-Landskron-Logo.png\",\"contentUrl\":\"https:\\\/\\\/adlerarena.com\\\/wp-content\\\/uploads\\\/2020\\\/07\\\/Adlerarena-Burg-Landskron-Logo.png\",\"width\":246,\"height\":150,\"caption\":\"Adlerarena Burg Landskron\"},\"image\":{\"@id\":\"https:\\\/\\\/adlerarena.com\\\/#\\\/schema\\\/logo\\\/image\\\/\"},\"sameAs\":[\"https:\\\/\\\/www.facebook.com\\\/AdlerarenaLandskron\\\/\",\"https:\\\/\\\/www.instagram.com\\\/adlerarena_burglandskron\\\/\",\"https:\\\/\\\/www.pinterest.at\\\/AdlerarenaBurgLandskron\\\/\",\"https:\\\/\\\/de.wikipedia.org\\\/wiki\\\/Adlerarena_Burg_Landskron\"]}]}<\/script>\n<!-- \/ Yoast SEO plugin. -->","yoast_head_json":{"title":"Species protection - Adlerarena Landskron","robots":{"index":"index","follow":"follow","max-snippet":"max-snippet:-1","max-image-preview":"max-image-preview:large","max-video-preview":"max-video-preview:-1"},"canonical":"https:\/\/adlerarena.com\/en\/species-protection\/","og_locale":"en_US","og_type":"article","og_title":"Species protection - Adlerarena Landskron","og_description":"[vc_row type=&#8221;grid&#8221;][vc_column][vc_empty_space height=&#8221;60px&#8221;][vc_column_text] EEP \u2013 European Endangered Species Programme [\/vc_column_text][vc_separator type=&#8221;transparent&#8221; down=&#8221;10&#8243;][vc_column_text] The species protection programme [\/vc_column_text][vc_separator type=&#8221;transparent&#8221; thickness=&#8221;1&#8243; down=&#8221;50&#8243;][vc_row_inner][vc_column_inner width=&#8221;1\/3&#8243;][vc_single_image image=&#8221;18349&#8243; img_size=&#8221;full&#8221;][vc_separator type=&#8221;transparent&#8221; thickness=&#8221;1&#8243; down=&#8221;15&#8243;][vc_single_image image=&#8221;19511&#8243; img_size=&#8221;full&#8221;][vc_separator type=&#8221;transparent&#8221; thickness=&#8221;1&#8243; down=&#8221;15&#8243;][\/vc_column_inner][vc_column_inner width=&#8221;2\/3&#8243;][vc_column_text] The \u2018Adler Arena auf Burg Landskron\u2019 organisation is a partner of various species...","og_url":"https:\/\/adlerarena.com\/en\/species-protection\/","og_site_name":"Adlerarena Landskron","article_publisher":"https:\/\/www.facebook.com\/AdlerarenaLandskron\/","article_modified_time":"2024-01-29T10:40:45+00:00","og_image":[{"width":600,"height":450,"url":"https:\/\/adlerarena.com\/wp-content\/uploads\/2020\/07\/Artenschutz-\u00d6sterreich-Adlerarena-Landskron-K\u00e4rnten.jpg","type":"image\/jpeg"}],"twitter_card":"summary_large_image","twitter_misc":{"Est. reading time":"2 minutes"},"schema":{"@context":"https:\/\/schema.org","@graph":[{"@type":"WebPage","@id":"https:\/\/adlerarena.com\/en\/species-protection\/","url":"https:\/\/adlerarena.com\/en\/species-protection\/","name":"Species protection - Adlerarena Landskron","isPartOf":{"@id":"https:\/\/adlerarena.com\/#website"},"primaryImageOfPage":{"@id":"https:\/\/adlerarena.com\/en\/species-protection\/#primaryimage"},"image":{"@id":"https:\/\/adlerarena.com\/en\/species-protection\/#primaryimage"},"thumbnailUrl":"https:\/\/adlerarena.com\/wp-content\/uploads\/2020\/07\/Artenschutz-\u00d6sterreich-Adlerarena-Landskron-K\u00e4rnten.jpg","datePublished":"2015-05-05T06:01:25+00:00","dateModified":"2024-01-29T10:40:45+00:00","breadcrumb":{"@id":"https:\/\/adlerarena.com\/en\/species-protection\/#breadcrumb"},"inLanguage":"en-US","potentialAction":[{"@type":"ReadAction","target":["https:\/\/adlerarena.com\/en\/species-protection\/"]}]},{"@type":"ImageObject","inLanguage":"en-US","@id":"https:\/\/adlerarena.com\/en\/species-protection\/#primaryimage","url":"https:\/\/adlerarena.com\/wp-content\/uploads\/2020\/07\/Artenschutz-\u00d6sterreich-Adlerarena-Landskron-K\u00e4rnten.jpg","contentUrl":"https:\/\/adlerarena.com\/wp-content\/uploads\/2020\/07\/Artenschutz-\u00d6sterreich-Adlerarena-Landskron-K\u00e4rnten.jpg","width":600,"height":450,"caption":"Michael Holzfeind und Franz Sch\u00fcttelkopf mit Geier-K\u00fcken"},{"@type":"BreadcrumbList","@id":"https:\/\/adlerarena.com\/en\/species-protection\/#breadcrumb","itemListElement":[{"@type":"ListItem","position":1,"name":"Startseite","item":"https:\/\/adlerarena.com\/en\/"},{"@type":"ListItem","position":2,"name":"Species protection"}]},{"@type":"WebSite","@id":"https:\/\/adlerarena.com\/#website","url":"https:\/\/adlerarena.com\/","name":"Adlerarena Landskron","description":"Adler-Flugschau Burg Landskron mit Europas einzigartigem Greifvogelpark","publisher":{"@id":"https:\/\/adlerarena.com\/#organization"},"potentialAction":[{"@type":"SearchAction","target":{"@type":"EntryPoint","urlTemplate":"https:\/\/adlerarena.com\/?s={search_term_string}"},"query-input":{"@type":"PropertyValueSpecification","valueRequired":true,"valueName":"search_term_string"}}],"inLanguage":"en-US"},{"@type":"Organization","@id":"https:\/\/adlerarena.com\/#organization","name":"Adlerarena Burg Landskron","url":"https:\/\/adlerarena.com\/","logo":{"@type":"ImageObject","inLanguage":"en-US","@id":"https:\/\/adlerarena.com\/#\/schema\/logo\/image\/","url":"https:\/\/adlerarena.com\/wp-content\/uploads\/2020\/07\/Adlerarena-Burg-Landskron-Logo.png","contentUrl":"https:\/\/adlerarena.com\/wp-content\/uploads\/2020\/07\/Adlerarena-Burg-Landskron-Logo.png","width":246,"height":150,"caption":"Adlerarena Burg Landskron"},"image":{"@id":"https:\/\/adlerarena.com\/#\/schema\/logo\/image\/"},"sameAs":["https:\/\/www.facebook.com\/AdlerarenaLandskron\/","https:\/\/www.instagram.com\/adlerarena_burglandskron\/","https:\/\/www.pinterest.at\/AdlerarenaBurgLandskron\/","https:\/\/de.wikipedia.org\/wiki\/Adlerarena_Burg_Landskron"]}]}},"_links":{"self":[{"href":"https:\/\/adlerarena.com\/en\/wp-json\/wp\/v2\/pages\/18347","targetHints":{"allow":["GET"]}}],"collection":[{"href":"https:\/\/adlerarena.com\/en\/wp-json\/wp\/v2\/pages"}],"about":[{"href":"https:\/\/adlerarena.com\/en\/wp-json\/wp\/v2\/types\/page"}],"author":[{"embeddable":true,"href":"https:\/\/adlerarena.com\/en\/wp-json\/wp\/v2\/users\/1"}],"replies":[{"embeddable":true,"href":"https:\/\/adlerarena.com\/en\/wp-json\/wp\/v2\/comments?post=18347"}],"version-history":[{"count":5,"href":"https:\/\/adlerarena.com\/en\/wp-json\/wp\/v2\/pages\/18347\/revisions"}],"predecessor-version":[{"id":22597,"href":"https:\/\/adlerarena.com\/en\/wp-json\/wp\/v2\/pages\/18347\/revisions\/22597"}],"wp:featuredmedia":[{"embeddable":true,"href":"https:\/\/adlerarena.com\/en\/wp-json\/wp\/v2\/media\/20885"}],"wp:attachment":[{"href":"https:\/\/adlerarena.com\/en\/wp-json\/wp\/v2\/media?parent=18347"}],"curies":[{"name":"wp","href":"https:\/\/api.w.org\/{rel}","templated":true}]}}