{"id":20675,"date":"2020-05-20T08:42:07","date_gmt":"2020-05-20T06:42:07","guid":{"rendered":"https:\/\/adlerarena.com\/oeffnungszeiten-2020\/"},"modified":"2025-11-10T09:47:56","modified_gmt":"2025-11-10T08:47:56","slug":"opening-hours","status":"publish","type":"page","link":"https:\/\/adlerarena.com\/en\/opening-hours\/","title":{"rendered":"Opening Hours"},"content":{"rendered":"<div class=\"wpb-content-wrapper\"><p>[vc_row type=&#8221;grid&#8221;][vc_column][vc_empty_space][vc_column_text]<\/p>\n<h2 style=\"text-align: center;\">Eagle Arena<\/h2>\n<p>[\/vc_column_text][vc_separator transparency=&#8221;0&#8243; down=&#8221;30&#8243;][\/vc_column][\/vc_row][vc_row type=&#8221;grid&#8221;][vc_column][vc_empty_space height=&#8221;10px&#8221; css=&#8221;.vc_custom_1706522681823{background-color: #bfaf97 !important;}&#8221;][\/vc_column][\/vc_row][vc_row type=&#8221;grid&#8221;][vc_column][vc_separator transparency=&#8221;0&#8243; down=&#8221;30&#8243;][\/vc_column][\/vc_row][vc_row type=&#8221;grid&#8221; anchor=&#8221;oeffnungszeiten&#8221;][vc_column width=&#8221;1\/2&#8243; offset=&#8221;vc_hidden-md vc_hidden-sm vc_hidden-xs&#8221;][vc_column_text]<\/p>\n<h2>Flying shows<\/h2>\n<p>[\/vc_column_text][vc_separator transparency=&#8221;0&#8243; down=&#8221;50&#8243;][vc_column_text]<\/p>\n<table class=\"flug_tgl\">\n<tbody>\n<tr>\n<td>from 5th of April<\/td>\n<td><\/td>\n<td><\/td>\n<td><\/td>\n<td><\/td>\n<\/tr>\n<tr>\n<td>Monday &#8211; Saturday<\/td>\n<td>11:00 am<\/td>\n<td>1:00 pm<\/td>\n<td>3:00 pm<\/td>\n<td>&#8211;<\/td>\n<\/tr>\n<tr>\n<td>Sunday &amp; pub. holiday<\/td>\n<td>11:00 am<\/td>\n<td>1:00 pm<\/td>\n<td>3:00 pm<\/td>\n<td>&#8211;<\/td>\n<\/tr>\n<\/tbody>\n<\/table>\n<p>[\/vc_column_text][vc_separator transparency=&#8221;0&#8243; up=&#8221;20&#8243; down=&#8221;20&#8243;][vc_column_text]<\/p>\n<table class=\"flug_tgl\">\n<tbody>\n<tr>\n<td>May &amp; June<\/td>\n<td><\/td>\n<td><\/td>\n<td><\/td>\n<td><\/td>\n<\/tr>\n<tr>\n<td>Monday &#8211; Saturday<\/td>\n<td>11:00 am<\/td>\n<td>1:00 pm<\/td>\n<td>3:00 pm<\/td>\n<td>&#8211;<\/td>\n<\/tr>\n<tr>\n<td>Sunday &amp; pub. holiday<\/td>\n<td>11:00 am<\/td>\n<td>1:00 pm<\/td>\n<td>3:00 pm<\/td>\n<td>5:00 pm<\/td>\n<\/tr>\n<\/tbody>\n<\/table>\n<p>[\/vc_column_text][vc_separator transparency=&#8221;0&#8243; up=&#8221;20&#8243; down=&#8221;20&#8243;][vc_column_text]<\/p>\n<table class=\"flug_tgl\">\n<tbody>\n<tr>\n<td>July &amp; August<\/td>\n<td><\/td>\n<td><\/td>\n<td><\/td>\n<td><\/td>\n<\/tr>\n<tr>\n<td>Monday &#8211; Sunday<\/td>\n<td>11:00 am<\/td>\n<td>1:00 pm<\/td>\n<td>3:00 pm<\/td>\n<td>5:00 pm<\/td>\n<\/tr>\n<tr>\n<td>Pub. Holiday<\/td>\n<td>11:00 am<\/td>\n<td>1:00 pm<\/td>\n<td>3:00 pm<\/td>\n<td>5:00 pm<\/td>\n<\/tr>\n<\/tbody>\n<\/table>\n<p>[\/vc_column_text][vc_separator transparency=&#8221;0&#8243; up=&#8221;20&#8243; down=&#8221;20&#8243;][vc_column_text]<\/p>\n<table class=\"flug_tgl\">\n<tbody>\n<tr>\n<td>September<\/td>\n<td><\/td>\n<td><\/td>\n<td><\/td>\n<td><\/td>\n<\/tr>\n<tr>\n<td>Monday &#8211; Saturday<\/td>\n<td>11:00 am<\/td>\n<td>1:00 pm<\/td>\n<td>3:00 pm<\/td>\n<td>&#8211;<\/td>\n<\/tr>\n<tr>\n<td>Sunday &amp; Pub. Holiday<\/td>\n<td>11:00 am<\/td>\n<td>1:00 pm<\/td>\n<td>3:00 pm<\/td>\n<td>5:00 pm<\/td>\n<\/tr>\n<\/tbody>\n<\/table>\n<p>[\/vc_column_text][vc_separator transparency=&#8221;0&#8243; up=&#8221;20&#8243; down=&#8221;20&#8243;][vc_column_text]<\/p>\n<table class=\"flug_tgl\">\n<tbody>\n<tr>\n<td>October<\/td>\n<td><\/td>\n<td><\/td>\n<td><\/td>\n<td><\/td>\n<\/tr>\n<tr>\n<td>Monday &#8211; Sunday<\/td>\n<td>11:00 am<\/td>\n<td>1:00 pm<\/td>\n<td>3:00 pm<\/td>\n<td>&#8211;<\/td>\n<\/tr>\n<tr>\n<td>Pub. Holiday<\/td>\n<td>11:00 am<\/td>\n<td>1:00 pm<\/td>\n<td>3:00 pm<\/td>\n<td>&#8211;<\/td>\n<\/tr>\n<\/tbody>\n<\/table>\n<p>[\/vc_column_text][vc_separator transparency=&#8221;0&#8243; up=&#8221;20&#8243; down=&#8221;20&#8243;][\/vc_column][vc_column width=&#8221;1\/2&#8243; offset=&#8221;vc_hidden-md vc_hidden-sm vc_hidden-xs&#8221;][vc_column_text]<\/p>\n<h2>Opening hours<\/h2>\n<p>[\/vc_column_text][vc_separator transparency=&#8221;0&#8243; down=&#8221;50&#8243;][vc_column_text]<\/p>\n<table class=\"oeffnungszeiten_tgl\">\n<tbody>\n<tr>\n<td>from 5th of April<\/td>\n<td><\/td>\n<\/tr>\n<tr>\n<td>Monday &#8211; Saturday<\/td>\n<td>10:30 am \u2013 4:00 pm<\/td>\n<\/tr>\n<tr>\n<td>Sunday and pub. holiday<\/td>\n<td>10:30 am \u2013 6:00 pm<\/td>\n<\/tr>\n<\/tbody>\n<\/table>\n<p>[\/vc_column_text][vc_separator transparency=&#8221;0&#8243; up=&#8221;20&#8243; down=&#8221;20&#8243;][vc_column_text]<\/p>\n<table class=\"oeffnungszeiten_tgl\">\n<tbody>\n<tr>\n<td>May &amp; June<\/td>\n<td><\/td>\n<\/tr>\n<tr>\n<td>Monday &#8211; Saturday<\/td>\n<td>10:30 am \u2013 4:00 pm<\/td>\n<\/tr>\n<tr>\n<td>Sunday and pub. holiday<\/td>\n<td>10:30 am \u2013 6:00 pm<\/td>\n<\/tr>\n<\/tbody>\n<\/table>\n<p>[\/vc_column_text][vc_separator transparency=&#8221;0&#8243; up=&#8221;20&#8243; down=&#8221;20&#8243;][vc_column_text]<\/p>\n<table class=\"oeffnungszeiten_tgl\">\n<tbody>\n<tr>\n<td>July &amp; August<\/td>\n<td><\/td>\n<\/tr>\n<tr>\n<td>Monday &#8211; Sunday<\/td>\n<td>10:30 am \u2013 6:00 pm<\/td>\n<\/tr>\n<tr>\n<td>Pub. Holiday<\/td>\n<td>10:30 am \u2013 6:00 pm<\/td>\n<\/tr>\n<\/tbody>\n<\/table>\n<p>[\/vc_column_text][vc_separator transparency=&#8221;0&#8243; up=&#8221;20&#8243; down=&#8221;20&#8243;][vc_column_text]<\/p>\n<table class=\"oeffnungszeiten_tgl\">\n<tbody>\n<tr>\n<td>September<\/td>\n<td><\/td>\n<\/tr>\n<tr>\n<td>Monday &#8211; Saturday<\/td>\n<td>10:30 am \u2013 4:00 pm<\/td>\n<\/tr>\n<tr>\n<td>Sunday &amp; pub. Holiday<\/td>\n<td>10:30 am \u2013 6:00 pm<\/td>\n<\/tr>\n<\/tbody>\n<\/table>\n<p>[\/vc_column_text][vc_separator transparency=&#8221;0&#8243; up=&#8221;20&#8243; down=&#8221;20&#8243;][vc_column_text]<\/p>\n<table class=\"oeffnungszeiten_tgl\">\n<tbody>\n<tr>\n<td>October<\/td>\n<td><\/td>\n<\/tr>\n<tr>\n<td>Monday &#8211; Sunday<\/td>\n<td>10:30 am \u2013 4:00 pm<\/td>\n<\/tr>\n<tr>\n<td>Pub. Holiday<\/td>\n<td>10:30 am \u2013 4:00 pm<\/td>\n<\/tr>\n<\/tbody>\n<\/table>\n<p>[\/vc_column_text][vc_separator transparency=&#8221;0&#8243; up=&#8221;20&#8243; down=&#8221;20&#8243;][\/vc_column][\/vc_row][vc_row type=&#8221;grid&#8221; anchor=&#8221;oeffnungszeiten&#8221;][vc_column offset=&#8221;vc_hidden-lg&#8221;][vc_column_text]<\/p>\n<h2 style=\"text-align: center;\">Flying shows<\/h2>\n<p>[\/vc_column_text][vc_separator transparency=&#8221;0&#8243; down=&#8221;50&#8243;][vc_column_text]<\/p>\n<p style=\"text-align: center;\"><strong>from 5th of April<\/strong><\/p>\n<p style=\"text-align: center;\"><strong>Monday \u2013 Saturday<\/strong><br \/>\n11 am | 1 pm | 3 pm<br \/>\n<strong>Sunday &amp; pub. holiday<\/strong><br \/>\n11 am | 1 pm | 3 pm<\/p>\n<p>[\/vc_column_text][vc_separator transparency=&#8221;0&#8243; up=&#8221;10&#8243; down=&#8221;10&#8243;][vc_column_text]<\/p>\n<p style=\"text-align: center;\"><strong>May &amp; June<\/strong><\/p>\n<p style=\"text-align: center;\"><strong>Monday \u2013 Saturday<\/strong><br \/>\n11 am | 1 pm | 3 pm<br \/>\n<strong>Sunday &amp; pub. holiday<\/strong><br \/>\n11 am | 1 pm | 3 pm | 5 pm<\/p>\n<p>[\/vc_column_text][vc_separator transparency=&#8221;0&#8243; up=&#8221;10&#8243; down=&#8221;10&#8243;][vc_column_text]<\/p>\n<p style=\"text-align: center;\">&#8211;<\/p>\n<p>[\/vc_column_text][vc_separator transparency=&#8221;0&#8243; up=&#8221;10&#8243; down=&#8221;10&#8243;][vc_column_text]<\/p>\n<p style=\"text-align: center;\"><strong>July &amp; August<\/strong><\/p>\n<p style=\"text-align: center;\"><strong>Monday \u2013 Sunday<\/strong><br \/>\n11 am | 1 pm | 3 pm | 5 pm<br \/>\n<strong>Pub. Holiday<\/strong><br \/>\n11 am | 1 pm | 3 pm | 5 pm<\/p>\n<p>[\/vc_column_text][vc_separator transparency=&#8221;0&#8243; up=&#8221;10&#8243; down=&#8221;10&#8243;][vc_column_text]<\/p>\n<p style=\"text-align: center;\">&#8211;<\/p>\n<p>[\/vc_column_text][vc_separator transparency=&#8221;0&#8243; up=&#8221;10&#8243; down=&#8221;10&#8243;][vc_column_text]<\/p>\n<p style=\"text-align: center;\"><strong>September<\/strong><\/p>\n<p style=\"text-align: center;\"><strong>Monday \u2013 Saturday<\/strong><br \/>\n11 am | 1 pm | 3 pm<br \/>\n<strong>Sunday &amp; Pub. Holiday<\/strong><br \/>\n11 am | 1 pm | 3 pm | 5 pm<\/p>\n<p>[\/vc_column_text][vc_separator transparency=&#8221;0&#8243; up=&#8221;10&#8243; down=&#8221;10&#8243;][vc_column_text]<\/p>\n<p style=\"text-align: center;\">&#8211;<\/p>\n<p>[\/vc_column_text][vc_separator transparency=&#8221;0&#8243; up=&#8221;10&#8243; down=&#8221;10&#8243;][vc_column_text]<\/p>\n<p style=\"text-align: center;\"><strong>October<\/strong><\/p>\n<p style=\"text-align: center;\"><strong>Monday \u2013 Sunday<\/strong><br \/>\n11 am | 1 pm | 3 pm<br \/>\n<strong>Pub. Holiday<br \/>\n<\/strong>11 am | 1 pm | 3 pm<\/p>\n<p>[\/vc_column_text][vc_separator transparency=&#8221;0&#8243; up=&#8221;50&#8243;][vc_column_text]<\/p>\n<h2 style=\"text-align: center;\">Opening hours<\/h2>\n<p>[\/vc_column_text][vc_separator transparency=&#8221;0&#8243; up=&#8221;30&#8243;][vc_column_text]<\/p>\n<p style=\"text-align: center;\"><strong>from 5th of April, May &amp; June<\/strong><\/p>\n<p style=\"text-align: center;\"><strong>Monday \u2013 Saturday<\/strong><br \/>\n10:30 am \u2013 4 pm<br \/>\n<strong>Sunday and pub. holiday<\/strong><br \/>\n10:30 am \u2013 6 pm<\/p>\n<p>[\/vc_column_text][vc_separator transparency=&#8221;0&#8243; up=&#8221;10&#8243; down=&#8221;10&#8243;][vc_column_text]<\/p>\n<p style=\"text-align: center;\">&#8211;<\/p>\n<p>[\/vc_column_text][vc_separator transparency=&#8221;0&#8243; up=&#8221;10&#8243; down=&#8221;10&#8243;][vc_column_text]<\/p>\n<p style=\"text-align: center;\"><strong>July &amp; August<\/strong><\/p>\n<p style=\"text-align: center;\"><strong>Monday \u2013 Sunday<\/strong><br \/>\n10:30 am \u2013 6 pm<br \/>\n<strong>Pub. Holiday<\/strong><br \/>\n10:30 am \u2013 6 pm<\/p>\n<p>[\/vc_column_text][vc_separator transparency=&#8221;0&#8243; up=&#8221;10&#8243; down=&#8221;10&#8243;][vc_column_text]<\/p>\n<p style=\"text-align: center;\">&#8211;<\/p>\n<p>[\/vc_column_text][vc_separator transparency=&#8221;0&#8243; up=&#8221;10&#8243; down=&#8221;10&#8243;][vc_column_text]<\/p>\n<p style=\"text-align: center;\"><strong>September<\/strong><\/p>\n<p style=\"text-align: center;\"><strong>Monday \u2013 Saturday<\/strong><br \/>\n10:30 am \u2013 4 pm<br \/>\n<strong>Sunday &amp; pub. Holiday<\/strong><br \/>\n10:30 am \u2013 6 pm<\/p>\n<p>[\/vc_column_text][vc_separator transparency=&#8221;0&#8243; up=&#8221;10&#8243; down=&#8221;10&#8243;][vc_column_text]<\/p>\n<p style=\"text-align: center;\">&#8211;<\/p>\n<p>[\/vc_column_text][vc_separator transparency=&#8221;0&#8243; up=&#8221;10&#8243; down=&#8221;10&#8243;][vc_column_text]<\/p>\n<p style=\"text-align: center;\"><strong>October<\/strong><\/p>\n<p style=\"text-align: center;\"><strong>Monday \u2013 Sunday<\/strong><br \/>\n10:30 am \u2013 4 pm<br \/>\n<strong>Pub. Holiday<\/strong><br \/>\n10:30 am \u2013 4 pm<\/p>\n<p>[\/vc_column_text][vc_separator transparency=&#8221;0&#8243; up=&#8221;10&#8243; down=&#8221;50&#8243;][\/vc_column][\/vc_row][vc_row type=&#8221;grid&#8221;][vc_column][vc_column_text]*<\/p>\n<ul>\n<li><big><strong>Seating cannot be reserved<\/strong> because no seats are numbered.<\/big><\/li>\n<li><big>Arrive about <strong>half an hour before<\/strong> your selected <strong>show starts<\/strong> in order to select a place to sit.<\/big><\/li>\n<li><big>Dogs may be brought on the lead.<\/big><\/li>\n<\/ul>\n<p>[\/vc_column_text][vc_separator transparency=&#8221;0&#8243; down=&#8221;80&#8243;][\/vc_column][\/vc_row]<\/p>\n<\/div>","protected":false},"excerpt":{"rendered":"<p>[vc_row type=&#8221;grid&#8221;][vc_column][vc_empty_space][vc_column_text] Eagle Arena [\/vc_column_text][vc_separator transparency=&#8221;0&#8243; down=&#8221;30&#8243;][\/vc_column][\/vc_row][vc_row type=&#8221;grid&#8221;][vc_column][vc_empty_space height=&#8221;10px&#8221; css=&#8221;.vc_custom_1706522681823{background-color: #bfaf97 !important;}&#8221;][\/vc_column][\/vc_row][vc_row type=&#8221;grid&#8221;][vc_column][vc_separator transparency=&#8221;0&#8243; down=&#8221;30&#8243;][\/vc_column][\/vc_row][vc_row type=&#8221;grid&#8221; anchor=&#8221;oeffnungszeiten&#8221;][vc_column width=&#8221;1\/2&#8243; offset=&#8221;vc_hidden-md vc_hidden-sm vc_hidden-xs&#8221;][vc_column_text] Flying shows [\/vc_column_text][vc_separator transparency=&#8221;0&#8243; down=&#8221;50&#8243;][vc_column_text] from 5th of April Monday &#8211; Saturday 11:00 am 1:00 pm 3:00 pm &#8211; Sunday &amp; pub. holiday 11:00&#8230;<\/p>\n","protected":false},"author":1,"featured_media":20852,"parent":0,"menu_order":0,"comment_status":"open","ping_status":"closed","template":"full_width.php","meta":{"footnotes":""},"class_list":["post-20675","page","type-page","status-publish","has-post-thumbnail","hentry"],"yoast_head":"<!-- This site is optimized with the Yoast SEO plugin v27.3 - https:\/\/yoast.com\/product\/yoast-seo-wordpress\/ -->\n<title>Opening Hours - Adlerarena Landskron<\/title>\n<meta name=\"robots\" content=\"index, follow, max-snippet:-1, max-image-preview:large, max-video-preview:-1\" \/>\n<link rel=\"canonical\" href=\"https:\/\/adlerarena.com\/oeffnungszeiten-2020\/\" \/>\n<meta property=\"og:locale\" content=\"en_US\" \/>\n<meta property=\"og:type\" content=\"article\" \/>\n<meta property=\"og:title\" content=\"Opening Hours - Adlerarena Landskron\" \/>\n<meta property=\"og:description\" content=\"[vc_row type=&#8221;grid&#8221;][vc_column][vc_empty_space][vc_column_text] Eagle Arena [\/vc_column_text][vc_separator transparency=&#8221;0&#8243; down=&#8221;30&#8243;][\/vc_column][\/vc_row][vc_row type=&#8221;grid&#8221;][vc_column][vc_empty_space height=&#8221;10px&#8221; css=&#8221;.vc_custom_1706522681823{background-color: #bfaf97 !important;}&#8221;][\/vc_column][\/vc_row][vc_row type=&#8221;grid&#8221;][vc_column][vc_separator transparency=&#8221;0&#8243; down=&#8221;30&#8243;][\/vc_column][\/vc_row][vc_row type=&#8221;grid&#8221; anchor=&#8221;oeffnungszeiten&#8221;][vc_column width=&#8221;1\/2&#8243; offset=&#8221;vc_hidden-md vc_hidden-sm vc_hidden-xs&#8221;][vc_column_text] Flying shows [\/vc_column_text][vc_separator transparency=&#8221;0&#8243; down=&#8221;50&#8243;][vc_column_text] from 5th of April Monday &#8211; Saturday 11:00 am 1:00 pm 3:00 pm &#8211; Sunday &amp; pub. holiday 11:00...\" \/>\n<meta property=\"og:url\" content=\"https:\/\/adlerarena.com\/oeffnungszeiten-2020\/\" \/>\n<meta property=\"og:site_name\" content=\"Adlerarena Landskron\" \/>\n<meta property=\"article:publisher\" content=\"https:\/\/www.facebook.com\/AdlerarenaLandskron\/\" \/>\n<meta property=\"article:modified_time\" content=\"2025-11-10T08:47:56+00:00\" \/>\n<meta property=\"og:image\" content=\"https:\/\/adlerarena.com\/wp-content\/uploads\/2020\/07\/\u00d6ffnungszeiten-Adlerarena-Burg-Landskron-K\u00e4rnten-Villach.jpg\" \/>\n\t<meta property=\"og:image:width\" content=\"1538\" \/>\n\t<meta property=\"og:image:height\" content=\"1024\" \/>\n\t<meta property=\"og:image:type\" content=\"image\/jpeg\" \/>\n<meta name=\"twitter:card\" content=\"summary_large_image\" \/>\n<meta name=\"twitter:label1\" content=\"Est. reading time\" \/>\n\t<meta name=\"twitter:data1\" content=\"4 minutes\" \/>\n<script type=\"application\/ld+json\" class=\"yoast-schema-graph\">{\"@context\":\"https:\\\/\\\/schema.org\",\"@graph\":[{\"@type\":\"WebPage\",\"@id\":\"https:\\\/\\\/adlerarena.com\\\/en\\\/opening-hours\\\/\",\"url\":\"https:\\\/\\\/adlerarena.com\\\/oeffnungszeiten-2020\\\/\",\"name\":\"Opening Hours - Adlerarena Landskron\",\"isPartOf\":{\"@id\":\"https:\\\/\\\/adlerarena.com\\\/#website\"},\"primaryImageOfPage\":{\"@id\":\"https:\\\/\\\/adlerarena.com\\\/oeffnungszeiten-2020\\\/#primaryimage\"},\"image\":{\"@id\":\"https:\\\/\\\/adlerarena.com\\\/oeffnungszeiten-2020\\\/#primaryimage\"},\"thumbnailUrl\":\"https:\\\/\\\/adlerarena.com\\\/wp-content\\\/uploads\\\/2020\\\/07\\\/\u00d6ffnungszeiten-Adlerarena-Burg-Landskron-K\u00e4rnten-Villach.jpg\",\"datePublished\":\"2020-05-20T06:42:07+00:00\",\"dateModified\":\"2025-11-10T08:47:56+00:00\",\"breadcrumb\":{\"@id\":\"https:\\\/\\\/adlerarena.com\\\/oeffnungszeiten-2020\\\/#breadcrumb\"},\"inLanguage\":\"en-US\",\"potentialAction\":[{\"@type\":\"ReadAction\",\"target\":[\"https:\\\/\\\/adlerarena.com\\\/oeffnungszeiten-2020\\\/\"]}]},{\"@type\":\"ImageObject\",\"inLanguage\":\"en-US\",\"@id\":\"https:\\\/\\\/adlerarena.com\\\/oeffnungszeiten-2020\\\/#primaryimage\",\"url\":\"https:\\\/\\\/adlerarena.com\\\/wp-content\\\/uploads\\\/2020\\\/07\\\/\u00d6ffnungszeiten-Adlerarena-Burg-Landskron-K\u00e4rnten-Villach.jpg\",\"contentUrl\":\"https:\\\/\\\/adlerarena.com\\\/wp-content\\\/uploads\\\/2020\\\/07\\\/\u00d6ffnungszeiten-Adlerarena-Burg-Landskron-K\u00e4rnten-Villach.jpg\",\"width\":1538,\"height\":1024,\"caption\":\"Adlerarena Burg Landskron ge\u00f6ffnet (c) CP\"},{\"@type\":\"BreadcrumbList\",\"@id\":\"https:\\\/\\\/adlerarena.com\\\/oeffnungszeiten-2020\\\/#breadcrumb\",\"itemListElement\":[{\"@type\":\"ListItem\",\"position\":1,\"name\":\"Startseite\",\"item\":\"https:\\\/\\\/adlerarena.com\\\/en\\\/\"},{\"@type\":\"ListItem\",\"position\":2,\"name\":\"Opening Hours\"}]},{\"@type\":\"WebSite\",\"@id\":\"https:\\\/\\\/adlerarena.com\\\/#website\",\"url\":\"https:\\\/\\\/adlerarena.com\\\/\",\"name\":\"Adlerarena Landskron\",\"description\":\"Adler-Flugschau Burg Landskron mit Europas einzigartigem Greifvogelpark\",\"publisher\":{\"@id\":\"https:\\\/\\\/adlerarena.com\\\/#organization\"},\"potentialAction\":[{\"@type\":\"SearchAction\",\"target\":{\"@type\":\"EntryPoint\",\"urlTemplate\":\"https:\\\/\\\/adlerarena.com\\\/?s={search_term_string}\"},\"query-input\":{\"@type\":\"PropertyValueSpecification\",\"valueRequired\":true,\"valueName\":\"search_term_string\"}}],\"inLanguage\":\"en-US\"},{\"@type\":\"Organization\",\"@id\":\"https:\\\/\\\/adlerarena.com\\\/#organization\",\"name\":\"Adlerarena Burg Landskron\",\"url\":\"https:\\\/\\\/adlerarena.com\\\/\",\"logo\":{\"@type\":\"ImageObject\",\"inLanguage\":\"en-US\",\"@id\":\"https:\\\/\\\/adlerarena.com\\\/#\\\/schema\\\/logo\\\/image\\\/\",\"url\":\"https:\\\/\\\/adlerarena.com\\\/wp-content\\\/uploads\\\/2020\\\/07\\\/Adlerarena-Burg-Landskron-Logo.png\",\"contentUrl\":\"https:\\\/\\\/adlerarena.com\\\/wp-content\\\/uploads\\\/2020\\\/07\\\/Adlerarena-Burg-Landskron-Logo.png\",\"width\":246,\"height\":150,\"caption\":\"Adlerarena Burg Landskron\"},\"image\":{\"@id\":\"https:\\\/\\\/adlerarena.com\\\/#\\\/schema\\\/logo\\\/image\\\/\"},\"sameAs\":[\"https:\\\/\\\/www.facebook.com\\\/AdlerarenaLandskron\\\/\",\"https:\\\/\\\/www.instagram.com\\\/adlerarena_burglandskron\\\/\",\"https:\\\/\\\/www.pinterest.at\\\/AdlerarenaBurgLandskron\\\/\",\"https:\\\/\\\/de.wikipedia.org\\\/wiki\\\/Adlerarena_Burg_Landskron\"]}]}<\/script>\n<!-- \/ Yoast SEO plugin. -->","yoast_head_json":{"title":"Opening Hours - Adlerarena Landskron","robots":{"index":"index","follow":"follow","max-snippet":"max-snippet:-1","max-image-preview":"max-image-preview:large","max-video-preview":"max-video-preview:-1"},"canonical":"https:\/\/adlerarena.com\/oeffnungszeiten-2020\/","og_locale":"en_US","og_type":"article","og_title":"Opening Hours - Adlerarena Landskron","og_description":"[vc_row type=&#8221;grid&#8221;][vc_column][vc_empty_space][vc_column_text] Eagle Arena [\/vc_column_text][vc_separator transparency=&#8221;0&#8243; down=&#8221;30&#8243;][\/vc_column][\/vc_row][vc_row type=&#8221;grid&#8221;][vc_column][vc_empty_space height=&#8221;10px&#8221; css=&#8221;.vc_custom_1706522681823{background-color: #bfaf97 !important;}&#8221;][\/vc_column][\/vc_row][vc_row type=&#8221;grid&#8221;][vc_column][vc_separator transparency=&#8221;0&#8243; down=&#8221;30&#8243;][\/vc_column][\/vc_row][vc_row type=&#8221;grid&#8221; anchor=&#8221;oeffnungszeiten&#8221;][vc_column width=&#8221;1\/2&#8243; offset=&#8221;vc_hidden-md vc_hidden-sm vc_hidden-xs&#8221;][vc_column_text] Flying shows [\/vc_column_text][vc_separator transparency=&#8221;0&#8243; down=&#8221;50&#8243;][vc_column_text] from 5th of April Monday &#8211; Saturday 11:00 am 1:00 pm 3:00 pm &#8211; Sunday &amp; pub. holiday 11:00...","og_url":"https:\/\/adlerarena.com\/oeffnungszeiten-2020\/","og_site_name":"Adlerarena Landskron","article_publisher":"https:\/\/www.facebook.com\/AdlerarenaLandskron\/","article_modified_time":"2025-11-10T08:47:56+00:00","og_image":[{"width":1538,"height":1024,"url":"https:\/\/adlerarena.com\/wp-content\/uploads\/2020\/07\/\u00d6ffnungszeiten-Adlerarena-Burg-Landskron-K\u00e4rnten-Villach.jpg","type":"image\/jpeg"}],"twitter_card":"summary_large_image","twitter_misc":{"Est. reading time":"4 minutes"},"schema":{"@context":"https:\/\/schema.org","@graph":[{"@type":"WebPage","@id":"https:\/\/adlerarena.com\/en\/opening-hours\/","url":"https:\/\/adlerarena.com\/oeffnungszeiten-2020\/","name":"Opening Hours - Adlerarena Landskron","isPartOf":{"@id":"https:\/\/adlerarena.com\/#website"},"primaryImageOfPage":{"@id":"https:\/\/adlerarena.com\/oeffnungszeiten-2020\/#primaryimage"},"image":{"@id":"https:\/\/adlerarena.com\/oeffnungszeiten-2020\/#primaryimage"},"thumbnailUrl":"https:\/\/adlerarena.com\/wp-content\/uploads\/2020\/07\/\u00d6ffnungszeiten-Adlerarena-Burg-Landskron-K\u00e4rnten-Villach.jpg","datePublished":"2020-05-20T06:42:07+00:00","dateModified":"2025-11-10T08:47:56+00:00","breadcrumb":{"@id":"https:\/\/adlerarena.com\/oeffnungszeiten-2020\/#breadcrumb"},"inLanguage":"en-US","potentialAction":[{"@type":"ReadAction","target":["https:\/\/adlerarena.com\/oeffnungszeiten-2020\/"]}]},{"@type":"ImageObject","inLanguage":"en-US","@id":"https:\/\/adlerarena.com\/oeffnungszeiten-2020\/#primaryimage","url":"https:\/\/adlerarena.com\/wp-content\/uploads\/2020\/07\/\u00d6ffnungszeiten-Adlerarena-Burg-Landskron-K\u00e4rnten-Villach.jpg","contentUrl":"https:\/\/adlerarena.com\/wp-content\/uploads\/2020\/07\/\u00d6ffnungszeiten-Adlerarena-Burg-Landskron-K\u00e4rnten-Villach.jpg","width":1538,"height":1024,"caption":"Adlerarena Burg Landskron ge\u00f6ffnet (c) CP"},{"@type":"BreadcrumbList","@id":"https:\/\/adlerarena.com\/oeffnungszeiten-2020\/#breadcrumb","itemListElement":[{"@type":"ListItem","position":1,"name":"Startseite","item":"https:\/\/adlerarena.com\/en\/"},{"@type":"ListItem","position":2,"name":"Opening Hours"}]},{"@type":"WebSite","@id":"https:\/\/adlerarena.com\/#website","url":"https:\/\/adlerarena.com\/","name":"Adlerarena Landskron","description":"Adler-Flugschau Burg Landskron mit Europas einzigartigem Greifvogelpark","publisher":{"@id":"https:\/\/adlerarena.com\/#organization"},"potentialAction":[{"@type":"SearchAction","target":{"@type":"EntryPoint","urlTemplate":"https:\/\/adlerarena.com\/?s={search_term_string}"},"query-input":{"@type":"PropertyValueSpecification","valueRequired":true,"valueName":"search_term_string"}}],"inLanguage":"en-US"},{"@type":"Organization","@id":"https:\/\/adlerarena.com\/#organization","name":"Adlerarena Burg Landskron","url":"https:\/\/adlerarena.com\/","logo":{"@type":"ImageObject","inLanguage":"en-US","@id":"https:\/\/adlerarena.com\/#\/schema\/logo\/image\/","url":"https:\/\/adlerarena.com\/wp-content\/uploads\/2020\/07\/Adlerarena-Burg-Landskron-Logo.png","contentUrl":"https:\/\/adlerarena.com\/wp-content\/uploads\/2020\/07\/Adlerarena-Burg-Landskron-Logo.png","width":246,"height":150,"caption":"Adlerarena Burg Landskron"},"image":{"@id":"https:\/\/adlerarena.com\/#\/schema\/logo\/image\/"},"sameAs":["https:\/\/www.facebook.com\/AdlerarenaLandskron\/","https:\/\/www.instagram.com\/adlerarena_burglandskron\/","https:\/\/www.pinterest.at\/AdlerarenaBurgLandskron\/","https:\/\/de.wikipedia.org\/wiki\/Adlerarena_Burg_Landskron"]}]}},"_links":{"self":[{"href":"https:\/\/adlerarena.com\/en\/wp-json\/wp\/v2\/pages\/20675","targetHints":{"allow":["GET"]}}],"collection":[{"href":"https:\/\/adlerarena.com\/en\/wp-json\/wp\/v2\/pages"}],"about":[{"href":"https:\/\/adlerarena.com\/en\/wp-json\/wp\/v2\/types\/page"}],"author":[{"embeddable":true,"href":"https:\/\/adlerarena.com\/en\/wp-json\/wp\/v2\/users\/1"}],"replies":[{"embeddable":true,"href":"https:\/\/adlerarena.com\/en\/wp-json\/wp\/v2\/comments?post=20675"}],"version-history":[{"count":36,"href":"https:\/\/adlerarena.com\/en\/wp-json\/wp\/v2\/pages\/20675\/revisions"}],"predecessor-version":[{"id":23217,"href":"https:\/\/adlerarena.com\/en\/wp-json\/wp\/v2\/pages\/20675\/revisions\/23217"}],"wp:featuredmedia":[{"embeddable":true,"href":"https:\/\/adlerarena.com\/en\/wp-json\/wp\/v2\/media\/20852"}],"wp:attachment":[{"href":"https:\/\/adlerarena.com\/en\/wp-json\/wp\/v2\/media?parent=20675"}],"curies":[{"name":"wp","href":"https:\/\/api.w.org\/{rel}","templated":true}]}}