{"id":16828,"date":"2014-05-12T09:15:44","date_gmt":"2014-05-12T09:15:44","guid":{"rendered":"http:\/\/adlerarena.epsimec.com\/home-7\/"},"modified":"2023-03-13T11:03:54","modified_gmt":"2023-03-13T10:03:54","slug":"home","status":"publish","type":"page","link":"https:\/\/adlerarena.com\/it\/","title":{"rendered":"Home: Esibizione di aquile in carinzia"},"content":{"rendered":"<section class=\"wpb-content-wrapper\"><p>[vc_row type=&#8221;grid&#8221; anchor=&#8221;portfolio&#8221; background_color=&#8221;#ffffff&#8221; padding_top=&#8221;58&#8243; padding_bottom=&#8221;0&#8243;][vc_column][vc_column_text]<\/p>\n<h2 style=\"text-align: center;\">Esibizione di aquile in carinzia<\/h2>\n<p>[\/vc_column_text][vc_separator type=&#8221;transparent&#8221; up=&#8221;0&#8243; down=&#8221;10&#8243;][vc_column_text]<\/p>\n<h4 style=\"text-align: center;\">Zoo di rapaci, unico in Europa<\/h4>\n<p>[\/vc_column_text][vc_separator type=&#8221;transparent&#8221; up=&#8221;0&#8243; down=&#8221;10&#8243;][\/vc_column][\/vc_row][vc_row type=&#8221;grid&#8221; anchor=&#8221;portfolio&#8221; text_align=&#8221;center&#8221; background_color=&#8221;#ffffff&#8221; padding_top=&#8221;58&#8243; padding_bottom=&#8221;0&#8243;][vc_column width=&#8221;1\/4&#8243;][\/vc_column][vc_column width=&#8221;1\/2&#8243;][vc_column_text css=&#8221;.vc_custom_1572190249300{padding-bottom: 15px !important;}&#8221;][\/vc_column_text]<a href=\"https:\/\/adlerarena.com\/it\/orari-di-apertura-2020\/\" target=\"_self\" data-hover-background-color=#96c8f1 data-hover-border-color=#96c8f1  class=\"qbutton  medium center\" style=\"border-color: #bfaf97; font-style: normal; background-color: #bfaf97;\">Agli orari di apertura<\/a>[\/vc_column][vc_column width=&#8221;1\/4&#8243;][\/vc_column][\/vc_row][vc_row type=&#8221;grid&#8221; anchor=&#8221;portfolio&#8221; background_color=&#8221;#ffffff&#8221; padding_top=&#8221;58&#8243; padding_bottom=&#8221;0&#8243;][vc_column][vc_column_text]<\/p>\n<h4 style=\"text-align: center;\">La struttura di protezione animale dell\u2019Adler Arena Burg Landskron \u00e8 un\u2019impresa privata e si mantiene grazie alla vostra visita!<br \/>\nIl vostro biglietto d\u2019entrata da un forte contributo che permette di garantire una vita adatta alla specie con molte uscite di volo libero.<\/h4>\n<h4 style=\"text-align: center;\">Vi ringraziamo molto.<\/h4>\n<p>[\/vc_column_text][vc_separator type=&#8221;transparent&#8221; up=&#8221;45&#8243; down=&#8221;22&#8243;][vc_video link=&#8221;https:\/\/youtu.be\/EDpOOVs4ios&#8221; title=&#8221;1 castello &#8211; 4 attrazioni&#8221;][vc_separator type=&#8221;transparent&#8221; up=&#8221;45&#8243; down=&#8221;22&#8243;][vc_row_inner][vc_column_inner width=&#8221;1\/3&#8243;][vc_single_image image=&#8221;21401&#8243; img_size=&#8221;full&#8221; alignment=&#8221;right&#8221; onclick=&#8221;img_link_large&#8221; qode_css_animation=&#8221;element_from_fade&#8221; transition_delay=&#8221;0.3&#8243;][vc_separator type=&#8221;transparent&#8221; up=&#8221;63&#8243; down=&#8221;0&#8243;][\/vc_column_inner][vc_column_inner width=&#8221;2\/3&#8243;][vc_column_text]<\/p>\n<p>L`intenzione principale di questa mostra \u00e8 la presentazione degli uccelli rapaci pi\u00f9 da vicino e far capire ai visitatori tutto quello che di questi animali meravigliosi \u00e8 degno d`essere noto. I nostri uccelli non sono presi dalla contrada selvaggia ma vengono totalmente dall`allevamento.<\/p>\n<p>[\/vc_column_text][vc_separator type=&#8221;transparent&#8221; up=&#8221;20&#8243; down=&#8221;0&#8243;][vc_column_text]<\/p>\n<p>Durante un`esibizione di circa 40 minuti potrete osservare i nostri uccelli rapaci in volo libero librandosi nelle correnti ascendenti del famoso castello di Landskron. Dopo voli vertiginosi ritornano dal falconiere a pochi passi da voi. Vengono spiegati a fondo anche il comportamento e il modo di vivere di questi animali in parte minacciati dall`estinzione.<\/p>\n<p>[\/vc_column_text][vc_separator type=&#8221;transparent&#8221; up=&#8221;20&#8243; down=&#8221;0&#8243;][\/vc_column_inner][\/vc_row_inner][\/vc_column][\/vc_row][vc_row][vc_column][vc_gmaps link=&#8221;#E-8_JTNDaWZyYW1lJTIwc3JjJTNEJTIyaHR0cHMlM0ElMkYlMkZ3d3cuZ29vZ2xlLmNvbSUyRm1hcHMlMkZlbWJlZCUzRnBiJTNEJTIxMW0xNCUyMTFtOCUyMTFtMyUyMTFkMTA5NTcuMzM4NDU5NDM5MjY4JTIxMmQxMy44OTY2NDUlMjEzZDQ2LjYzOTkwNiUyMTNtMiUyMTFpMTAyNCUyMTJpNzY4JTIxNGYxMy4xJTIxM20zJTIxMW0yJTIxMXMweDAlMjUzQTB4Mzc5NjU1ZTk2ZTIxYWMzMiUyMTJzQWRsZXJhcmVuYSUyQkJ1cmclMkJMYW5kc2tyb24lMjE1ZTAlMjEzbTIlMjExc2RlJTIxMnNhdCUyMTR2MTQ1OTMxNTY5NzM5NCUyNnolM0QxMiUyMiUyMHdpZHRoJTNEJTIyMTAwJTI1JTIyJTIwaGVpZ2h0JTNEJTIyNDAwJTIyJTIwJTIwZnJhbWVib3JkZXIlM0QlMjIwJTIyJTIwc3R5bGUlM0QlMjJib3JkZXIlM0EwJTIyJTIwYWxsb3dmdWxsc2NyZWVuJTNFJTNDJTJGaWZyYW1lJTNF&#8221; size=&#8221;400&#8243;][\/vc_column][\/vc_row][vc_row content_placement=&#8221;middle&#8221; use_row_as_full_screen_section=&#8221;yes&#8221; background_image=&#8221;17058&#8243; padding_top=&#8221;50&#8243; padding_bottom=&#8221;50&#8243;][vc_column width=&#8221;3\/4&#8243;][vc_separator type=&#8221;transparent&#8221; up=&#8221;130&#8243; down=&#8221;0&#8243;][vc_column_text]<\/p>\n<h2 style=\"text-align: center;\"><span style=\"color: #ffffff;\">Clicca qui per <a style=\"color: #ffffff; font-weight: bold;\" href=\"https:\/\/adlerarena.com\/it\/orari-di-apertura\/\"> orari e <\/a><a style=\"color: #ffffff; font-weight: bold;\" href=\"https:\/\/adlerarena.com\/it\/prezzi-e-biglietti\/\"> prezzi<\/a><\/span><\/h2>\n<p>[\/vc_column_text][vc_separator type=&#8221;transparent&#8221; up=&#8221;6&#8243; down=&#8221;23&#8243;][\/vc_column][vc_column width=&#8221;1\/4&#8243;][vc_separator type=&#8221;transparent&#8221; up=&#8221;70&#8243; down=&#8221;0&#8243;][vc_single_image image=&#8221;17027&#8243; img_size=&#8221;full&#8221; onclick=&#8221;custom_link&#8221; img_link_target=&#8221;_blank&#8221; link=&#8221;http:\/\/www.kaerntencard.at\/it\/partner-bonus\/bonuspartner-detail\/adler-arena-burg-landskron-9\/&#8221;][vc_separator type=&#8221;transparent&#8221; up=&#8221;6&#8243; down=&#8221;23&#8243;][\/vc_column][\/vc_row]<\/p>\n<\/section>","protected":false},"excerpt":{"rendered":"<p>[vc_row type=&#8221;grid&#8221; anchor=&#8221;portfolio&#8221; background_color=&#8221;#ffffff&#8221; padding_top=&#8221;58&#8243; padding_bottom=&#8221;0&#8243;][vc_column][vc_column_text] Esibizione di aquile in carinzia [\/vc_column_text][vc_separator type=&#8221;transparent&#8221; up=&#8221;0&#8243; down=&#8221;10&#8243;][vc_column_text] Zoo di rapaci, unico in Europa [\/vc_column_text][vc_separator type=&#8221;transparent&#8221; up=&#8221;0&#8243; down=&#8221;10&#8243;][\/vc_column][\/vc_row][vc_row type=&#8221;grid&#8221; anchor=&#8221;portfolio&#8221; text_align=&#8221;center&#8221; background_color=&#8221;#ffffff&#8221; padding_top=&#8221;58&#8243; padding_bottom=&#8221;0&#8243;][vc_column width=&#8221;1\/4&#8243;][\/vc_column][vc_column width=&#8221;1\/2&#8243;][vc_column_text css=&#8221;.vc_custom_1572190249300{padding-bottom: 15px !important;}&#8221;][\/vc_column_text][\/vc_column][vc_column width=&#8221;1\/4&#8243;][\/vc_column][\/vc_row][vc_row type=&#8221;grid&#8221; anchor=&#8221;portfolio&#8221; background_color=&#8221;#ffffff&#8221; padding_top=&#8221;58&#8243; padding_bottom=&#8221;0&#8243;][vc_column][vc_column_text] La struttura di&#8230;<\/p>\n","protected":false},"author":1,"featured_media":20786,"parent":0,"menu_order":0,"comment_status":"open","ping_status":"closed","template":"full_width.php","meta":{"footnotes":""},"class_list":["post-16828","page","type-page","status-publish","has-post-thumbnail","hentry"],"yoast_head":"<!-- This site is optimized with the Yoast SEO plugin v27.3 - https:\/\/yoast.com\/product\/yoast-seo-wordpress\/ -->\n<title>Zoo di rapaci, unico in Europa - Adlerarena Landskron Carinzia<\/title>\n<meta name=\"description\" content=\"Zoo di rapaci, unico in Europa.\" \/>\n<meta name=\"robots\" content=\"index, follow, max-snippet:-1, max-image-preview:large, max-video-preview:-1\" \/>\n<link rel=\"canonical\" href=\"https:\/\/adlerarena.com\/\" \/>\n<meta property=\"og:locale\" content=\"it_IT\" \/>\n<meta property=\"og:type\" content=\"article\" \/>\n<meta property=\"og:title\" content=\"Zoo di rapaci, unico in Europa - Adlerarena Landskron Carinzia\" \/>\n<meta property=\"og:description\" content=\"Zoo di rapaci, unico in Europa.\" \/>\n<meta property=\"og:url\" content=\"https:\/\/adlerarena.com\/\" \/>\n<meta property=\"og:site_name\" content=\"Adlerarena Landskron\" \/>\n<meta property=\"article:publisher\" content=\"https:\/\/www.facebook.com\/AdlerarenaLandskron\/\" \/>\n<meta property=\"article:modified_time\" content=\"2023-03-13T10:03:54+00:00\" \/>\n<meta name=\"twitter:card\" content=\"summary_large_image\" \/>\n<meta name=\"twitter:label1\" content=\"Tempo di lettura stimato\" \/>\n\t<meta name=\"twitter:data1\" content=\"2 minuti\" \/>\n<script type=\"application\/ld+json\" class=\"yoast-schema-graph\">{\"@context\":\"https:\\\/\\\/schema.org\",\"@graph\":[{\"@type\":\"WebPage\",\"@id\":\"https:\\\/\\\/adlerarena.com\\\/it\\\/\",\"url\":\"https:\\\/\\\/adlerarena.com\\\/\",\"name\":\"Zoo di rapaci, unico in Europa - Adlerarena Landskron Carinzia\",\"isPartOf\":{\"@id\":\"https:\\\/\\\/adlerarena.com\\\/#website\"},\"primaryImageOfPage\":{\"@id\":\"https:\\\/\\\/adlerarena.com\\\/#primaryimage\"},\"image\":{\"@id\":\"https:\\\/\\\/adlerarena.com\\\/#primaryimage\"},\"thumbnailUrl\":\"https:\\\/\\\/adlerarena.com\\\/wp-content\\\/uploads\\\/2020\\\/07\\\/Adlerarena-Burg-Landskron-Villach-K\u00e4rnten-Sehensw\u00fcrdigkeiten.jpg\",\"datePublished\":\"2014-05-12T09:15:44+00:00\",\"dateModified\":\"2023-03-13T10:03:54+00:00\",\"description\":\"Zoo di rapaci, unico in Europa.\",\"breadcrumb\":{\"@id\":\"https:\\\/\\\/adlerarena.com\\\/#breadcrumb\"},\"inLanguage\":\"it-IT\",\"potentialAction\":[{\"@type\":\"ReadAction\",\"target\":[\"https:\\\/\\\/adlerarena.com\\\/\"]}]},{\"@type\":\"ImageObject\",\"inLanguage\":\"it-IT\",\"@id\":\"https:\\\/\\\/adlerarena.com\\\/#primaryimage\",\"url\":\"https:\\\/\\\/adlerarena.com\\\/wp-content\\\/uploads\\\/2020\\\/07\\\/Adlerarena-Burg-Landskron-Villach-K\u00e4rnten-Sehensw\u00fcrdigkeiten.jpg\",\"contentUrl\":\"https:\\\/\\\/adlerarena.com\\\/wp-content\\\/uploads\\\/2020\\\/07\\\/Adlerarena-Burg-Landskron-Villach-K\u00e4rnten-Sehensw\u00fcrdigkeiten.jpg\",\"width\":1200,\"height\":856,\"caption\":\"Wei\u00dfkopfseeadler bei Greifvogelschau in der Adlerarena Burg Landskron\"},{\"@type\":\"BreadcrumbList\",\"@id\":\"https:\\\/\\\/adlerarena.com\\\/#breadcrumb\",\"itemListElement\":[{\"@type\":\"ListItem\",\"position\":1,\"name\":\"Startseite\",\"item\":\"https:\\\/\\\/adlerarena.com\\\/it\\\/\"},{\"@type\":\"ListItem\",\"position\":2,\"name\":\"Home: Esibizione di aquile in carinzia\"}]},{\"@type\":\"WebSite\",\"@id\":\"https:\\\/\\\/adlerarena.com\\\/#website\",\"url\":\"https:\\\/\\\/adlerarena.com\\\/\",\"name\":\"Adlerarena Landskron\",\"description\":\"Adler-Flugschau Burg Landskron mit Europas einzigartigem Greifvogelpark\",\"publisher\":{\"@id\":\"https:\\\/\\\/adlerarena.com\\\/#organization\"},\"potentialAction\":[{\"@type\":\"SearchAction\",\"target\":{\"@type\":\"EntryPoint\",\"urlTemplate\":\"https:\\\/\\\/adlerarena.com\\\/?s={search_term_string}\"},\"query-input\":{\"@type\":\"PropertyValueSpecification\",\"valueRequired\":true,\"valueName\":\"search_term_string\"}}],\"inLanguage\":\"it-IT\"},{\"@type\":\"Organization\",\"@id\":\"https:\\\/\\\/adlerarena.com\\\/#organization\",\"name\":\"Adlerarena Burg Landskron\",\"url\":\"https:\\\/\\\/adlerarena.com\\\/\",\"logo\":{\"@type\":\"ImageObject\",\"inLanguage\":\"it-IT\",\"@id\":\"https:\\\/\\\/adlerarena.com\\\/#\\\/schema\\\/logo\\\/image\\\/\",\"url\":\"https:\\\/\\\/adlerarena.com\\\/wp-content\\\/uploads\\\/2020\\\/07\\\/Adlerarena-Burg-Landskron-Logo.png\",\"contentUrl\":\"https:\\\/\\\/adlerarena.com\\\/wp-content\\\/uploads\\\/2020\\\/07\\\/Adlerarena-Burg-Landskron-Logo.png\",\"width\":246,\"height\":150,\"caption\":\"Adlerarena Burg Landskron\"},\"image\":{\"@id\":\"https:\\\/\\\/adlerarena.com\\\/#\\\/schema\\\/logo\\\/image\\\/\"},\"sameAs\":[\"https:\\\/\\\/www.facebook.com\\\/AdlerarenaLandskron\\\/\",\"https:\\\/\\\/www.instagram.com\\\/adlerarena_burglandskron\\\/\",\"https:\\\/\\\/www.pinterest.at\\\/AdlerarenaBurgLandskron\\\/\",\"https:\\\/\\\/de.wikipedia.org\\\/wiki\\\/Adlerarena_Burg_Landskron\"]}]}<\/script>\n<!-- \/ Yoast SEO plugin. -->","yoast_head_json":{"title":"Zoo di rapaci, unico in Europa - Adlerarena Landskron Carinzia","description":"Zoo di rapaci, unico in Europa.","robots":{"index":"index","follow":"follow","max-snippet":"max-snippet:-1","max-image-preview":"max-image-preview:large","max-video-preview":"max-video-preview:-1"},"canonical":"https:\/\/adlerarena.com\/","og_locale":"it_IT","og_type":"article","og_title":"Zoo di rapaci, unico in Europa - Adlerarena Landskron Carinzia","og_description":"Zoo di rapaci, unico in Europa.","og_url":"https:\/\/adlerarena.com\/","og_site_name":"Adlerarena Landskron","article_publisher":"https:\/\/www.facebook.com\/AdlerarenaLandskron\/","article_modified_time":"2023-03-13T10:03:54+00:00","twitter_card":"summary_large_image","twitter_misc":{"Tempo di lettura stimato":"2 minuti"},"schema":{"@context":"https:\/\/schema.org","@graph":[{"@type":"WebPage","@id":"https:\/\/adlerarena.com\/it\/","url":"https:\/\/adlerarena.com\/","name":"Zoo di rapaci, unico in Europa - Adlerarena Landskron Carinzia","isPartOf":{"@id":"https:\/\/adlerarena.com\/#website"},"primaryImageOfPage":{"@id":"https:\/\/adlerarena.com\/#primaryimage"},"image":{"@id":"https:\/\/adlerarena.com\/#primaryimage"},"thumbnailUrl":"https:\/\/adlerarena.com\/wp-content\/uploads\/2020\/07\/Adlerarena-Burg-Landskron-Villach-K\u00e4rnten-Sehensw\u00fcrdigkeiten.jpg","datePublished":"2014-05-12T09:15:44+00:00","dateModified":"2023-03-13T10:03:54+00:00","description":"Zoo di rapaci, unico in Europa.","breadcrumb":{"@id":"https:\/\/adlerarena.com\/#breadcrumb"},"inLanguage":"it-IT","potentialAction":[{"@type":"ReadAction","target":["https:\/\/adlerarena.com\/"]}]},{"@type":"ImageObject","inLanguage":"it-IT","@id":"https:\/\/adlerarena.com\/#primaryimage","url":"https:\/\/adlerarena.com\/wp-content\/uploads\/2020\/07\/Adlerarena-Burg-Landskron-Villach-K\u00e4rnten-Sehensw\u00fcrdigkeiten.jpg","contentUrl":"https:\/\/adlerarena.com\/wp-content\/uploads\/2020\/07\/Adlerarena-Burg-Landskron-Villach-K\u00e4rnten-Sehensw\u00fcrdigkeiten.jpg","width":1200,"height":856,"caption":"Wei\u00dfkopfseeadler bei Greifvogelschau in der Adlerarena Burg Landskron"},{"@type":"BreadcrumbList","@id":"https:\/\/adlerarena.com\/#breadcrumb","itemListElement":[{"@type":"ListItem","position":1,"name":"Startseite","item":"https:\/\/adlerarena.com\/it\/"},{"@type":"ListItem","position":2,"name":"Home: Esibizione di aquile in carinzia"}]},{"@type":"WebSite","@id":"https:\/\/adlerarena.com\/#website","url":"https:\/\/adlerarena.com\/","name":"Adlerarena Landskron","description":"Adler-Flugschau Burg Landskron mit Europas einzigartigem Greifvogelpark","publisher":{"@id":"https:\/\/adlerarena.com\/#organization"},"potentialAction":[{"@type":"SearchAction","target":{"@type":"EntryPoint","urlTemplate":"https:\/\/adlerarena.com\/?s={search_term_string}"},"query-input":{"@type":"PropertyValueSpecification","valueRequired":true,"valueName":"search_term_string"}}],"inLanguage":"it-IT"},{"@type":"Organization","@id":"https:\/\/adlerarena.com\/#organization","name":"Adlerarena Burg Landskron","url":"https:\/\/adlerarena.com\/","logo":{"@type":"ImageObject","inLanguage":"it-IT","@id":"https:\/\/adlerarena.com\/#\/schema\/logo\/image\/","url":"https:\/\/adlerarena.com\/wp-content\/uploads\/2020\/07\/Adlerarena-Burg-Landskron-Logo.png","contentUrl":"https:\/\/adlerarena.com\/wp-content\/uploads\/2020\/07\/Adlerarena-Burg-Landskron-Logo.png","width":246,"height":150,"caption":"Adlerarena Burg Landskron"},"image":{"@id":"https:\/\/adlerarena.com\/#\/schema\/logo\/image\/"},"sameAs":["https:\/\/www.facebook.com\/AdlerarenaLandskron\/","https:\/\/www.instagram.com\/adlerarena_burglandskron\/","https:\/\/www.pinterest.at\/AdlerarenaBurgLandskron\/","https:\/\/de.wikipedia.org\/wiki\/Adlerarena_Burg_Landskron"]}]}},"_links":{"self":[{"href":"https:\/\/adlerarena.com\/it\/wp-json\/wp\/v2\/pages\/16828","targetHints":{"allow":["GET"]}}],"collection":[{"href":"https:\/\/adlerarena.com\/it\/wp-json\/wp\/v2\/pages"}],"about":[{"href":"https:\/\/adlerarena.com\/it\/wp-json\/wp\/v2\/types\/page"}],"author":[{"embeddable":true,"href":"https:\/\/adlerarena.com\/it\/wp-json\/wp\/v2\/users\/1"}],"replies":[{"embeddable":true,"href":"https:\/\/adlerarena.com\/it\/wp-json\/wp\/v2\/comments?post=16828"}],"version-history":[{"count":42,"href":"https:\/\/adlerarena.com\/it\/wp-json\/wp\/v2\/pages\/16828\/revisions"}],"predecessor-version":[{"id":22388,"href":"https:\/\/adlerarena.com\/it\/wp-json\/wp\/v2\/pages\/16828\/revisions\/22388"}],"wp:featuredmedia":[{"embeddable":true,"href":"https:\/\/adlerarena.com\/it\/wp-json\/wp\/v2\/media\/20786"}],"wp:attachment":[{"href":"https:\/\/adlerarena.com\/it\/wp-json\/wp\/v2\/media?parent=16828"}],"curies":[{"name":"wp","href":"https:\/\/api.w.org\/{rel}","templated":true}]}}