{"id":20679,"date":"2020-05-20T08:42:07","date_gmt":"2020-05-20T06:42:07","guid":{"rendered":"https:\/\/adlerarena.com\/oeffnungszeiten-2020\/"},"modified":"2025-11-10T09:48:23","modified_gmt":"2025-11-10T08:48:23","slug":"orari-di-apertura","status":"publish","type":"page","link":"https:\/\/adlerarena.com\/it\/orari-di-apertura\/","title":{"rendered":"Orari di apertura 2026"},"content":{"rendered":"<section class=\"wpb-content-wrapper\"><p>[vc_row type=&#8221;grid&#8221;][vc_column][vc_empty_space][vc_column_text]<\/p>\n<h2 style=\"text-align: center;\">Adler Arena<\/h2>\n<p>[\/vc_column_text][\/vc_column][\/vc_row][vc_row type=&#8221;grid&#8221;][vc_column][vc_empty_space height=&#8221;10px&#8221; css=&#8221;.vc_custom_1706522779998{background-color: #bfaf97 !important;}&#8221;][\/vc_column][\/vc_row][vc_row type=&#8221;grid&#8221;][vc_column][vc_separator transparency=&#8221;0&#8243; down=&#8221;30&#8243;][\/vc_column][\/vc_row][vc_row type=&#8221;grid&#8221; anchor=&#8221;oeffnungszeiten&#8221;][vc_column width=&#8221;1\/2&#8243; offset=&#8221;vc_hidden-md vc_hidden-sm vc_hidden-xs&#8221;][vc_column_text]<\/p>\n<h2>Orario delle esibaizioni 2026<\/h2>\n<p>[\/vc_column_text][vc_separator transparency=&#8221;0&#8243; down=&#8221;50&#8243;][vc_column_text]<\/p>\n<table class=\"flug_tgl\">\n<tbody>\n<tr>\n<td><span class=\"tlid-translation translation\"><span class=\"\" title=\"\"><span class=\"VIiyi\" lang=\"it\"><span class=\"JLqJ4b ChMk0b\" data-language-for-alternatives=\"it\" data-language-to-translate-into=\"en\" data-phrase-index=\"0\">dal 5 aprile<\/span><\/span><\/span><\/span><\/td>\n<td><\/td>\n<td><\/td>\n<td><\/td>\n<td><\/td>\n<\/tr>\n<tr>\n<td><span class=\"tlid-translation translation\"><span class=\"\" title=\"\">Lunedi &#8211; sabato<\/span><\/span><\/td>\n<td>ore 11.00<\/td>\n<td>ore 13.00<\/td>\n<td>ore 15.00<\/td>\n<td>&#8211;<\/td>\n<\/tr>\n<tr>\n<td><span class=\"tlid-translation translation\"><span class=\"\" title=\"\">Domenica e festivi<\/span><\/span><\/td>\n<td>ore 11.00<\/td>\n<td>ore 13.00<\/td>\n<td>ore 15.00<\/td>\n<td>&#8211;<\/td>\n<\/tr>\n<\/tbody>\n<\/table>\n<p>[\/vc_column_text][vc_separator transparency=&#8221;0&#8243; up=&#8221;20&#8243; down=&#8221;20&#8243;][vc_column_text]<\/p>\n<table class=\"flug_tgl\">\n<tbody>\n<tr>\n<td><span class=\"tlid-translation translation\"><span class=\"\" title=\"\"><span class=\"VIiyi\" lang=\"it\"><span class=\"JLqJ4b ChMk0b\" data-language-for-alternatives=\"it\" data-language-to-translate-into=\"en\" data-phrase-index=\"0\">maggio &amp; giugno<br \/>\n<\/span><\/span><\/span><\/span><\/td>\n<td><\/td>\n<td><\/td>\n<td><\/td>\n<td><\/td>\n<\/tr>\n<tr>\n<td><span class=\"tlid-translation translation\"><span class=\"\" title=\"\">Lunedi &#8211; sabato<\/span><\/span><\/td>\n<td>ore 11.00<\/td>\n<td>ore 13.00<\/td>\n<td>ore 15.00<\/td>\n<td>&#8211;<\/td>\n<\/tr>\n<tr>\n<td><span class=\"tlid-translation translation\"><span class=\"\" title=\"\">Domenica e festivi<\/span><\/span><\/td>\n<td>ore 11.00<\/td>\n<td>ore 13.00<\/td>\n<td>ore 15.00<\/td>\n<td>ore 17.00<\/td>\n<\/tr>\n<\/tbody>\n<\/table>\n<p>[\/vc_column_text][vc_separator transparency=&#8221;0&#8243; up=&#8221;20&#8243; down=&#8221;20&#8243;][vc_column_text]<\/p>\n<table class=\"flug_tgl\">\n<tbody>\n<tr>\n<td><span class=\"tlid-translation translation\"><span class=\"\" title=\"\"><span class=\"VIiyi\" lang=\"it\"><span class=\"JLqJ4b ChMk0b\" data-language-for-alternatives=\"it\" data-language-to-translate-into=\"en\" data-phrase-index=\"0\"><span class=\"JLqJ4b ChMk0b C1N51c\" data-language-for-alternatives=\"it\" data-language-to-translate-into=\"de\" data-phrase-index=\"0\">Luglio e agosto<\/span><\/span><\/span><\/span><\/span><\/td>\n<td><\/td>\n<td><\/td>\n<td><\/td>\n<td><\/td>\n<\/tr>\n<tr>\n<td><span class=\"tlid-translation translation\"><span class=\"\" title=\"\">Lunedi &#8211; Domenica<br \/>\n<\/span><\/span><\/td>\n<td>ore 11.00<\/td>\n<td>ore 13.00<\/td>\n<td>ore 15.00<\/td>\n<td>ore 17.00<\/td>\n<\/tr>\n<tr>\n<td><span class=\"tlid-translation translation\"><span class=\"\" title=\"\">Festivi<\/span><\/span><\/td>\n<td>ore 11.00<\/td>\n<td>ore 13.00<\/td>\n<td>ore 15.00<\/td>\n<td>ore 17.00<\/td>\n<\/tr>\n<\/tbody>\n<\/table>\n<p>[\/vc_column_text][vc_separator transparency=&#8221;0&#8243; up=&#8221;20&#8243; down=&#8221;20&#8243;][vc_column_text]<\/p>\n<table class=\"flug_tgl\">\n<tbody>\n<tr>\n<td><span class=\"tlid-translation translation\"><span class=\"\" title=\"\"><span class=\"VIiyi\" lang=\"it\"><span class=\"JLqJ4b ChMk0b\" data-language-for-alternatives=\"it\" data-language-to-translate-into=\"en\" data-phrase-index=\"0\">Settembre <\/span><\/span><\/span><\/span><\/td>\n<td><\/td>\n<td><\/td>\n<td><\/td>\n<td><\/td>\n<\/tr>\n<tr>\n<td><span class=\"tlid-translation translation\"><span class=\"\" title=\"\">Lunedi &#8211; sabato<\/span><\/span><\/td>\n<td>ore 11.00<\/td>\n<td>ore 13.00<\/td>\n<td>ore 15.00<\/td>\n<td>&#8211;<\/td>\n<\/tr>\n<tr>\n<td><span class=\"tlid-translation translation\"><span class=\"\" title=\"\">Domenica e festivi<\/span><\/span><\/td>\n<td>ore 11.00<\/td>\n<td>ore 13.00<\/td>\n<td>ore 15.00<\/td>\n<td>ore 17.00<\/td>\n<\/tr>\n<\/tbody>\n<\/table>\n<p>[\/vc_column_text][vc_separator transparency=&#8221;0&#8243; up=&#8221;20&#8243; down=&#8221;20&#8243;][vc_column_text]<\/p>\n<table class=\"flug_tgl\">\n<tbody>\n<tr>\n<td>Ottobre<\/td>\n<td><\/td>\n<td><\/td>\n<td><\/td>\n<td><\/td>\n<\/tr>\n<tr>\n<td><span class=\"tlid-translation translation\"><span class=\"\" title=\"\">Lunedi &#8211; domenica<br \/>\n<\/span><\/span><\/td>\n<td>ore 11.00<\/td>\n<td>ore 13.00<\/td>\n<td>ore 15.00<\/td>\n<td>&#8211;<\/td>\n<\/tr>\n<tr>\n<td><span class=\"tlid-translation translation\"><span class=\"\" title=\"\">Festivi<\/span><\/span><\/td>\n<td>ore 11.00<\/td>\n<td>ore 13.00<\/td>\n<td>ore 15.00<\/td>\n<td>&#8211;<\/td>\n<\/tr>\n<\/tbody>\n<\/table>\n<p>[\/vc_column_text][vc_separator transparency=&#8221;0&#8243; up=&#8221;20&#8243; down=&#8221;20&#8243;][\/vc_column][vc_column width=&#8221;1\/2&#8243; offset=&#8221;vc_hidden-md vc_hidden-sm vc_hidden-xs&#8221;][vc_column_text]<\/p>\n<h2>Orario d\u2018entrata 2026<\/h2>\n<p>[\/vc_column_text][vc_separator transparency=&#8221;0&#8243; down=&#8221;50&#8243;][vc_column_text]<\/p>\n<table class=\"oeffnungszeiten_tgl\">\n<tbody>\n<tr>\n<td><span class=\"tlid-translation translation\"><span class=\"\" title=\"\"><span class=\"VIiyi\" lang=\"it\"><span class=\"JLqJ4b ChMk0b\" data-language-for-alternatives=\"it\" data-language-to-translate-into=\"en\" data-phrase-index=\"0\">dal 5 aprile<\/span><\/span><\/span><\/span><\/td>\n<td><\/td>\n<\/tr>\n<tr>\n<td><span class=\"tlid-translation translation\"><span class=\"\" title=\"\">Lunedi &#8211; sabato<\/span><\/span><\/td>\n<td>ore 10.30 ore 16.00<\/td>\n<\/tr>\n<tr>\n<td>Domenica e festivi<\/td>\n<td>ore 10.30 ore 18.00<\/td>\n<\/tr>\n<\/tbody>\n<\/table>\n<p>[\/vc_column_text][vc_separator transparency=&#8221;0&#8243; up=&#8221;20&#8243; down=&#8221;20&#8243;][vc_column_text]<\/p>\n<table class=\"oeffnungszeiten_tgl\">\n<tbody>\n<tr>\n<td><span class=\"tlid-translation translation\"><span class=\"\" title=\"\"><span class=\"VIiyi\" lang=\"it\"><span class=\"JLqJ4b ChMk0b\" data-language-for-alternatives=\"it\" data-language-to-translate-into=\"en\" data-phrase-index=\"0\">maggio &amp; giugno<\/span><\/span><\/span><\/span><\/td>\n<td><\/td>\n<\/tr>\n<tr>\n<td><span class=\"tlid-translation translation\"><span class=\"\" title=\"\">Lunedi &#8211; sabato<\/span><\/span><\/td>\n<td>ore 10.30 ore 16.00<\/td>\n<\/tr>\n<tr>\n<td>Domenica e festivi<\/td>\n<td>ore 10.30 ore 18.00<\/td>\n<\/tr>\n<\/tbody>\n<\/table>\n<p>[\/vc_column_text][vc_separator transparency=&#8221;0&#8243; up=&#8221;20&#8243; down=&#8221;20&#8243;][vc_column_text]<\/p>\n<table class=\"oeffnungszeiten_tgl\">\n<tbody>\n<tr>\n<td><span class=\"tlid-translation translation\"><span class=\"\" title=\"\"><span class=\"VIiyi\" lang=\"it\"><span class=\"JLqJ4b ChMk0b\" data-language-for-alternatives=\"it\" data-language-to-translate-into=\"en\" data-phrase-index=\"0\"><span class=\"JLqJ4b ChMk0b C1N51c\" data-language-for-alternatives=\"it\" data-language-to-translate-into=\"de\" data-phrase-index=\"0\">Luglio e agosto<\/span><\/span><\/span><\/span><\/span><\/td>\n<td><\/td>\n<\/tr>\n<tr>\n<td><span class=\"tlid-translation translation\"><span class=\"\" title=\"\">Lunedi &#8211; domenica<br \/>\n<\/span><\/span><\/td>\n<td>ore 10.30 ore 18.00<\/td>\n<\/tr>\n<tr>\n<td>Festivi<\/td>\n<td>ore 10.30 ore 18.00<\/td>\n<\/tr>\n<\/tbody>\n<\/table>\n<p>[\/vc_column_text][vc_separator transparency=&#8221;0&#8243; up=&#8221;20&#8243; down=&#8221;20&#8243;][vc_column_text]<\/p>\n<table class=\"oeffnungszeiten_tgl\">\n<tbody>\n<tr>\n<td><span class=\"tlid-translation translation\"><span class=\"\" title=\"\"><span class=\"VIiyi\" lang=\"it\"><span class=\"JLqJ4b ChMk0b\" data-language-for-alternatives=\"it\" data-language-to-translate-into=\"en\" data-phrase-index=\"0\">Settembre<\/span><\/span><\/span><\/span><\/td>\n<td><\/td>\n<\/tr>\n<tr>\n<td><span class=\"tlid-translation translation\"><span class=\"\" title=\"\">Lunedi &#8211; sabato<\/span><\/span><\/td>\n<td>ore 10.30 ore 16.00<\/td>\n<\/tr>\n<tr>\n<td>Domenica e festivi<\/td>\n<td>ore 10.30 ore 18.00<\/td>\n<\/tr>\n<\/tbody>\n<\/table>\n<p>[\/vc_column_text][vc_separator transparency=&#8221;0&#8243; up=&#8221;20&#8243; down=&#8221;20&#8243;][vc_column_text]<\/p>\n<table class=\"oeffnungszeiten_tgl\">\n<tbody>\n<tr>\n<td><span class=\"tlid-translation translation\"><span class=\"\" title=\"\"><span class=\"VIiyi\" lang=\"it\"><span class=\"JLqJ4b ChMk0b\" data-language-for-alternatives=\"it\" data-language-to-translate-into=\"en\" data-phrase-index=\"0\">Ottobre\u00a0<\/span><\/span><\/span><\/span><\/td>\n<td><\/td>\n<\/tr>\n<tr>\n<td><span class=\"tlid-translation translation\"><span class=\"\" title=\"\">Lunedi &#8211; domenica<br \/>\n<\/span><\/span><\/td>\n<td>ore 10.30 ore 16.00<\/td>\n<\/tr>\n<tr>\n<td>Festivi<\/td>\n<td>ore 10.30 ore 16.00<\/td>\n<\/tr>\n<\/tbody>\n<\/table>\n<p>[\/vc_column_text][vc_separator transparency=&#8221;0&#8243; up=&#8221;20&#8243; down=&#8221;20&#8243;][\/vc_column][\/vc_row][vc_row type=&#8221;grid&#8221; anchor=&#8221;oeffnungszeiten&#8221;][vc_column offset=&#8221;vc_hidden-lg&#8221;][vc_column_text]<\/p>\n<h2 style=\"text-align: center;\">Orario delle esibaizioni 2026<\/h2>\n<p>[\/vc_column_text][vc_separator transparency=&#8221;0&#8243; down=&#8221;50&#8243;][vc_column_text]<\/p>\n<p style=\"text-align: center;\"><strong>dal 5 aprile<\/strong><\/p>\n<p style=\"text-align: center;\"><strong>Lunedi \u2013 sabato<\/strong><br \/>\nore 11.00 | ore 13.00 | ore 15.00<br \/>\n<strong>Domenica e festivi<\/strong><br \/>\nore 11.00 | ore 13.00 | ore 15.00<\/p>\n<p style=\"text-align: center;\">&#8211;<\/p>\n<p style=\"text-align: center;\"><strong>maggio &amp; giugno<\/strong><\/p>\n<p style=\"text-align: center;\"><strong>Lunedi \u2013 sabato<\/strong><br \/>\nore 11.00 | ore 13.00 | ore 15.00<br \/>\n<strong>Domenica e festivi<\/strong><br \/>\nore 11.00 | ore 13.00 | ore 15.00 | ore 17.00<\/p>\n<p style=\"text-align: center;\">&#8211;<\/p>\n<p style=\"text-align: center;\"><strong>Luglio e agosto<\/strong><\/p>\n<p style=\"text-align: center;\"><strong>Lunedi \u2013 Domenica<\/strong><br \/>\nore 11.00 | ore 13.00 | ore 15.00 | ore 17.00<br \/>\n<strong>Festivi<\/strong><br \/>\nore 11.00 | ore 13.00 | ore 15.00 | ore 17.00<\/p>\n<p style=\"text-align: center;\">&#8211;<\/p>\n<p style=\"text-align: center;\"><strong>Settembre<\/strong><\/p>\n<p style=\"text-align: center;\"><strong>Lunedi \u2013 sabato<\/strong><br \/>\nore 11.00 | ore 13.00 | ore 15.00<br \/>\n<strong>Domenica e festivi<\/strong><br \/>\nore 11.00 | ore 13.00 | ore 15.00 | ore 17.00<\/p>\n<p style=\"text-align: center;\">&#8211;<\/p>\n<p style=\"text-align: center;\"><strong>Ottobre<\/strong><\/p>\n<p style=\"text-align: center;\"><strong>Lunedi \u2013 domenica<\/strong><br \/>\nore 11.00 | ore 13.00 | ore 15.00<br \/>\n<strong>Festivi<\/strong><br \/>\nore 11.00 | ore 13.00 | ore 15.00<\/p>\n<p>[\/vc_column_text][vc_separator transparency=&#8221;0&#8243; up=&#8221;50&#8243;][vc_column_text]<\/p>\n<h2 style=\"text-align: center;\">Orario d\u2018entrata 2026<\/h2>\n<p>[\/vc_column_text][vc_separator transparency=&#8221;0&#8243; down=&#8221;50&#8243;][vc_column_text]<\/p>\n<p style=\"text-align: center;\"><strong>dal 5 aprile, maggio &amp; giugno<\/strong><\/p>\n<p style=\"text-align: center;\"><strong>Lunedi \u2013 sabato<\/strong><br \/>\nore 10.30 | ore 16.00<br \/>\n<strong>Domenica e festivi<\/strong><br \/>\nore 10.30 | ore 18.00<\/p>\n<p style=\"text-align: center;\">&#8211;<\/p>\n<p style=\"text-align: center;\"><strong>Luglio e agosto<\/strong><\/p>\n<p style=\"text-align: center;\"><strong>Lunedi \u2013 domenica<\/strong><br \/>\nore 10.30 | ore 18.00<br \/>\n<strong>Festivi<\/strong><br \/>\nore 10.30 | ore 18.00<\/p>\n<p style=\"text-align: center;\">&#8211;<\/p>\n<p style=\"text-align: center;\"><strong>Settembre<\/strong><\/p>\n<p style=\"text-align: center;\"><strong>Lunedi \u2013 sabato<\/strong><br \/>\nore 10.30 | ore 16.00<br \/>\n<strong>Domenica e festivi<\/strong><br \/>\nore 10.30 | ore 18.00<\/p>\n<p style=\"text-align: center;\">&#8211;<\/p>\n<p style=\"text-align: center;\"><strong>Ottobre<\/strong><\/p>\n<p style=\"text-align: center;\"><strong>Lunedi \u2013 domenica<\/strong><br \/>\nore 10.30 | ore 16.00<br \/>\n<strong>Festivi<\/strong><br \/>\nore 10.30 | ore 16.00<\/p>\n<p>[\/vc_column_text][vc_separator transparency=&#8221;0&#8243; down=&#8221;50&#8243;][\/vc_column][\/vc_row][vc_row type=&#8221;grid&#8221;][vc_column][vc_column_text]<\/p>\n<ul>\n<li><big>Non \u00e8 possibili riservare alcun posto, perch\u00e9 non sono numerati.<\/big><\/li>\n<li><big>\u00c9 in ogni modo consigliabile arrivare mezz&#8217;ora prima dell\u2019inizio degli spettacoli per assicurarsi personalmente un buon posto.<\/big><\/li>\n<li><big>I vostri amici a quattro zampe sono benvenuti ma da tenere rigorosamente al guinzaglio.<\/big><\/li>\n<\/ul>\n<p>[\/vc_column_text][vc_separator transparency=&#8221;0&#8243; down=&#8221;80&#8243;][\/vc_column][\/vc_row]<\/p>\n<\/section>","protected":false},"excerpt":{"rendered":"<p>[vc_row type=&#8221;grid&#8221;][vc_column][vc_empty_space][vc_column_text] Adler Arena [\/vc_column_text][\/vc_column][\/vc_row][vc_row type=&#8221;grid&#8221;][vc_column][vc_empty_space height=&#8221;10px&#8221; css=&#8221;.vc_custom_1706522779998{background-color: #bfaf97 !important;}&#8221;][\/vc_column][\/vc_row][vc_row type=&#8221;grid&#8221;][vc_column][vc_separator transparency=&#8221;0&#8243; down=&#8221;30&#8243;][\/vc_column][\/vc_row][vc_row type=&#8221;grid&#8221; anchor=&#8221;oeffnungszeiten&#8221;][vc_column width=&#8221;1\/2&#8243; offset=&#8221;vc_hidden-md vc_hidden-sm vc_hidden-xs&#8221;][vc_column_text] Orario delle esibaizioni 2026 [\/vc_column_text][vc_separator transparency=&#8221;0&#8243; down=&#8221;50&#8243;][vc_column_text] dal 5 aprile Lunedi &#8211; sabato ore 11.00 ore 13.00 ore 15.00 &#8211; Domenica e festivi ore 11.00 ore&#8230;<\/p>\n","protected":false},"author":1,"featured_media":20853,"parent":0,"menu_order":0,"comment_status":"open","ping_status":"closed","template":"full_width.php","meta":{"footnotes":""},"class_list":["post-20679","page","type-page","status-publish","has-post-thumbnail","hentry"],"yoast_head":"<!-- This site is optimized with the Yoast SEO plugin v26.7 - https:\/\/yoast.com\/wordpress\/plugins\/seo\/ -->\n<title>Orari di apertura 2026 - Adlerarena Landskron<\/title>\n<meta name=\"robots\" content=\"index, follow, max-snippet:-1, max-image-preview:large, max-video-preview:-1\" \/>\n<link rel=\"canonical\" href=\"https:\/\/adlerarena.com\/it\/orari-di-apertura\/\" \/>\n<meta property=\"og:locale\" content=\"it_IT\" \/>\n<meta property=\"og:type\" content=\"article\" \/>\n<meta property=\"og:title\" content=\"Orari di apertura 2026 - Adlerarena Landskron\" \/>\n<meta property=\"og:description\" content=\"[vc_row type=&#8221;grid&#8221;][vc_column][vc_empty_space][vc_column_text] Adler Arena [\/vc_column_text][\/vc_column][\/vc_row][vc_row type=&#8221;grid&#8221;][vc_column][vc_empty_space height=&#8221;10px&#8221; css=&#8221;.vc_custom_1706522779998{background-color: #bfaf97 !important;}&#8221;][\/vc_column][\/vc_row][vc_row type=&#8221;grid&#8221;][vc_column][vc_separator transparency=&#8221;0&#8243; down=&#8221;30&#8243;][\/vc_column][\/vc_row][vc_row type=&#8221;grid&#8221; anchor=&#8221;oeffnungszeiten&#8221;][vc_column width=&#8221;1\/2&#8243; offset=&#8221;vc_hidden-md vc_hidden-sm vc_hidden-xs&#8221;][vc_column_text] Orario delle esibaizioni 2026 [\/vc_column_text][vc_separator transparency=&#8221;0&#8243; down=&#8221;50&#8243;][vc_column_text] dal 5 aprile Lunedi &#8211; sabato ore 11.00 ore 13.00 ore 15.00 &#8211; Domenica e festivi ore 11.00 ore...\" \/>\n<meta property=\"og:url\" content=\"https:\/\/adlerarena.com\/it\/orari-di-apertura\/\" \/>\n<meta property=\"og:site_name\" content=\"Adlerarena Landskron\" \/>\n<meta property=\"article:publisher\" content=\"https:\/\/www.facebook.com\/AdlerarenaLandskron\/\" \/>\n<meta property=\"article:modified_time\" content=\"2025-11-10T08:48:23+00:00\" \/>\n<meta property=\"og:image\" content=\"https:\/\/adlerarena.com\/wp-content\/uploads\/2020\/07\/\u00d6ffnungszeiten-Adlerarena-Burg-Landskron-K\u00e4rnten-Villach.jpg\" \/>\n\t<meta property=\"og:image:width\" content=\"1538\" \/>\n\t<meta property=\"og:image:height\" content=\"1024\" \/>\n\t<meta property=\"og:image:type\" content=\"image\/jpeg\" \/>\n<meta name=\"twitter:card\" content=\"summary_large_image\" \/>\n<meta name=\"twitter:label1\" content=\"Tempo di lettura stimato\" \/>\n\t<meta name=\"twitter:data1\" content=\"4 minuti\" \/>\n<script type=\"application\/ld+json\" class=\"yoast-schema-graph\">{\"@context\":\"https:\/\/schema.org\",\"@graph\":[{\"@type\":\"WebPage\",\"@id\":\"https:\/\/adlerarena.com\/it\/orari-di-apertura\/\",\"url\":\"https:\/\/adlerarena.com\/it\/orari-di-apertura\/\",\"name\":\"Orari di apertura 2026 - Adlerarena Landskron\",\"isPartOf\":{\"@id\":\"https:\/\/adlerarena.com\/#website\"},\"primaryImageOfPage\":{\"@id\":\"https:\/\/adlerarena.com\/it\/orari-di-apertura\/#primaryimage\"},\"image\":{\"@id\":\"https:\/\/adlerarena.com\/it\/orari-di-apertura\/#primaryimage\"},\"thumbnailUrl\":\"https:\/\/adlerarena.com\/wp-content\/uploads\/2020\/07\/\u00d6ffnungszeiten-Adlerarena-Burg-Landskron-K\u00e4rnten-Villach.jpg\",\"datePublished\":\"2020-05-20T06:42:07+00:00\",\"dateModified\":\"2025-11-10T08:48:23+00:00\",\"breadcrumb\":{\"@id\":\"https:\/\/adlerarena.com\/it\/orari-di-apertura\/#breadcrumb\"},\"inLanguage\":\"it-IT\",\"potentialAction\":[{\"@type\":\"ReadAction\",\"target\":[\"https:\/\/adlerarena.com\/it\/orari-di-apertura\/\"]}]},{\"@type\":\"ImageObject\",\"inLanguage\":\"it-IT\",\"@id\":\"https:\/\/adlerarena.com\/it\/orari-di-apertura\/#primaryimage\",\"url\":\"https:\/\/adlerarena.com\/wp-content\/uploads\/2020\/07\/\u00d6ffnungszeiten-Adlerarena-Burg-Landskron-K\u00e4rnten-Villach.jpg\",\"contentUrl\":\"https:\/\/adlerarena.com\/wp-content\/uploads\/2020\/07\/\u00d6ffnungszeiten-Adlerarena-Burg-Landskron-K\u00e4rnten-Villach.jpg\",\"width\":1538,\"height\":1024,\"caption\":\"Adlerarena Burg Landskron ge\u00f6ffnet (c) CP\"},{\"@type\":\"BreadcrumbList\",\"@id\":\"https:\/\/adlerarena.com\/it\/orari-di-apertura\/#breadcrumb\",\"itemListElement\":[{\"@type\":\"ListItem\",\"position\":1,\"name\":\"Startseite\",\"item\":\"https:\/\/adlerarena.com\/it\/\"},{\"@type\":\"ListItem\",\"position\":2,\"name\":\"Orari di apertura 2026\"}]},{\"@type\":\"WebSite\",\"@id\":\"https:\/\/adlerarena.com\/#website\",\"url\":\"https:\/\/adlerarena.com\/\",\"name\":\"Adlerarena Landskron\",\"description\":\"Adler-Flugschau Burg Landskron mit Europas einzigartigem Greifvogelpark\",\"publisher\":{\"@id\":\"https:\/\/adlerarena.com\/#organization\"},\"potentialAction\":[{\"@type\":\"SearchAction\",\"target\":{\"@type\":\"EntryPoint\",\"urlTemplate\":\"https:\/\/adlerarena.com\/?s={search_term_string}\"},\"query-input\":{\"@type\":\"PropertyValueSpecification\",\"valueRequired\":true,\"valueName\":\"search_term_string\"}}],\"inLanguage\":\"it-IT\"},{\"@type\":\"Organization\",\"@id\":\"https:\/\/adlerarena.com\/#organization\",\"name\":\"Adlerarena Burg Landskron\",\"url\":\"https:\/\/adlerarena.com\/\",\"logo\":{\"@type\":\"ImageObject\",\"inLanguage\":\"it-IT\",\"@id\":\"https:\/\/adlerarena.com\/#\/schema\/logo\/image\/\",\"url\":\"https:\/\/adlerarena.com\/wp-content\/uploads\/2020\/07\/Adlerarena-Burg-Landskron-Logo.png\",\"contentUrl\":\"https:\/\/adlerarena.com\/wp-content\/uploads\/2020\/07\/Adlerarena-Burg-Landskron-Logo.png\",\"width\":246,\"height\":150,\"caption\":\"Adlerarena Burg Landskron\"},\"image\":{\"@id\":\"https:\/\/adlerarena.com\/#\/schema\/logo\/image\/\"},\"sameAs\":[\"https:\/\/www.facebook.com\/AdlerarenaLandskron\/\",\"https:\/\/www.instagram.com\/adlerarena_burglandskron\/\",\"https:\/\/www.pinterest.at\/AdlerarenaBurgLandskron\/\",\"https:\/\/de.wikipedia.org\/wiki\/Adlerarena_Burg_Landskron\"]}]}<\/script>\n<!-- \/ Yoast SEO plugin. -->","yoast_head_json":{"title":"Orari di apertura 2026 - Adlerarena Landskron","robots":{"index":"index","follow":"follow","max-snippet":"max-snippet:-1","max-image-preview":"max-image-preview:large","max-video-preview":"max-video-preview:-1"},"canonical":"https:\/\/adlerarena.com\/it\/orari-di-apertura\/","og_locale":"it_IT","og_type":"article","og_title":"Orari di apertura 2026 - Adlerarena Landskron","og_description":"[vc_row type=&#8221;grid&#8221;][vc_column][vc_empty_space][vc_column_text] Adler Arena [\/vc_column_text][\/vc_column][\/vc_row][vc_row type=&#8221;grid&#8221;][vc_column][vc_empty_space height=&#8221;10px&#8221; css=&#8221;.vc_custom_1706522779998{background-color: #bfaf97 !important;}&#8221;][\/vc_column][\/vc_row][vc_row type=&#8221;grid&#8221;][vc_column][vc_separator transparency=&#8221;0&#8243; down=&#8221;30&#8243;][\/vc_column][\/vc_row][vc_row type=&#8221;grid&#8221; anchor=&#8221;oeffnungszeiten&#8221;][vc_column width=&#8221;1\/2&#8243; offset=&#8221;vc_hidden-md vc_hidden-sm vc_hidden-xs&#8221;][vc_column_text] Orario delle esibaizioni 2026 [\/vc_column_text][vc_separator transparency=&#8221;0&#8243; down=&#8221;50&#8243;][vc_column_text] dal 5 aprile Lunedi &#8211; sabato ore 11.00 ore 13.00 ore 15.00 &#8211; Domenica e festivi ore 11.00 ore...","og_url":"https:\/\/adlerarena.com\/it\/orari-di-apertura\/","og_site_name":"Adlerarena Landskron","article_publisher":"https:\/\/www.facebook.com\/AdlerarenaLandskron\/","article_modified_time":"2025-11-10T08:48:23+00:00","og_image":[{"width":1538,"height":1024,"url":"https:\/\/adlerarena.com\/wp-content\/uploads\/2020\/07\/\u00d6ffnungszeiten-Adlerarena-Burg-Landskron-K\u00e4rnten-Villach.jpg","type":"image\/jpeg"}],"twitter_card":"summary_large_image","twitter_misc":{"Tempo di lettura stimato":"4 minuti"},"schema":{"@context":"https:\/\/schema.org","@graph":[{"@type":"WebPage","@id":"https:\/\/adlerarena.com\/it\/orari-di-apertura\/","url":"https:\/\/adlerarena.com\/it\/orari-di-apertura\/","name":"Orari di apertura 2026 - Adlerarena Landskron","isPartOf":{"@id":"https:\/\/adlerarena.com\/#website"},"primaryImageOfPage":{"@id":"https:\/\/adlerarena.com\/it\/orari-di-apertura\/#primaryimage"},"image":{"@id":"https:\/\/adlerarena.com\/it\/orari-di-apertura\/#primaryimage"},"thumbnailUrl":"https:\/\/adlerarena.com\/wp-content\/uploads\/2020\/07\/\u00d6ffnungszeiten-Adlerarena-Burg-Landskron-K\u00e4rnten-Villach.jpg","datePublished":"2020-05-20T06:42:07+00:00","dateModified":"2025-11-10T08:48:23+00:00","breadcrumb":{"@id":"https:\/\/adlerarena.com\/it\/orari-di-apertura\/#breadcrumb"},"inLanguage":"it-IT","potentialAction":[{"@type":"ReadAction","target":["https:\/\/adlerarena.com\/it\/orari-di-apertura\/"]}]},{"@type":"ImageObject","inLanguage":"it-IT","@id":"https:\/\/adlerarena.com\/it\/orari-di-apertura\/#primaryimage","url":"https:\/\/adlerarena.com\/wp-content\/uploads\/2020\/07\/\u00d6ffnungszeiten-Adlerarena-Burg-Landskron-K\u00e4rnten-Villach.jpg","contentUrl":"https:\/\/adlerarena.com\/wp-content\/uploads\/2020\/07\/\u00d6ffnungszeiten-Adlerarena-Burg-Landskron-K\u00e4rnten-Villach.jpg","width":1538,"height":1024,"caption":"Adlerarena Burg Landskron ge\u00f6ffnet (c) CP"},{"@type":"BreadcrumbList","@id":"https:\/\/adlerarena.com\/it\/orari-di-apertura\/#breadcrumb","itemListElement":[{"@type":"ListItem","position":1,"name":"Startseite","item":"https:\/\/adlerarena.com\/it\/"},{"@type":"ListItem","position":2,"name":"Orari di apertura 2026"}]},{"@type":"WebSite","@id":"https:\/\/adlerarena.com\/#website","url":"https:\/\/adlerarena.com\/","name":"Adlerarena Landskron","description":"Adler-Flugschau Burg Landskron mit Europas einzigartigem Greifvogelpark","publisher":{"@id":"https:\/\/adlerarena.com\/#organization"},"potentialAction":[{"@type":"SearchAction","target":{"@type":"EntryPoint","urlTemplate":"https:\/\/adlerarena.com\/?s={search_term_string}"},"query-input":{"@type":"PropertyValueSpecification","valueRequired":true,"valueName":"search_term_string"}}],"inLanguage":"it-IT"},{"@type":"Organization","@id":"https:\/\/adlerarena.com\/#organization","name":"Adlerarena Burg Landskron","url":"https:\/\/adlerarena.com\/","logo":{"@type":"ImageObject","inLanguage":"it-IT","@id":"https:\/\/adlerarena.com\/#\/schema\/logo\/image\/","url":"https:\/\/adlerarena.com\/wp-content\/uploads\/2020\/07\/Adlerarena-Burg-Landskron-Logo.png","contentUrl":"https:\/\/adlerarena.com\/wp-content\/uploads\/2020\/07\/Adlerarena-Burg-Landskron-Logo.png","width":246,"height":150,"caption":"Adlerarena Burg Landskron"},"image":{"@id":"https:\/\/adlerarena.com\/#\/schema\/logo\/image\/"},"sameAs":["https:\/\/www.facebook.com\/AdlerarenaLandskron\/","https:\/\/www.instagram.com\/adlerarena_burglandskron\/","https:\/\/www.pinterest.at\/AdlerarenaBurgLandskron\/","https:\/\/de.wikipedia.org\/wiki\/Adlerarena_Burg_Landskron"]}]}},"_links":{"self":[{"href":"https:\/\/adlerarena.com\/it\/wp-json\/wp\/v2\/pages\/20679","targetHints":{"allow":["GET"]}}],"collection":[{"href":"https:\/\/adlerarena.com\/it\/wp-json\/wp\/v2\/pages"}],"about":[{"href":"https:\/\/adlerarena.com\/it\/wp-json\/wp\/v2\/types\/page"}],"author":[{"embeddable":true,"href":"https:\/\/adlerarena.com\/it\/wp-json\/wp\/v2\/users\/1"}],"replies":[{"embeddable":true,"href":"https:\/\/adlerarena.com\/it\/wp-json\/wp\/v2\/comments?post=20679"}],"version-history":[{"count":23,"href":"https:\/\/adlerarena.com\/it\/wp-json\/wp\/v2\/pages\/20679\/revisions"}],"predecessor-version":[{"id":23218,"href":"https:\/\/adlerarena.com\/it\/wp-json\/wp\/v2\/pages\/20679\/revisions\/23218"}],"wp:featuredmedia":[{"embeddable":true,"href":"https:\/\/adlerarena.com\/it\/wp-json\/wp\/v2\/media\/20853"}],"wp:attachment":[{"href":"https:\/\/adlerarena.com\/it\/wp-json\/wp\/v2\/media?parent=20679"}],"curies":[{"name":"wp","href":"https:\/\/api.w.org\/{rel}","templated":true}]}}