{"id":22266,"date":"2022-10-20T10:45:30","date_gmt":"2022-10-20T08:45:30","guid":{"rendered":"https:\/\/adlerarena.com\/?page_id=22266"},"modified":"2022-10-20T10:52:21","modified_gmt":"2022-10-20T08:52:21","slug":"privacy","status":"publish","type":"page","link":"https:\/\/adlerarena.com\/it\/privacy\/","title":{"rendered":"Privacy"},"content":{"rendered":"<div class=\"wpb-content-wrapper\"><p>[vc_row css=&#8221;.vc_custom_1527159971373{padding-top: 50px !important;padding-bottom: 50px !important;}&#8221;][vc_column][vc_column_text]<\/p>\n<h2 style=\"text-align: center;\">POLITICA SULLA RISERVATEZZA<\/h2>\n<p>[\/vc_column_text][vc_separator type=&#8221;transparent&#8221; down=&#8221;50&#8243; thick=&#8221;1&#8243;][vc_column_text]Prendiamo molto seriamente la protezione dei tuoi dati personali e trattiamo i tuoi dati personali in modo confidenziale e in conformit\u00e0 con le normative legali sulla protezione dei dati e questa dichiarazione sulla protezione dei dati.[\/vc_column_text][vc_separator type=&#8221;transparent&#8221; down=&#8221;50&#8243; thick=&#8221;1&#8243;][vc_column_text]<\/p>\n<h5>Elaborazione dati su questo sito web<\/h5>\n<p>[\/vc_column_text][vc_separator type=&#8221;small&#8221; position=&#8221;left&#8221; width=&#8221;22&#8243; up=&#8221;6&#8243; down=&#8221;6&#8243; thick=&#8221;1&#8243;][vc_column_text]Raccogliamo e archiviamo automaticamente le informazioni nei file di registro, che il tuo browser ci trasmette automaticamente. Questi sono il tipo di browser e la versione del browser, il sistema operativo utilizzato, l&#8217;URL di riferimento e l&#8217;ora della richiesta del server. Questi dati non possono essere assegnati a persone specifiche. Questi dati non vengono uniti ad altre origini dati.[\/vc_column_text][vc_separator type=&#8221;transparent&#8221; down=&#8221;50&#8243; thick=&#8221;1&#8243;][vc_column_text]<\/p>\n<h5>Utilizzo dei cookie<\/h5>\n<p>[\/vc_column_text][vc_separator type=&#8221;small&#8221; position=&#8221;left&#8221; width=&#8221;22&#8243; up=&#8221;6&#8243; down=&#8221;6&#8243; thick=&#8221;1&#8243;][vc_column_text]Il nostro sito Web utilizza in parte i cosiddetti cookie. Questi servono a rendere la nostra offerta pi\u00f9 facile da usare, efficace e sicura. I cookie sono piccoli file di testo che vengono memorizzati sul tuo computer e salvati dal tuo browser. La maggior parte dei cookie che utilizziamo sono i cosiddetti &#8220;cookie di sessione&#8221;. Vengono automaticamente cancellati dopo la tua visita. I cookie non danneggiano il tuo computer e non contengono virus.Questo sito Web \u00e8 gestito con il sistema di gestione dei contenuti WordPress, che \u00e8 stato adattato alle esigenze specifiche di questo sito Web con i necessari programmi ausiliari (i cosiddetti plug-in). Questi plugin possono anche generare cookie (anche per lo pi\u00f9 cookie di sessione a breve termine) (es. Wordfence Security).[\/vc_column_text][vc_separator type=&#8221;transparent&#8221; down=&#8221;50&#8243; thick=&#8221;1&#8243;][vc_column_text]<\/p>\n<h5>Utilizzo di Google Analytics<\/h5>\n<p>[\/vc_column_text][vc_separator type=&#8221;small&#8221; position=&#8221;left&#8221; width=&#8221;22&#8243; up=&#8221;6&#8243; down=&#8221;6&#8243; thick=&#8221;1&#8243;][vc_column_text]Questo sito web utilizza Google Analytics, un servizio di analisi web fornito da Google Inc, (1600 Amphitheatre Parkway Mountain View, CA 94043, USA; &#8220;Google&#8221;). L&#8217;utilizzo include la modalit\u00e0 operativa &#8220;Universal Analytics&#8221;. Ci\u00f2 consente di assegnare dati, sessioni e interazioni su pi\u00f9 dispositivi a un utente pseudonimo ID e per analizzare le attivit\u00e0 di un utente su tutti i dispositivi. Google Analytics utilizza i cosiddetti &#8220;cookie&#8221;, file di testo che vengono memorizzati sul tuo computer e che consentono un&#8217;analisi del tuo utilizzo del sito web. Le informazioni generate dal cookie sul tuo utilizzo di questo sito Web di solito trasferito a un server di Google negli Stati Uniti e ivi memorizzato. Se l&#8217;anonimizzazione IP \u00e8 attivata su questo sito Web, tuttavia, il tuo indirizzo IP verr\u00e0 memorizzato da Google all&#8217;interno degli Stati membri dell&#8217;UE Unione Europea o in altri Stati contraenti dell&#8217;Accordo sullo Spazio Economico Europeo precedentemente abbreviato. Solo in casi eccezionali l&#8217;indirizzo IP completo viene inviato a un server di Google negli Stati Uniti e l\u00ec abbreviato. L&#8217;indirizzo IP trasmesso dal tuo browser nell&#8217;ambito di Google Analytics non verr\u00e0 unito ad altri dati di Google. Per conto dell&#8217;operatore di questo sito Web, Google utilizzer\u00e0 queste informazioni per valutare l&#8217;utilizzo del sito Web, compilare report sull&#8217;attivit\u00e0 del sito Web e fornire altri servizi relativi all&#8217;attivit\u00e0 del sito Web e all&#8217;utilizzo di Internet all&#8217;operatore del sito Web. In queste finalit\u00e0 risiede anche il nostro legittimo interesse al trattamento dei dati. La base giuridica per l&#8217;utilizzo di Google Analytics \u00e8 l&#8217;articolo 15 (3) TMG e l&#8217;articolo 6 (1) (f) GDPR. I dati da noi inviati e collegati a cookie, ID utente (ad es. ID utente) o ID pubblicit\u00e0 vengono automaticamente cancellati dopo 14 mesi. I dati che hanno raggiunto la fine del periodo di conservazione vengono automaticamente cancellati una volta al mese. Ulteriori informazioni sulle condizioni di utilizzo e sulla protezione dei dati sono disponibili all&#8217;indirizzo https:\/\/www.google.com\/analytics\/terms\/de.html o all&#8217;indirizzo https:\/\/policies.google.com\/?hl=de. \u00c8 possibile impedire la memorizzazione dei cookie impostando di conseguenza il software del browser; vorremmo tuttavia sottolineare che in questo caso, se applicabile, non sar\u00e0 possibile utilizzare tutte le funzioni di questo sito Web per intero. Puoi anche impedire a Google di raccogliere i dati generati dal cookie e relativi al tuo utilizzo del sito web (compreso il tuo indirizzo IP) e di elaborare questi dati da parte di Google scaricando e installando il componente aggiuntivo del browser. I cookie di opt-out impediscono la futura raccolta dei tuoi dati quando visiti questo sito web. Per impedire a Universal Analytics di raccogliere dati su dispositivi diversi, \u00e8 necessario disattivare tutti i sistemi utilizzati. Se clicchi qui, verr\u00e0 impostato il cookie di opt-out: Disabilita Google Analytics.[\/vc_column_text][vc_separator type=&#8221;transparent&#8221; down=&#8221;50&#8243; thick=&#8221;1&#8243;][vc_column_text]<\/p>\n<h5>Dichiarazione sulla protezione dei dati per l&#8217;utilizzo di Google Maps<\/h5>\n<p>[\/vc_column_text][vc_separator type=&#8221;small&#8221; position=&#8221;left&#8221; width=&#8221;22&#8243; up=&#8221;6&#8243; down=&#8221;6&#8243; thick=&#8221;1&#8243;][vc_column_text]Utilizziamo il componente &#8220;Google Maps&#8221; di Google Inc., 1600 Amphitheatre Parkway, Mountain View, CA 94043 USA, di seguito \u201cGoogle\u201d.Ogni volta che viene richiamato il componente \u201cGoogle Maps\u201d, Google imposta un cookie per poter visualizzare la pagina su cui il Il componente &#8220;Google Maps&#8221; \u00e8 integrato per elaborare le impostazioni e i dati dell&#8217;utente. Di norma, questo cookie non viene cancellato alla chiusura del browser, ma scade dopo un certo periodo di tempo a meno che non lo eliminiate manualmente in anticipo.Se non acconsenti a questo trattamento dei tuoi dati, hai la possibilit\u00e0 di utilizzare il servizio Disattiva &#8220;Google Maps&#8221; e impedire la trasmissione di dati a Google in questo modo. A tal fine, \u00e8 necessario disattivare la funzione Java Script nel browser. Tuttavia, vorremmo sottolineare che in questo caso non \u00e8 possibile utilizzare &#8220;Google Maps&#8221; o solo in misura limitata. L&#8217;utilizzo di &#8220;Google Maps&#8221; e le informazioni ottenute tramite &#8220;Google Maps&#8221; avviene in conformit\u00e0 con i Termini di Google di utilizzo e i termini e le condizioni aggiuntivi per &#8220;Google Maps&#8221;.[\/vc_column_text][vc_separator type=&#8221;transparent&#8221; down=&#8221;50&#8243; thick=&#8221;1&#8243;][vc_column_text]<\/p>\n<h5>Diritto di opposizione e diritto all&#8217;informazione<\/h5>\n<p>[\/vc_column_text][vc_separator type=&#8221;small&#8221; position=&#8221;left&#8221; width=&#8221;22&#8243; up=&#8221;6&#8243; down=&#8221;6&#8243; thick=&#8221;1&#8243;][vc_column_text]Hai il diritto di liberare informazioni sui tuoi dati personali dati da noi memorizzati, la loro origine e destinatario e lo scopo del trattamento dei dati, nonch\u00e9 il diritto di rettifica, blocco o cancellazione di questo indirizzo di dati o tramite i dettagli di contatto indicati nell&#8217;impronta: <a href=\"mailto:info@adlerarena.com\">info@adlerarena.com<\/a>[\/vc_column_text][vc_separator type=&#8221;transparent&#8221; down=&#8221;50&#8243; thick=&#8221;1&#8243;][vc_column_text]<\/p>\n<p>2018 \u00a9 Greifvogelwarte Landskron GmbH<\/p>\n<p>[\/vc_column_text][vc_separator type=&#8221;transparent&#8221; down=&#8221;10&#8243; thick=&#8221;1&#8243;][\/vc_column][\/vc_row]<\/p>\n<\/div>","protected":false},"excerpt":{"rendered":"<p>[vc_row css=&#8221;.vc_custom_1527159971373{padding-top: 50px !important;padding-bottom: 50px !important;}&#8221;][vc_column][vc_column_text] POLITICA SULLA RISERVATEZZA [\/vc_column_text][vc_separator type=&#8221;transparent&#8221; down=&#8221;50&#8243; thick=&#8221;1&#8243;][vc_column_text]Prendiamo molto seriamente la protezione dei tuoi dati personali e trattiamo i tuoi dati personali in modo confidenziale e in conformit\u00e0 con le normative legali sulla protezione dei dati e questa dichiarazione sulla&#8230;<\/p>\n","protected":false},"author":7,"featured_media":0,"parent":0,"menu_order":0,"comment_status":"closed","ping_status":"closed","template":"","meta":{"footnotes":""},"class_list":["post-22266","page","type-page","status-publish","hentry"],"yoast_head":"<!-- This site is optimized with the Yoast SEO plugin v27.3 - https:\/\/yoast.com\/product\/yoast-seo-wordpress\/ -->\n<title>Privacy - Adlerarena Landskron<\/title>\n<meta name=\"robots\" content=\"noindex, follow\" \/>\n<meta property=\"og:locale\" content=\"it_IT\" \/>\n<meta property=\"og:type\" content=\"article\" \/>\n<meta property=\"og:title\" content=\"Privacy - Adlerarena Landskron\" \/>\n<meta property=\"og:description\" content=\"[vc_row css=&#8221;.vc_custom_1527159971373{padding-top: 50px !important;padding-bottom: 50px !important;}&#8221;][vc_column][vc_column_text] POLITICA SULLA RISERVATEZZA [\/vc_column_text][vc_separator type=&#8221;transparent&#8221; down=&#8221;50&#8243; thick=&#8221;1&#8243;][vc_column_text]Prendiamo molto seriamente la protezione dei tuoi dati personali e trattiamo i tuoi dati personali in modo confidenziale e in conformit\u00e0 con le normative legali sulla protezione dei dati e questa dichiarazione sulla...\" \/>\n<meta property=\"og:url\" content=\"https:\/\/adlerarena.com\/it\/privacy\/\" \/>\n<meta property=\"og:site_name\" content=\"Adlerarena Landskron\" \/>\n<meta property=\"article:publisher\" content=\"https:\/\/www.facebook.com\/AdlerarenaLandskron\/\" \/>\n<meta property=\"article:modified_time\" content=\"2022-10-20T08:52:21+00:00\" \/>\n<meta name=\"twitter:card\" content=\"summary_large_image\" \/>\n<meta name=\"twitter:label1\" content=\"Tempo di lettura stimato\" \/>\n\t<meta name=\"twitter:data1\" content=\"6 minuti\" \/>\n<script type=\"application\/ld+json\" class=\"yoast-schema-graph\">{\"@context\":\"https:\\\/\\\/schema.org\",\"@graph\":[{\"@type\":\"WebPage\",\"@id\":\"https:\\\/\\\/adlerarena.com\\\/it\\\/privacy\\\/\",\"url\":\"https:\\\/\\\/adlerarena.com\\\/it\\\/privacy\\\/\",\"name\":\"Privacy - Adlerarena Landskron\",\"isPartOf\":{\"@id\":\"https:\\\/\\\/adlerarena.com\\\/#website\"},\"datePublished\":\"2022-10-20T08:45:30+00:00\",\"dateModified\":\"2022-10-20T08:52:21+00:00\",\"breadcrumb\":{\"@id\":\"https:\\\/\\\/adlerarena.com\\\/it\\\/privacy\\\/#breadcrumb\"},\"inLanguage\":\"it-IT\",\"potentialAction\":[{\"@type\":\"ReadAction\",\"target\":[\"https:\\\/\\\/adlerarena.com\\\/it\\\/privacy\\\/\"]}]},{\"@type\":\"BreadcrumbList\",\"@id\":\"https:\\\/\\\/adlerarena.com\\\/it\\\/privacy\\\/#breadcrumb\",\"itemListElement\":[{\"@type\":\"ListItem\",\"position\":1,\"name\":\"Startseite\",\"item\":\"https:\\\/\\\/adlerarena.com\\\/it\\\/\"},{\"@type\":\"ListItem\",\"position\":2,\"name\":\"Privacy\"}]},{\"@type\":\"WebSite\",\"@id\":\"https:\\\/\\\/adlerarena.com\\\/#website\",\"url\":\"https:\\\/\\\/adlerarena.com\\\/\",\"name\":\"Adlerarena Landskron\",\"description\":\"Adler-Flugschau Burg Landskron mit Europas einzigartigem Greifvogelpark\",\"publisher\":{\"@id\":\"https:\\\/\\\/adlerarena.com\\\/#organization\"},\"potentialAction\":[{\"@type\":\"SearchAction\",\"target\":{\"@type\":\"EntryPoint\",\"urlTemplate\":\"https:\\\/\\\/adlerarena.com\\\/?s={search_term_string}\"},\"query-input\":{\"@type\":\"PropertyValueSpecification\",\"valueRequired\":true,\"valueName\":\"search_term_string\"}}],\"inLanguage\":\"it-IT\"},{\"@type\":\"Organization\",\"@id\":\"https:\\\/\\\/adlerarena.com\\\/#organization\",\"name\":\"Adlerarena Burg Landskron\",\"url\":\"https:\\\/\\\/adlerarena.com\\\/\",\"logo\":{\"@type\":\"ImageObject\",\"inLanguage\":\"it-IT\",\"@id\":\"https:\\\/\\\/adlerarena.com\\\/#\\\/schema\\\/logo\\\/image\\\/\",\"url\":\"https:\\\/\\\/adlerarena.com\\\/wp-content\\\/uploads\\\/2020\\\/07\\\/Adlerarena-Burg-Landskron-Logo.png\",\"contentUrl\":\"https:\\\/\\\/adlerarena.com\\\/wp-content\\\/uploads\\\/2020\\\/07\\\/Adlerarena-Burg-Landskron-Logo.png\",\"width\":246,\"height\":150,\"caption\":\"Adlerarena Burg Landskron\"},\"image\":{\"@id\":\"https:\\\/\\\/adlerarena.com\\\/#\\\/schema\\\/logo\\\/image\\\/\"},\"sameAs\":[\"https:\\\/\\\/www.facebook.com\\\/AdlerarenaLandskron\\\/\",\"https:\\\/\\\/www.instagram.com\\\/adlerarena_burglandskron\\\/\",\"https:\\\/\\\/www.pinterest.at\\\/AdlerarenaBurgLandskron\\\/\",\"https:\\\/\\\/de.wikipedia.org\\\/wiki\\\/Adlerarena_Burg_Landskron\"]}]}<\/script>\n<!-- \/ Yoast SEO plugin. -->","yoast_head_json":{"title":"Privacy - Adlerarena Landskron","robots":{"index":"noindex","follow":"follow"},"og_locale":"it_IT","og_type":"article","og_title":"Privacy - Adlerarena Landskron","og_description":"[vc_row css=&#8221;.vc_custom_1527159971373{padding-top: 50px !important;padding-bottom: 50px !important;}&#8221;][vc_column][vc_column_text] POLITICA SULLA RISERVATEZZA [\/vc_column_text][vc_separator type=&#8221;transparent&#8221; down=&#8221;50&#8243; thick=&#8221;1&#8243;][vc_column_text]Prendiamo molto seriamente la protezione dei tuoi dati personali e trattiamo i tuoi dati personali in modo confidenziale e in conformit\u00e0 con le normative legali sulla protezione dei dati e questa dichiarazione sulla...","og_url":"https:\/\/adlerarena.com\/it\/privacy\/","og_site_name":"Adlerarena Landskron","article_publisher":"https:\/\/www.facebook.com\/AdlerarenaLandskron\/","article_modified_time":"2022-10-20T08:52:21+00:00","twitter_card":"summary_large_image","twitter_misc":{"Tempo di lettura stimato":"6 minuti"},"schema":{"@context":"https:\/\/schema.org","@graph":[{"@type":"WebPage","@id":"https:\/\/adlerarena.com\/it\/privacy\/","url":"https:\/\/adlerarena.com\/it\/privacy\/","name":"Privacy - Adlerarena Landskron","isPartOf":{"@id":"https:\/\/adlerarena.com\/#website"},"datePublished":"2022-10-20T08:45:30+00:00","dateModified":"2022-10-20T08:52:21+00:00","breadcrumb":{"@id":"https:\/\/adlerarena.com\/it\/privacy\/#breadcrumb"},"inLanguage":"it-IT","potentialAction":[{"@type":"ReadAction","target":["https:\/\/adlerarena.com\/it\/privacy\/"]}]},{"@type":"BreadcrumbList","@id":"https:\/\/adlerarena.com\/it\/privacy\/#breadcrumb","itemListElement":[{"@type":"ListItem","position":1,"name":"Startseite","item":"https:\/\/adlerarena.com\/it\/"},{"@type":"ListItem","position":2,"name":"Privacy"}]},{"@type":"WebSite","@id":"https:\/\/adlerarena.com\/#website","url":"https:\/\/adlerarena.com\/","name":"Adlerarena Landskron","description":"Adler-Flugschau Burg Landskron mit Europas einzigartigem Greifvogelpark","publisher":{"@id":"https:\/\/adlerarena.com\/#organization"},"potentialAction":[{"@type":"SearchAction","target":{"@type":"EntryPoint","urlTemplate":"https:\/\/adlerarena.com\/?s={search_term_string}"},"query-input":{"@type":"PropertyValueSpecification","valueRequired":true,"valueName":"search_term_string"}}],"inLanguage":"it-IT"},{"@type":"Organization","@id":"https:\/\/adlerarena.com\/#organization","name":"Adlerarena Burg Landskron","url":"https:\/\/adlerarena.com\/","logo":{"@type":"ImageObject","inLanguage":"it-IT","@id":"https:\/\/adlerarena.com\/#\/schema\/logo\/image\/","url":"https:\/\/adlerarena.com\/wp-content\/uploads\/2020\/07\/Adlerarena-Burg-Landskron-Logo.png","contentUrl":"https:\/\/adlerarena.com\/wp-content\/uploads\/2020\/07\/Adlerarena-Burg-Landskron-Logo.png","width":246,"height":150,"caption":"Adlerarena Burg Landskron"},"image":{"@id":"https:\/\/adlerarena.com\/#\/schema\/logo\/image\/"},"sameAs":["https:\/\/www.facebook.com\/AdlerarenaLandskron\/","https:\/\/www.instagram.com\/adlerarena_burglandskron\/","https:\/\/www.pinterest.at\/AdlerarenaBurgLandskron\/","https:\/\/de.wikipedia.org\/wiki\/Adlerarena_Burg_Landskron"]}]}},"_links":{"self":[{"href":"https:\/\/adlerarena.com\/it\/wp-json\/wp\/v2\/pages\/22266","targetHints":{"allow":["GET"]}}],"collection":[{"href":"https:\/\/adlerarena.com\/it\/wp-json\/wp\/v2\/pages"}],"about":[{"href":"https:\/\/adlerarena.com\/it\/wp-json\/wp\/v2\/types\/page"}],"author":[{"embeddable":true,"href":"https:\/\/adlerarena.com\/it\/wp-json\/wp\/v2\/users\/7"}],"replies":[{"embeddable":true,"href":"https:\/\/adlerarena.com\/it\/wp-json\/wp\/v2\/comments?post=22266"}],"version-history":[{"count":4,"href":"https:\/\/adlerarena.com\/it\/wp-json\/wp\/v2\/pages\/22266\/revisions"}],"predecessor-version":[{"id":22275,"href":"https:\/\/adlerarena.com\/it\/wp-json\/wp\/v2\/pages\/22266\/revisions\/22275"}],"wp:attachment":[{"href":"https:\/\/adlerarena.com\/it\/wp-json\/wp\/v2\/media?parent=22266"}],"curies":[{"name":"wp","href":"https:\/\/api.w.org\/{rel}","templated":true}]}}