{"id":16829,"date":"2014-05-12T09:15:44","date_gmt":"2014-05-12T07:15:44","guid":{"rendered":"http:\/\/adlerarena.epsimec.com\/home-7\/"},"modified":"2026-04-16T13:42:46","modified_gmt":"2026-04-16T11:42:46","slug":"home","status":"publish","type":"page","link":"https:\/\/adlerarena.com\/sl\/","title":{"rendered":"Domov"},"content":{"rendered":"<div class=\"wpb-content-wrapper\"><p>[vc_row type=&#8221;grid&#8221; anchor=&#8221;portfolio&#8221; background_color=&#8221;#ffffff&#8221; padding_top=&#8221;58&#8243; padding_bottom=&#8221;0&#8243;][vc_column][vc_column_text]<\/p>\n<h2 style=\"text-align: center;\">Predstava z orli Grad Landskron<\/h2>\n<p style=\"text-align: center;\"><span class=\"tlid-translation translation\"><span class=\"\" title=\"\">Adler Arena je odprta vsak dan <strong>od 5. aprila do 31<span class=\"tlid-translation translation\" lang=\"sl\">. oktober 2026<\/span><\/strong>.<\/span><\/span><\/p>\n<p>[\/vc_column_text][vc_separator type=&#8221;transparent&#8221; up=&#8221;0&#8243; down=&#8221;10&#8243;][vc_column_text]<\/p>\n<h4 style=\"text-align: center;\">Edinstveni \u017divalski vrt v Evropi<\/h4>\n<p>[\/vc_column_text][vc_separator type=&#8221;transparent&#8221; up=&#8221;45&#8243; down=&#8221;22&#8243;][vc_column_text]<\/p>\n<p style=\"text-align: center;\">&#8220;Adler Arena&#8221; je zasebno podjetje, ki se ohranja z va\u0161im obiskom!<br \/>\nZ va\u0161im obiskom na\u0161im pticam roparicam omogo\u010date ustrezno \u017eivljenje z veliko prostimi leti.<\/p>\n<p>[\/vc_column_text][\/vc_column][\/vc_row][vc_row content_placement=&#8221;middle&#8221; type=&#8221;grid&#8221; anchor=&#8221;portfolio&#8221; text_align=&#8221;center&#8221; background_color=&#8221;#ffffff&#8221; padding_top=&#8221;58&#8243; padding_bottom=&#8221;0&#8243;][vc_column][vc_row_inner text_align=&#8221;center&#8221;][vc_column_inner width=&#8221;1\/4&#8243;][\/vc_column_inner][vc_column_inner width=&#8221;1\/2&#8243;][vc_column_text css=&#8221;.vc_custom_1572190182805{padding-bottom: 15px !important;}&#8221;][\/vc_column_text]<a  itemprop=\"url\" href=\"https:\/\/adlerarena.com\/sl\/delovni-cas\/\" target=\"_self\" data-hover-background-color=\"#96c8f1\" data-hover-border-color=\"#96c8f1\" class=\"qbutton  medium center default\" style=\"border-color: #bfaf97; font-style: normal; background-color:#bfaf97;\">Do delovnega \u010dasa<\/a>[\/vc_column_inner][vc_column_inner width=&#8221;1\/4&#8243;][\/vc_column_inner][\/vc_row_inner][\/vc_column][\/vc_row][vc_row type=&#8221;grid&#8221; anchor=&#8221;portfolio&#8221; background_color=&#8221;#ffffff&#8221; padding_top=&#8221;58&#8243; padding_bottom=&#8221;0&#8243;][vc_column][vc_separator type=&#8221;transparent&#8221; up=&#8221;20&#8243; down=&#8221;0&#8243;][vc_video link=&#8221;https:\/\/youtu.be\/EDpOOVs4ios&#8221; title=&#8221;1 grad &#8211; 4 znamenitosti&#8221;][vc_separator type=&#8221;transparent&#8221; up=&#8221;20&#8243; down=&#8221;0&#8243;][vc_row_inner][vc_column_inner width=&#8221;1\/3&#8243;][vc_single_image image=&#8221;21402&#8243; img_size=&#8221;full&#8221; alignment=&#8221;right&#8221; onclick=&#8221;img_link_large&#8221; qode_css_animation=&#8221;element_from_fade&#8221; transition_delay=&#8221;0.3&#8243;][vc_separator type=&#8221;transparent&#8221; up=&#8221;63&#8243; down=&#8221;0&#8243;][\/vc_column_inner][vc_column_inner width=&#8221;2\/3&#8243;][vc_column_text]<\/p>\n<p>Osnovni cilj predstave ptic ujed je obiskovalcem pobli\u017ee prikazati njihovo \u017eivljenje in posredovati zanimivosti o teh \u010dudovitih \u017eivalih. Na\u0161e ptice niso bile ujete v naravi, temve\u010d vse prihajajo iz vzreje mladi\u010dev.<\/p>\n<p>[\/vc_column_text][vc_separator type=&#8221;transparent&#8221; up=&#8221;20&#8243; down=&#8221;0&#8243;][vc_column_text]<\/p>\n<p>Med 40-minutno predstavo boste videli ptice ujede v prostem letu v okolju znamenitega gradu Landskron. Po presunljivih letih se ptice vrnejo nazaj k sokolarju, ki stoji tik pred vami. Sokolar obiskovalcem iz\u010drpno predstavi tudi obna\u0161anje in \u017eivljenjske navade teh deloma ogro\u017eenih \u017eivali.<\/p>\n<p>[\/vc_column_text][vc_separator type=&#8221;transparent&#8221; up=&#8221;20&#8243; down=&#8221;0&#8243;][\/vc_column_inner][\/vc_row_inner][\/vc_column][\/vc_row][vc_row][vc_column][vc_gmaps link=&#8221;#E-8_JTNDaWZyYW1lJTIwc3JjJTNEJTIyaHR0cHMlM0ElMkYlMkZ3d3cuZ29vZ2xlLmNvbSUyRm1hcHMlMkZlbWJlZCUzRnBiJTNEJTIxMW0xNCUyMTFtOCUyMTFtMyUyMTFkMTA5NTcuMzM4NDU5NDM5MjY4JTIxMmQxMy44OTY2NDUlMjEzZDQ2LjYzOTkwNiUyMTNtMiUyMTFpMTAyNCUyMTJpNzY4JTIxNGYxMy4xJTIxM20zJTIxMW0yJTIxMXMweDAlMjUzQTB4Mzc5NjU1ZTk2ZTIxYWMzMiUyMTJzQWRsZXJhcmVuYSUyQkJ1cmclMkJMYW5kc2tyb24lMjE1ZTAlMjEzbTIlMjExc2RlJTIxMnNhdCUyMTR2MTQ1OTMxNTY5NzM5NCUyNnolM0QxMiUyMiUyMHdpZHRoJTNEJTIyMTAwJTI1JTIyJTIwaGVpZ2h0JTNEJTIyNDAwJTIyJTIwJTIwZnJhbWVib3JkZXIlM0QlMjIwJTIyJTIwc3R5bGUlM0QlMjJib3JkZXIlM0EwJTIyJTIwYWxsb3dmdWxsc2NyZWVuJTNFJTNDJTJGaWZyYW1lJTNF&#8221; size=&#8221;400&#8243;][\/vc_column][\/vc_row][vc_row content_placement=&#8221;middle&#8221; use_row_as_full_screen_section=&#8221;yes&#8221; background_image=&#8221;17058&#8243; padding_top=&#8221;50&#8243; padding_bottom=&#8221;50&#8243;][vc_column width=&#8221;3\/4&#8243;][vc_separator type=&#8221;transparent&#8221; up=&#8221;130&#8243; down=&#8221;0&#8243;][vc_column_text]<\/p>\n<h2 style=\"text-align: center;\"><span style=\"color: #ffffff;\">Kliknite tukaj , da preverite <a style=\"color: #ffffff; font-weight: bold;\" href=\"https:\/\/adlerarena.com\/sl\/delovni-cas\/\">odpiralnih \u010dasov<\/a> in <a style=\"color: #ffffff; font-weight: bold;\" href=\"https:\/\/adlerarena.com\/sl\/cene\/\">cene<\/a><\/span><\/h2>\n<p>[\/vc_column_text][vc_separator type=&#8221;transparent&#8221; up=&#8221;6&#8243; down=&#8221;23&#8243;][\/vc_column][vc_column width=&#8221;1\/4&#8243;][vc_separator type=&#8221;transparent&#8221; up=&#8221;70&#8243; down=&#8221;0&#8243;][vc_single_image image=&#8221;19637&#8243; img_size=&#8221;full&#8221; alignment=&#8221;center&#8221; onclick=&#8221;custom_link&#8221; img_link_target=&#8221;_blank&#8221; link=&#8221;http:\/\/www.kaerntencard.at\/it\/partner-bonus\/bonuspartner-detail\/adler-arena-burg-landskron-9\/&#8221;][vc_separator type=&#8221;transparent&#8221; up=&#8221;6&#8243; down=&#8221;23&#8243;][\/vc_column][\/vc_row]<\/p>\n<\/div>","protected":false},"excerpt":{"rendered":"<p>[vc_row type=&#8221;grid&#8221; anchor=&#8221;portfolio&#8221; background_color=&#8221;#ffffff&#8221; padding_top=&#8221;58&#8243; padding_bottom=&#8221;0&#8243;][vc_column][vc_column_text] Predstava z orli Grad Landskron Adler Arena je odprta vsak dan od 5. aprila do 31. oktober 2026. [\/vc_column_text][vc_separator type=&#8221;transparent&#8221; up=&#8221;0&#8243; down=&#8221;10&#8243;][vc_column_text] Edinstveni \u017divalski vrt v Evropi [\/vc_column_text][vc_separator type=&#8221;transparent&#8221; up=&#8221;45&#8243; down=&#8221;22&#8243;][vc_column_text] &#8220;Adler Arena&#8221; je zasebno podjetje, ki se ohranja&#8230;<\/p>\n","protected":false},"author":1,"featured_media":20787,"parent":0,"menu_order":0,"comment_status":"open","ping_status":"closed","template":"full_width.php","meta":{"footnotes":""},"class_list":["post-16829","page","type-page","status-publish","has-post-thumbnail","hentry"],"yoast_head":"<!-- This site is optimized with the Yoast SEO plugin v27.3 - https:\/\/yoast.com\/product\/yoast-seo-wordpress\/ -->\n<title>Domov - Adlerarena Landskron<\/title>\n<meta name=\"robots\" content=\"index, follow, max-snippet:-1, max-image-preview:large, max-video-preview:-1\" \/>\n<link rel=\"canonical\" href=\"https:\/\/adlerarena.com\/\" \/>\n<meta property=\"og:locale\" content=\"sl_SI\" \/>\n<meta property=\"og:type\" content=\"article\" \/>\n<meta property=\"og:title\" content=\"Domov - Adlerarena Landskron\" \/>\n<meta property=\"og:description\" content=\"[vc_row type=&#8221;grid&#8221; anchor=&#8221;portfolio&#8221; background_color=&#8221;#ffffff&#8221; padding_top=&#8221;58&#8243; padding_bottom=&#8221;0&#8243;][vc_column][vc_column_text] Predstava z orli Grad Landskron Adler Arena je odprta vsak dan od 5. aprila do 31. oktober 2026. [\/vc_column_text][vc_separator type=&#8221;transparent&#8221; up=&#8221;0&#8243; down=&#8221;10&#8243;][vc_column_text] Edinstveni \u017divalski vrt v Evropi [\/vc_column_text][vc_separator type=&#8221;transparent&#8221; up=&#8221;45&#8243; down=&#8221;22&#8243;][vc_column_text] &#8220;Adler Arena&#8221; je zasebno podjetje, ki se ohranja...\" \/>\n<meta property=\"og:url\" content=\"https:\/\/adlerarena.com\/\" \/>\n<meta property=\"og:site_name\" content=\"Adlerarena Landskron\" \/>\n<meta property=\"article:publisher\" content=\"https:\/\/www.facebook.com\/AdlerarenaLandskron\/\" \/>\n<meta property=\"article:modified_time\" content=\"2026-04-16T11:42:46+00:00\" \/>\n<meta property=\"og:image\" content=\"https:\/\/adlerarena.com\/wp-content\/uploads\/2020\/07\/Adlerarena-Burg-Landskron-Villach-K\u00e4rnten-Sehensw\u00fcrdigkeiten.jpg\" \/>\n\t<meta property=\"og:image:width\" content=\"1200\" \/>\n\t<meta property=\"og:image:height\" content=\"856\" \/>\n\t<meta property=\"og:image:type\" content=\"image\/jpeg\" \/>\n<meta name=\"twitter:card\" content=\"summary_large_image\" \/>\n<meta name=\"twitter:label1\" content=\"Est. reading time\" \/>\n\t<meta name=\"twitter:data1\" content=\"2 minuti\" \/>\n<script type=\"application\/ld+json\" class=\"yoast-schema-graph\">{\"@context\":\"https:\\\/\\\/schema.org\",\"@graph\":[{\"@type\":\"WebPage\",\"@id\":\"https:\\\/\\\/adlerarena.com\\\/sl\\\/\",\"url\":\"https:\\\/\\\/adlerarena.com\\\/\",\"name\":\"Domov - Adlerarena Landskron\",\"isPartOf\":{\"@id\":\"https:\\\/\\\/adlerarena.com\\\/#website\"},\"primaryImageOfPage\":{\"@id\":\"https:\\\/\\\/adlerarena.com\\\/#primaryimage\"},\"image\":{\"@id\":\"https:\\\/\\\/adlerarena.com\\\/#primaryimage\"},\"thumbnailUrl\":\"https:\\\/\\\/adlerarena.com\\\/wp-content\\\/uploads\\\/2020\\\/07\\\/Adlerarena-Burg-Landskron-Villach-K\u00e4rnten-Sehensw\u00fcrdigkeiten.jpg\",\"datePublished\":\"2014-05-12T07:15:44+00:00\",\"dateModified\":\"2026-04-16T11:42:46+00:00\",\"breadcrumb\":{\"@id\":\"https:\\\/\\\/adlerarena.com\\\/#breadcrumb\"},\"inLanguage\":\"sl-SI\",\"potentialAction\":[{\"@type\":\"ReadAction\",\"target\":[\"https:\\\/\\\/adlerarena.com\\\/\"]}]},{\"@type\":\"ImageObject\",\"inLanguage\":\"sl-SI\",\"@id\":\"https:\\\/\\\/adlerarena.com\\\/#primaryimage\",\"url\":\"https:\\\/\\\/adlerarena.com\\\/wp-content\\\/uploads\\\/2020\\\/07\\\/Adlerarena-Burg-Landskron-Villach-K\u00e4rnten-Sehensw\u00fcrdigkeiten.jpg\",\"contentUrl\":\"https:\\\/\\\/adlerarena.com\\\/wp-content\\\/uploads\\\/2020\\\/07\\\/Adlerarena-Burg-Landskron-Villach-K\u00e4rnten-Sehensw\u00fcrdigkeiten.jpg\",\"width\":1200,\"height\":856,\"caption\":\"Wei\u00dfkopfseeadler bei Greifvogelschau in der Adlerarena Burg Landskron\"},{\"@type\":\"BreadcrumbList\",\"@id\":\"https:\\\/\\\/adlerarena.com\\\/#breadcrumb\",\"itemListElement\":[{\"@type\":\"ListItem\",\"position\":1,\"name\":\"Startseite\",\"item\":\"https:\\\/\\\/adlerarena.com\\\/sl\\\/\"},{\"@type\":\"ListItem\",\"position\":2,\"name\":\"Domov\"}]},{\"@type\":\"WebSite\",\"@id\":\"https:\\\/\\\/adlerarena.com\\\/#website\",\"url\":\"https:\\\/\\\/adlerarena.com\\\/\",\"name\":\"Adlerarena Landskron\",\"description\":\"Adler-Flugschau Burg Landskron mit Europas einzigartigem Greifvogelpark\",\"publisher\":{\"@id\":\"https:\\\/\\\/adlerarena.com\\\/#organization\"},\"potentialAction\":[{\"@type\":\"SearchAction\",\"target\":{\"@type\":\"EntryPoint\",\"urlTemplate\":\"https:\\\/\\\/adlerarena.com\\\/?s={search_term_string}\"},\"query-input\":{\"@type\":\"PropertyValueSpecification\",\"valueRequired\":true,\"valueName\":\"search_term_string\"}}],\"inLanguage\":\"sl-SI\"},{\"@type\":\"Organization\",\"@id\":\"https:\\\/\\\/adlerarena.com\\\/#organization\",\"name\":\"Adlerarena Burg Landskron\",\"url\":\"https:\\\/\\\/adlerarena.com\\\/\",\"logo\":{\"@type\":\"ImageObject\",\"inLanguage\":\"sl-SI\",\"@id\":\"https:\\\/\\\/adlerarena.com\\\/#\\\/schema\\\/logo\\\/image\\\/\",\"url\":\"https:\\\/\\\/adlerarena.com\\\/wp-content\\\/uploads\\\/2020\\\/07\\\/Adlerarena-Burg-Landskron-Logo.png\",\"contentUrl\":\"https:\\\/\\\/adlerarena.com\\\/wp-content\\\/uploads\\\/2020\\\/07\\\/Adlerarena-Burg-Landskron-Logo.png\",\"width\":246,\"height\":150,\"caption\":\"Adlerarena Burg Landskron\"},\"image\":{\"@id\":\"https:\\\/\\\/adlerarena.com\\\/#\\\/schema\\\/logo\\\/image\\\/\"},\"sameAs\":[\"https:\\\/\\\/www.facebook.com\\\/AdlerarenaLandskron\\\/\",\"https:\\\/\\\/www.instagram.com\\\/adlerarena_burglandskron\\\/\",\"https:\\\/\\\/www.pinterest.at\\\/AdlerarenaBurgLandskron\\\/\",\"https:\\\/\\\/de.wikipedia.org\\\/wiki\\\/Adlerarena_Burg_Landskron\"]}]}<\/script>\n<!-- \/ Yoast SEO plugin. -->","yoast_head_json":{"title":"Domov - Adlerarena Landskron","robots":{"index":"index","follow":"follow","max-snippet":"max-snippet:-1","max-image-preview":"max-image-preview:large","max-video-preview":"max-video-preview:-1"},"canonical":"https:\/\/adlerarena.com\/","og_locale":"sl_SI","og_type":"article","og_title":"Domov - Adlerarena Landskron","og_description":"[vc_row type=&#8221;grid&#8221; anchor=&#8221;portfolio&#8221; background_color=&#8221;#ffffff&#8221; padding_top=&#8221;58&#8243; padding_bottom=&#8221;0&#8243;][vc_column][vc_column_text] Predstava z orli Grad Landskron Adler Arena je odprta vsak dan od 5. aprila do 31. oktober 2026. [\/vc_column_text][vc_separator type=&#8221;transparent&#8221; up=&#8221;0&#8243; down=&#8221;10&#8243;][vc_column_text] Edinstveni \u017divalski vrt v Evropi [\/vc_column_text][vc_separator type=&#8221;transparent&#8221; up=&#8221;45&#8243; down=&#8221;22&#8243;][vc_column_text] &#8220;Adler Arena&#8221; je zasebno podjetje, ki se ohranja...","og_url":"https:\/\/adlerarena.com\/","og_site_name":"Adlerarena Landskron","article_publisher":"https:\/\/www.facebook.com\/AdlerarenaLandskron\/","article_modified_time":"2026-04-16T11:42:46+00:00","og_image":[{"width":1200,"height":856,"url":"https:\/\/adlerarena.com\/wp-content\/uploads\/2020\/07\/Adlerarena-Burg-Landskron-Villach-K\u00e4rnten-Sehensw\u00fcrdigkeiten.jpg","type":"image\/jpeg"}],"twitter_card":"summary_large_image","twitter_misc":{"Est. reading time":"2 minuti"},"schema":{"@context":"https:\/\/schema.org","@graph":[{"@type":"WebPage","@id":"https:\/\/adlerarena.com\/sl\/","url":"https:\/\/adlerarena.com\/","name":"Domov - Adlerarena Landskron","isPartOf":{"@id":"https:\/\/adlerarena.com\/#website"},"primaryImageOfPage":{"@id":"https:\/\/adlerarena.com\/#primaryimage"},"image":{"@id":"https:\/\/adlerarena.com\/#primaryimage"},"thumbnailUrl":"https:\/\/adlerarena.com\/wp-content\/uploads\/2020\/07\/Adlerarena-Burg-Landskron-Villach-K\u00e4rnten-Sehensw\u00fcrdigkeiten.jpg","datePublished":"2014-05-12T07:15:44+00:00","dateModified":"2026-04-16T11:42:46+00:00","breadcrumb":{"@id":"https:\/\/adlerarena.com\/#breadcrumb"},"inLanguage":"sl-SI","potentialAction":[{"@type":"ReadAction","target":["https:\/\/adlerarena.com\/"]}]},{"@type":"ImageObject","inLanguage":"sl-SI","@id":"https:\/\/adlerarena.com\/#primaryimage","url":"https:\/\/adlerarena.com\/wp-content\/uploads\/2020\/07\/Adlerarena-Burg-Landskron-Villach-K\u00e4rnten-Sehensw\u00fcrdigkeiten.jpg","contentUrl":"https:\/\/adlerarena.com\/wp-content\/uploads\/2020\/07\/Adlerarena-Burg-Landskron-Villach-K\u00e4rnten-Sehensw\u00fcrdigkeiten.jpg","width":1200,"height":856,"caption":"Wei\u00dfkopfseeadler bei Greifvogelschau in der Adlerarena Burg Landskron"},{"@type":"BreadcrumbList","@id":"https:\/\/adlerarena.com\/#breadcrumb","itemListElement":[{"@type":"ListItem","position":1,"name":"Startseite","item":"https:\/\/adlerarena.com\/sl\/"},{"@type":"ListItem","position":2,"name":"Domov"}]},{"@type":"WebSite","@id":"https:\/\/adlerarena.com\/#website","url":"https:\/\/adlerarena.com\/","name":"Adlerarena Landskron","description":"Adler-Flugschau Burg Landskron mit Europas einzigartigem Greifvogelpark","publisher":{"@id":"https:\/\/adlerarena.com\/#organization"},"potentialAction":[{"@type":"SearchAction","target":{"@type":"EntryPoint","urlTemplate":"https:\/\/adlerarena.com\/?s={search_term_string}"},"query-input":{"@type":"PropertyValueSpecification","valueRequired":true,"valueName":"search_term_string"}}],"inLanguage":"sl-SI"},{"@type":"Organization","@id":"https:\/\/adlerarena.com\/#organization","name":"Adlerarena Burg Landskron","url":"https:\/\/adlerarena.com\/","logo":{"@type":"ImageObject","inLanguage":"sl-SI","@id":"https:\/\/adlerarena.com\/#\/schema\/logo\/image\/","url":"https:\/\/adlerarena.com\/wp-content\/uploads\/2020\/07\/Adlerarena-Burg-Landskron-Logo.png","contentUrl":"https:\/\/adlerarena.com\/wp-content\/uploads\/2020\/07\/Adlerarena-Burg-Landskron-Logo.png","width":246,"height":150,"caption":"Adlerarena Burg Landskron"},"image":{"@id":"https:\/\/adlerarena.com\/#\/schema\/logo\/image\/"},"sameAs":["https:\/\/www.facebook.com\/AdlerarenaLandskron\/","https:\/\/www.instagram.com\/adlerarena_burglandskron\/","https:\/\/www.pinterest.at\/AdlerarenaBurgLandskron\/","https:\/\/de.wikipedia.org\/wiki\/Adlerarena_Burg_Landskron"]}]}},"_links":{"self":[{"href":"https:\/\/adlerarena.com\/sl\/wp-json\/wp\/v2\/pages\/16829","targetHints":{"allow":["GET"]}}],"collection":[{"href":"https:\/\/adlerarena.com\/sl\/wp-json\/wp\/v2\/pages"}],"about":[{"href":"https:\/\/adlerarena.com\/sl\/wp-json\/wp\/v2\/types\/page"}],"author":[{"embeddable":true,"href":"https:\/\/adlerarena.com\/sl\/wp-json\/wp\/v2\/users\/1"}],"replies":[{"embeddable":true,"href":"https:\/\/adlerarena.com\/sl\/wp-json\/wp\/v2\/comments?post=16829"}],"version-history":[{"count":37,"href":"https:\/\/adlerarena.com\/sl\/wp-json\/wp\/v2\/pages\/16829\/revisions"}],"predecessor-version":[{"id":23399,"href":"https:\/\/adlerarena.com\/sl\/wp-json\/wp\/v2\/pages\/16829\/revisions\/23399"}],"wp:featuredmedia":[{"embeddable":true,"href":"https:\/\/adlerarena.com\/sl\/wp-json\/wp\/v2\/media\/20787"}],"wp:attachment":[{"href":"https:\/\/adlerarena.com\/sl\/wp-json\/wp\/v2\/media?parent=16829"}],"curies":[{"name":"wp","href":"https:\/\/api.w.org\/{rel}","templated":true}]}}