{"id":16872,"date":"2015-05-04T11:06:55","date_gmt":"2015-05-04T09:06:55","guid":{"rendered":"http:\/\/adlerarena.epsimec.com\/informationen-2\/"},"modified":"2026-01-15T11:59:36","modified_gmt":"2026-01-15T10:59:36","slug":"informacija","status":"publish","type":"page","link":"https:\/\/adlerarena.com\/sl\/informacija\/","title":{"rendered":"Informacije"},"content":{"rendered":"<section class=\"wpb-content-wrapper\"><p>[vc_row type=&#8221;grid&#8221; css=&#8221;.vc_custom_1706276375658{padding-bottom: 50px !important;}&#8221;][vc_column][vc_column_text]<\/p>\n<h2 style=\"text-align: center;\">Pomembne informacije<\/h2>\n<p>[\/vc_column_text][vc_separator transparency=&#8221;0&#8243; up=&#8221;35&#8243; down=&#8221;17&#8243;][\/vc_column][\/vc_row][vc_row type=&#8221;grid&#8221; css=&#8221;.vc_custom_1706276381409{padding-bottom: 50px !important;}&#8221;][vc_column][vc_tta_accordion][vc_tta_section title=&#8221;Delovni \u010das&#8221; tab_id=&#8221;1547625581389-373fb9fc-609b&#8221;][vc_column_text css=&#8221;.vc_custom_1768474760724{margin-bottom: 25px !important;}&#8221;]<span class=\"tlid-translation translation\"><span class=\"\" title=\"\">Adler Arena je odprta vsak dan <\/span><strong>5. aprila do 31. oktobra 2026<\/strong><br \/>\n<span class=\"\" title=\"\">Blagajna se odpre 30 minut pred ustreznim predstavo.<\/span><\/span>[\/vc_column_text][vc_column_text]<\/p>\n<table style=\"height: 70px;\" width=\"800\">\n<tbody>\n<tr>\n<td style=\"width: 25%;\"><\/td>\n<td><strong>Adler Arena<\/strong><\/td>\n<td><strong>Dnevne predstave<\/strong><\/td>\n<td><\/td>\n<td><\/td>\n<td><\/td>\n<\/tr>\n<\/tbody>\n<\/table>\n<p>&nbsp;<\/p>\n<table style=\"height: 170px;\" width=\"800\">\n<tbody>\n<tr>\n<td style=\"width: 25%;\">\n<h4>od 5. Aprile:<\/h4>\n<\/td>\n<td><\/td>\n<td>Show 1<\/td>\n<td>Show 2<\/td>\n<td>Show 3<\/td>\n<td>Show 4<\/td>\n<\/tr>\n<tr>\n<td style=\"width: 25%;\">Od ponedeljka do sobote<\/td>\n<td>10.30 do 16.00<\/td>\n<td>11.00<\/td>\n<td>13.00<\/td>\n<td>15.00<\/td>\n<td><\/td>\n<\/tr>\n<tr>\n<td style=\"width: 25%;\">Nedelja in po\u010ditnice<\/td>\n<td>10.30 do 18.00<\/td>\n<td>11.00<\/td>\n<td>13.00<\/td>\n<td>15.00<\/td>\n<td><\/td>\n<\/tr>\n<\/tbody>\n<\/table>\n<hr \/>\n<table style=\"height: 170px;\" width=\"800\">\n<tbody>\n<tr>\n<td style=\"width: 25%;\">\n<h4>maj &amp; junij:<\/h4>\n<\/td>\n<td><\/td>\n<td>Show 1<\/td>\n<td>Show 2<\/td>\n<td>Show 3<\/td>\n<td>Show 4<\/td>\n<\/tr>\n<tr>\n<td style=\"width: 25%;\">Od ponedeljka do sobote<\/td>\n<td>10.30 do 16.00<\/td>\n<td>11.00<\/td>\n<td>13.00<\/td>\n<td>15.00<\/td>\n<\/tr>\n<tr>\n<td style=\"width: 25%;\">Nedelja in po\u010ditnice<\/td>\n<td>10.30 do 18.00<\/td>\n<td>11.00<\/td>\n<td>13.00<\/td>\n<td>15.00<\/td>\n<td>17.00<\/td>\n<\/tr>\n<\/tbody>\n<\/table>\n<hr \/>\n<table style=\"height: 170px;\" width=\"800\">\n<tbody>\n<tr>\n<td style=\"width: 25%;\">\n<h4><\/h4>\n<\/td>\n<td><\/td>\n<td><\/td>\n<td><\/td>\n<td><\/td>\n<td><\/td>\n<\/tr>\n<tr>\n<td style=\"width: 25%;\">\n<h4>Julij &amp; avgust:<\/h4>\n<\/td>\n<td><\/td>\n<td>Show 1<\/td>\n<td>Show 2<\/td>\n<td>Show 3<\/td>\n<td>Show 4<\/td>\n<\/tr>\n<tr>\n<td style=\"width: 25%;\">Od ponedeljka do nedelje<\/td>\n<td>10.30 do 18.00<\/td>\n<td>11.00<\/td>\n<td>13.00<\/td>\n<td>15.00<\/td>\n<td>17.00<\/td>\n<\/tr>\n<\/tbody>\n<\/table>\n<hr \/>\n<table style=\"height: 170px;\" width=\"800\">\n<tbody>\n<tr>\n<td style=\"width: 25%;\"><\/td>\n<td><\/td>\n<td><\/td>\n<td><\/td>\n<td><\/td>\n<\/tr>\n<tr>\n<td style=\"width: 25%;\">\n<h4>September:<\/h4>\n<\/td>\n<td><\/td>\n<td>Show 1<\/td>\n<td>Show 2<\/td>\n<td>Show 3<\/td>\n<td>Show 4<\/td>\n<\/tr>\n<tr>\n<td style=\"width: 25%;\">Od ponedeljka do sobote<\/td>\n<td>10.30 do 16.00<\/td>\n<td>11.00<\/td>\n<td>13.00<\/td>\n<td>15.00<\/td>\n<\/tr>\n<tr>\n<td style=\"width: 25%;\">Nedelja in po\u010ditnice<\/td>\n<td>10.30 do 18.00<\/td>\n<td>11.00<\/td>\n<td>13.00<\/td>\n<td>15.00<\/td>\n<td>17.00<\/td>\n<\/tr>\n<\/tbody>\n<\/table>\n<hr \/>\n<table style=\"height: 170px;\" width=\"800\">\n<tbody>\n<tr>\n<td style=\"width: 25%;\">\n<h4><\/h4>\n<\/td>\n<td><\/td>\n<td><\/td>\n<td><\/td>\n<td><\/td>\n<\/tr>\n<tr>\n<td style=\"width: 25%;\">\n<h4>Oktober<\/h4>\n<\/td>\n<td><\/td>\n<td>Show 1<\/td>\n<td>Show 2<\/td>\n<td>Show 3<\/td>\n<td>Show 4<\/td>\n<\/tr>\n<tr>\n<td style=\"width: 25%;\">Od ponedeljka do nedelje<\/td>\n<td>10.30 do 16.00<\/td>\n<td>11.00<\/td>\n<td>13.00<\/td>\n<td>15.00<\/td>\n<td><\/td>\n<\/tr>\n<\/tbody>\n<\/table>\n<p>[\/vc_column_text][vc_column_text css=&#8221;.vc_custom_1562573106627{margin-top: 25px !important;}&#8221;]* \u017divalski vrt ptic roparic je odprt v \u010dasu predstav, ko si ga lahko ogledate &#8211; vklju\u010denov ceno.<br \/>\n* V primeru slabega vremena ali zamude lahko dobite zni\u017eano ustopnico. Ve\u010d informacij dobite na blagajni.<br \/>\n* Mest za predstavo ni mogo\u010de rezervirati, ker ni na vdjo o\u0161tevil\u010denih sede\u017eev.<br \/>\n* Priporo\u010dljivo je, da na predstavo pridete vsaj pd ure pred za\u010detkom vsakega ka\u017eejo , da si zagotovite \u017eeljeni sede\u017e.<br \/>\n* Psa lahko pripeljete s seboj na vrvici.[\/vc_column_text][\/vc_tta_section][vc_tta_section title=&#8221;Sprejem in pla\u010dilo&#8221; tab_id=&#8221;1547625581444-460e663a-05bf&#8221;][vc_column_text]<\/p>\n<ul>\n<li><span class=\"tlid-translation translation\"><span class=\"\" title=\"\">Pla\u010dilo je mo\u017eno tudi s kreditnimi ali debetnimi karticami.<\/span><\/span><\/li>\n<li>Cena za turisti\u010dne skupine velja od 20 oseb naprej. Vstopnice za celo skupino mora kupiti ena sama oseba.<\/li>\n<li>Na skupino 20 oseb prost vstop za turisti\u010dnega vodnika. Na skupino 40 oseb prost vstop za turisti\u010dnega vodnika in voznika avtobusa.<\/li>\n<li>Mest za predstavo ni mogo\u010de rezervirati ker nimamo na voljo o\u0161tevil\u010denih sedi\u0161\u010d. Priporo\u010dljivo pa je, da na predstavo pridete vsaj pol ure pred za\u010detkom, da si poi\u0161\u010dete primeren sede\u017e.\u00a0Dovoljeno je s seboj pripeljati psa na povodcu.<\/li>\n<\/ul>\n<p>[\/vc_column_text][\/vc_tta_section][vc_tta_section title=&#8221;Navodila in parkiranje&#8221; tab_id=&#8221;1547629129163-65b908ef-2766&#8243;][vc_column_text css=&#8221;.vc_custom_1551259569647{margin-bottom: 25px !important;}&#8221;]<\/p>\n<h3><strong>Naslov<\/strong><\/h3>\n<p>Greifvogelwarte Landskron Adler Arena<br \/>\nSchlo\u00dfbergweg 30<br \/>\n9523 Landskron[\/vc_column_text][vc_column_text css=&#8221;.vc_custom_1560852013141{margin-bottom: 25px !important;}&#8221;]<span class=\"tlid-translation translation\"><span class=\"\" title=\"\">Podrobnosti o prihodu in na\u010drtovalcu poti najdete tukaj: <\/span><\/span><strong><a href=\"https:\/\/adlerarena.com\/zemljevid\/?lang=sl\">Pot<\/a><\/strong>[\/vc_column_text][vc_column_text css=&#8221;.vc_custom_1551259693389{margin-bottom: 15px !important;}&#8221;]Parkirna mesta za avtobuse. Na voljo je dovolj sen\u010dnih in prostornih parkirnih mest za avtobuse v neposredni bli\u017eini grajskega ribnika.<br \/>\n[\/vc_column_text][vc_column_text css=&#8221;.vc_custom_1560852112687{margin-bottom: 15px !important;}&#8221;]<\/p>\n<div class=\"wpb_text_column wpb_content_element \">\n<div class=\"wpb_wrapper\">\n<p>10-minutna pe\u0161pot do arene z orli in grajske restavracije.<\/p>\n<\/div>\n<\/div>\n<p>[\/vc_column_text][vc_column_text css=&#8221;.vc_custom_1560852094310{margin-bottom: 15px !important;}&#8221;]<\/p>\n<div class=\"wpb_text_column wpb_content_element \">\n<div class=\"wpb_wrapper\">\n<p>Za goste grajske restavracije, ki te\u017eko hodijo, je ob predhodni najavi na voljo brezpla\u010den avtobus, ki jih pripelje do vhoda arene.<br \/>\n<strong>Pomembne informacije: rezervacije sprejemamo 7 dni pred prihodom pisno na e-naslov: <a href=\"mailto:office@burglandskron.at\">office@burg-landskron.at<\/a>. <\/strong>Ta ponudba velja le skupaj s prigrizkom v grajskem lokalu ali grajski restavraciji.<\/p>\n<\/div>\n<\/div>\n<p>[\/vc_column_text][\/vc_tta_section][vc_tta_section title=&#8221;Trajanje ogleda&#8221; tab_id=&#8221;1547629434411-72f59e66-698b&#8221;][vc_column_text]<\/p>\n<ul>\n<li>pribl. 3 ure<\/li>\n<li>Predstava z orli 60 minut<\/li>\n<li>Obisk \u017eivalskega vrta 30 minut (mogo\u010de le neposredno pred in po predstavi z orli)<\/li>\n<li>Grajska gastronomija 60 minut (na \u017eeljo tudi dlje)<\/li>\n<\/ul>\n<p>[\/vc_column_text][\/vc_tta_section][vc_tta_section title=&#8221;Gastronomija&#8221; tab_id=&#8221;1547629483479-d7c59b4b-02d1&#8243;][vc_column_text css=&#8221;.vc_custom_1551259916885{margin-bottom: 15px !important;}&#8221;]<\/p>\n<h3><span class=\"arena\">Kavarna in restavracija<\/span><\/h3>\n<p><span class=\"arena\">Kava in kola\u010di, posebni meniji za turisti\u010dne skupine, gurmanski meniji, vite\u0161ka pojedina.<br \/>\n<span class=\"tlid-translation translation\"><span class=\"\" title=\"\">Delovni \u010das, menije in ponudbe najdete tukaj:<\/span><\/span> <strong><a href=\"https:\/\/www.burg-landskron.at\/haubenrestaurant-kronensaal\/\">Caf\u00e9 &amp; Restaurant Burg Landskron<\/a><\/strong><\/span>[\/vc_column_text][vc_column_text css=&#8221;.vc_custom_1551259902214{margin-bottom: 15px !important;}&#8221;]<\/p>\n<h3><span class=\"arena\"><strong>Grajski lokal<\/strong><\/span><\/h3>\n<p><span class=\"arena\">manj\u0161e jedi in prigrizki<br \/>\n<span class=\"tlid-translation translation\"><span class=\"\" title=\"\">Vse pomembne informacije najdete tukaj:<\/span><\/span> <strong><a href=\"https:\/\/www.burg-landskron.at\/burg-imbiss-geschenksboutique\/\">Grajski lokal<\/a><\/strong><\/span>[\/vc_column_text][vc_column_text css=&#8221;.vc_custom_1551259934351{margin-bottom: 15px !important;}&#8221;]<\/p>\n<h4>Grajska gastronomija<\/h4>\n<p><span class=\"arena\">Tel. +43 4242 41563<br \/>\n<a href=\"mailto:office@burg-landskron.at\">office@burg-landskron.at<\/a><br \/>\n<a href=\"http:\/\/www.burg-landskron.at\">www.burg-landskron.at<\/a><\/span>[\/vc_column_text][\/vc_tta_section][vc_tta_section title=&#8221;Invalidnim osebam prilagojena oprema&#8221; tab_id=&#8221;1547629986016-60fa302d-d67a&#8221;][vc_column_text]<\/p>\n<div class=\"wpb_text_column wpb_content_element \">\n<div class=\"wpb_wrapper\">\n<div class=\"wpb_text_column wpb_content_element \">\n<div class=\"wpb_wrapper\">\n<p>Je na voljo v areni z orli.<\/p>\n<\/div>\n<\/div>\n<\/div>\n<\/div>\n<p>[\/vc_column_text][\/vc_tta_section][vc_tta_section title=&#8221;Ve\u010d informacij&#8221; tab_id=&#8221;1547630086201-0f0266b8-3076&#8243;][vc_column_text]<span class=\"tlid-translation translation\"><span class=\"\" title=\"\">\u010ce imate dodatna vpra\u0161anja nas pokli\u010dite. Se veselimo va\u0161ega obiska.<\/span><\/span><\/p>\n<p>&nbsp;<\/p>\n<p>Adler Arena<\/p>\n<p>Mobil: +43 664 35 76 34 1<\/p>\n<p>Tel. +43 4242 42888<\/p>\n<p><a href=\"mailto:info@adlerarena.com\">info@adlerarena.com<\/a><\/p>\n<p><a href=\"http:\/\/www.adlerarena.com\">www.adlerarena.com<\/a>[\/vc_column_text][\/vc_tta_section][\/vc_tta_accordion][\/vc_column][\/vc_row][vc_row][vc_column][\/vc_column][\/vc_row]<\/p>\n<\/section>","protected":false},"excerpt":{"rendered":"<p>[vc_row type=&#8221;grid&#8221; css=&#8221;.vc_custom_1706276375658{padding-bottom: 50px !important;}&#8221;][vc_column][vc_column_text] Pomembne informacije [\/vc_column_text][vc_separator transparency=&#8221;0&#8243; up=&#8221;35&#8243; down=&#8221;17&#8243;][\/vc_column][\/vc_row][vc_row type=&#8221;grid&#8221; css=&#8221;.vc_custom_1706276381409{padding-bottom: 50px !important;}&#8221;][vc_column][vc_tta_accordion][vc_tta_section title=&#8221;Delovni \u010das&#8221; tab_id=&#8221;1547625581389-373fb9fc-609b&#8221;][vc_column_text css=&#8221;.vc_custom_1768474760724{margin-bottom: 25px !important;}&#8221;]Adler Arena je odprta vsak dan 5. aprila do 31. oktobra 2026 Blagajna se odpre 30 minut pred ustreznim predstavo.[\/vc_column_text][vc_column_text] Adler Arena Dnevne predstave &nbsp;&#8230;<\/p>\n","protected":false},"author":1,"featured_media":20866,"parent":0,"menu_order":0,"comment_status":"open","ping_status":"closed","template":"full_width.php","meta":{"footnotes":""},"class_list":["post-16872","page","type-page","status-publish","has-post-thumbnail","hentry"],"yoast_head":"<!-- This site is optimized with the Yoast SEO plugin v26.7 - https:\/\/yoast.com\/wordpress\/plugins\/seo\/ -->\n<title>Informacije - Adlerarena Landskron<\/title>\n<meta name=\"robots\" content=\"index, follow, max-snippet:-1, max-image-preview:large, max-video-preview:-1\" \/>\n<link rel=\"canonical\" href=\"https:\/\/adlerarena.com\/sl\/informacija\/\" \/>\n<meta property=\"og:locale\" content=\"sl_SI\" \/>\n<meta property=\"og:type\" content=\"article\" \/>\n<meta property=\"og:title\" content=\"Informacije - Adlerarena Landskron\" \/>\n<meta property=\"og:description\" content=\"[vc_row type=&#8221;grid&#8221; css=&#8221;.vc_custom_1706276375658{padding-bottom: 50px !important;}&#8221;][vc_column][vc_column_text] Pomembne informacije [\/vc_column_text][vc_separator transparency=&#8221;0&#8243; up=&#8221;35&#8243; down=&#8221;17&#8243;][\/vc_column][\/vc_row][vc_row type=&#8221;grid&#8221; css=&#8221;.vc_custom_1706276381409{padding-bottom: 50px !important;}&#8221;][vc_column][vc_tta_accordion][vc_tta_section title=&#8221;Delovni \u010das&#8221; tab_id=&#8221;1547625581389-373fb9fc-609b&#8221;][vc_column_text css=&#8221;.vc_custom_1768474760724{margin-bottom: 25px !important;}&#8221;]Adler Arena je odprta vsak dan 5. aprila do 31. oktobra 2026 Blagajna se odpre 30 minut pred ustreznim predstavo.[\/vc_column_text][vc_column_text] Adler Arena Dnevne predstave &nbsp;...\" \/>\n<meta property=\"og:url\" content=\"https:\/\/adlerarena.com\/sl\/informacija\/\" \/>\n<meta property=\"og:site_name\" content=\"Adlerarena Landskron\" \/>\n<meta property=\"article:publisher\" content=\"https:\/\/www.facebook.com\/AdlerarenaLandskron\/\" \/>\n<meta property=\"article:modified_time\" content=\"2026-01-15T10:59:36+00:00\" \/>\n<meta property=\"og:image\" content=\"https:\/\/adlerarena.com\/wp-content\/uploads\/2020\/07\/Inforamtionen-Greifvogelwarte-Landskron-Villach-Reisenseeadler-KF.jpg\" \/>\n\t<meta property=\"og:image:width\" content=\"1250\" \/>\n\t<meta property=\"og:image:height\" content=\"833\" \/>\n\t<meta property=\"og:image:type\" content=\"image\/jpeg\" \/>\n<meta name=\"twitter:card\" content=\"summary_large_image\" \/>\n<meta name=\"twitter:label1\" content=\"Est. reading time\" \/>\n\t<meta name=\"twitter:data1\" content=\"4 minute\" \/>\n<script type=\"application\/ld+json\" class=\"yoast-schema-graph\">{\"@context\":\"https:\/\/schema.org\",\"@graph\":[{\"@type\":\"WebPage\",\"@id\":\"https:\/\/adlerarena.com\/sl\/informacija\/\",\"url\":\"https:\/\/adlerarena.com\/sl\/informacija\/\",\"name\":\"Informacije - Adlerarena Landskron\",\"isPartOf\":{\"@id\":\"https:\/\/adlerarena.com\/#website\"},\"primaryImageOfPage\":{\"@id\":\"https:\/\/adlerarena.com\/sl\/informacija\/#primaryimage\"},\"image\":{\"@id\":\"https:\/\/adlerarena.com\/sl\/informacija\/#primaryimage\"},\"thumbnailUrl\":\"https:\/\/adlerarena.com\/wp-content\/uploads\/2020\/07\/Inforamtionen-Greifvogelwarte-Landskron-Villach-Reisenseeadler-KF.jpg\",\"datePublished\":\"2015-05-04T09:06:55+00:00\",\"dateModified\":\"2026-01-15T10:59:36+00:00\",\"breadcrumb\":{\"@id\":\"https:\/\/adlerarena.com\/sl\/informacija\/#breadcrumb\"},\"inLanguage\":\"sl-SI\",\"potentialAction\":[{\"@type\":\"ReadAction\",\"target\":[\"https:\/\/adlerarena.com\/sl\/informacija\/\"]}]},{\"@type\":\"ImageObject\",\"inLanguage\":\"sl-SI\",\"@id\":\"https:\/\/adlerarena.com\/sl\/informacija\/#primaryimage\",\"url\":\"https:\/\/adlerarena.com\/wp-content\/uploads\/2020\/07\/Inforamtionen-Greifvogelwarte-Landskron-Villach-Reisenseeadler-KF.jpg\",\"contentUrl\":\"https:\/\/adlerarena.com\/wp-content\/uploads\/2020\/07\/Inforamtionen-Greifvogelwarte-Landskron-Villach-Reisenseeadler-KF.jpg\",\"width\":1250,\"height\":833,\"caption\":\"Informationen Adlerwarte Burg Landskron - Adler\"},{\"@type\":\"BreadcrumbList\",\"@id\":\"https:\/\/adlerarena.com\/sl\/informacija\/#breadcrumb\",\"itemListElement\":[{\"@type\":\"ListItem\",\"position\":1,\"name\":\"Startseite\",\"item\":\"https:\/\/adlerarena.com\/sl\/\"},{\"@type\":\"ListItem\",\"position\":2,\"name\":\"Informacije\"}]},{\"@type\":\"WebSite\",\"@id\":\"https:\/\/adlerarena.com\/#website\",\"url\":\"https:\/\/adlerarena.com\/\",\"name\":\"Adlerarena Landskron\",\"description\":\"Adler-Flugschau Burg Landskron mit Europas einzigartigem Greifvogelpark\",\"publisher\":{\"@id\":\"https:\/\/adlerarena.com\/#organization\"},\"potentialAction\":[{\"@type\":\"SearchAction\",\"target\":{\"@type\":\"EntryPoint\",\"urlTemplate\":\"https:\/\/adlerarena.com\/?s={search_term_string}\"},\"query-input\":{\"@type\":\"PropertyValueSpecification\",\"valueRequired\":true,\"valueName\":\"search_term_string\"}}],\"inLanguage\":\"sl-SI\"},{\"@type\":\"Organization\",\"@id\":\"https:\/\/adlerarena.com\/#organization\",\"name\":\"Adlerarena Burg Landskron\",\"url\":\"https:\/\/adlerarena.com\/\",\"logo\":{\"@type\":\"ImageObject\",\"inLanguage\":\"sl-SI\",\"@id\":\"https:\/\/adlerarena.com\/#\/schema\/logo\/image\/\",\"url\":\"https:\/\/adlerarena.com\/wp-content\/uploads\/2020\/07\/Adlerarena-Burg-Landskron-Logo.png\",\"contentUrl\":\"https:\/\/adlerarena.com\/wp-content\/uploads\/2020\/07\/Adlerarena-Burg-Landskron-Logo.png\",\"width\":246,\"height\":150,\"caption\":\"Adlerarena Burg Landskron\"},\"image\":{\"@id\":\"https:\/\/adlerarena.com\/#\/schema\/logo\/image\/\"},\"sameAs\":[\"https:\/\/www.facebook.com\/AdlerarenaLandskron\/\",\"https:\/\/www.instagram.com\/adlerarena_burglandskron\/\",\"https:\/\/www.pinterest.at\/AdlerarenaBurgLandskron\/\",\"https:\/\/de.wikipedia.org\/wiki\/Adlerarena_Burg_Landskron\"]}]}<\/script>\n<!-- \/ Yoast SEO plugin. -->","yoast_head_json":{"title":"Informacije - Adlerarena Landskron","robots":{"index":"index","follow":"follow","max-snippet":"max-snippet:-1","max-image-preview":"max-image-preview:large","max-video-preview":"max-video-preview:-1"},"canonical":"https:\/\/adlerarena.com\/sl\/informacija\/","og_locale":"sl_SI","og_type":"article","og_title":"Informacije - Adlerarena Landskron","og_description":"[vc_row type=&#8221;grid&#8221; css=&#8221;.vc_custom_1706276375658{padding-bottom: 50px !important;}&#8221;][vc_column][vc_column_text] Pomembne informacije [\/vc_column_text][vc_separator transparency=&#8221;0&#8243; up=&#8221;35&#8243; down=&#8221;17&#8243;][\/vc_column][\/vc_row][vc_row type=&#8221;grid&#8221; css=&#8221;.vc_custom_1706276381409{padding-bottom: 50px !important;}&#8221;][vc_column][vc_tta_accordion][vc_tta_section title=&#8221;Delovni \u010das&#8221; tab_id=&#8221;1547625581389-373fb9fc-609b&#8221;][vc_column_text css=&#8221;.vc_custom_1768474760724{margin-bottom: 25px !important;}&#8221;]Adler Arena je odprta vsak dan 5. aprila do 31. oktobra 2026 Blagajna se odpre 30 minut pred ustreznim predstavo.[\/vc_column_text][vc_column_text] Adler Arena Dnevne predstave &nbsp;...","og_url":"https:\/\/adlerarena.com\/sl\/informacija\/","og_site_name":"Adlerarena Landskron","article_publisher":"https:\/\/www.facebook.com\/AdlerarenaLandskron\/","article_modified_time":"2026-01-15T10:59:36+00:00","og_image":[{"width":1250,"height":833,"url":"https:\/\/adlerarena.com\/wp-content\/uploads\/2020\/07\/Inforamtionen-Greifvogelwarte-Landskron-Villach-Reisenseeadler-KF.jpg","type":"image\/jpeg"}],"twitter_card":"summary_large_image","twitter_misc":{"Est. reading time":"4 minute"},"schema":{"@context":"https:\/\/schema.org","@graph":[{"@type":"WebPage","@id":"https:\/\/adlerarena.com\/sl\/informacija\/","url":"https:\/\/adlerarena.com\/sl\/informacija\/","name":"Informacije - Adlerarena Landskron","isPartOf":{"@id":"https:\/\/adlerarena.com\/#website"},"primaryImageOfPage":{"@id":"https:\/\/adlerarena.com\/sl\/informacija\/#primaryimage"},"image":{"@id":"https:\/\/adlerarena.com\/sl\/informacija\/#primaryimage"},"thumbnailUrl":"https:\/\/adlerarena.com\/wp-content\/uploads\/2020\/07\/Inforamtionen-Greifvogelwarte-Landskron-Villach-Reisenseeadler-KF.jpg","datePublished":"2015-05-04T09:06:55+00:00","dateModified":"2026-01-15T10:59:36+00:00","breadcrumb":{"@id":"https:\/\/adlerarena.com\/sl\/informacija\/#breadcrumb"},"inLanguage":"sl-SI","potentialAction":[{"@type":"ReadAction","target":["https:\/\/adlerarena.com\/sl\/informacija\/"]}]},{"@type":"ImageObject","inLanguage":"sl-SI","@id":"https:\/\/adlerarena.com\/sl\/informacija\/#primaryimage","url":"https:\/\/adlerarena.com\/wp-content\/uploads\/2020\/07\/Inforamtionen-Greifvogelwarte-Landskron-Villach-Reisenseeadler-KF.jpg","contentUrl":"https:\/\/adlerarena.com\/wp-content\/uploads\/2020\/07\/Inforamtionen-Greifvogelwarte-Landskron-Villach-Reisenseeadler-KF.jpg","width":1250,"height":833,"caption":"Informationen Adlerwarte Burg Landskron - Adler"},{"@type":"BreadcrumbList","@id":"https:\/\/adlerarena.com\/sl\/informacija\/#breadcrumb","itemListElement":[{"@type":"ListItem","position":1,"name":"Startseite","item":"https:\/\/adlerarena.com\/sl\/"},{"@type":"ListItem","position":2,"name":"Informacije"}]},{"@type":"WebSite","@id":"https:\/\/adlerarena.com\/#website","url":"https:\/\/adlerarena.com\/","name":"Adlerarena Landskron","description":"Adler-Flugschau Burg Landskron mit Europas einzigartigem Greifvogelpark","publisher":{"@id":"https:\/\/adlerarena.com\/#organization"},"potentialAction":[{"@type":"SearchAction","target":{"@type":"EntryPoint","urlTemplate":"https:\/\/adlerarena.com\/?s={search_term_string}"},"query-input":{"@type":"PropertyValueSpecification","valueRequired":true,"valueName":"search_term_string"}}],"inLanguage":"sl-SI"},{"@type":"Organization","@id":"https:\/\/adlerarena.com\/#organization","name":"Adlerarena Burg Landskron","url":"https:\/\/adlerarena.com\/","logo":{"@type":"ImageObject","inLanguage":"sl-SI","@id":"https:\/\/adlerarena.com\/#\/schema\/logo\/image\/","url":"https:\/\/adlerarena.com\/wp-content\/uploads\/2020\/07\/Adlerarena-Burg-Landskron-Logo.png","contentUrl":"https:\/\/adlerarena.com\/wp-content\/uploads\/2020\/07\/Adlerarena-Burg-Landskron-Logo.png","width":246,"height":150,"caption":"Adlerarena Burg Landskron"},"image":{"@id":"https:\/\/adlerarena.com\/#\/schema\/logo\/image\/"},"sameAs":["https:\/\/www.facebook.com\/AdlerarenaLandskron\/","https:\/\/www.instagram.com\/adlerarena_burglandskron\/","https:\/\/www.pinterest.at\/AdlerarenaBurgLandskron\/","https:\/\/de.wikipedia.org\/wiki\/Adlerarena_Burg_Landskron"]}]}},"_links":{"self":[{"href":"https:\/\/adlerarena.com\/sl\/wp-json\/wp\/v2\/pages\/16872","targetHints":{"allow":["GET"]}}],"collection":[{"href":"https:\/\/adlerarena.com\/sl\/wp-json\/wp\/v2\/pages"}],"about":[{"href":"https:\/\/adlerarena.com\/sl\/wp-json\/wp\/v2\/types\/page"}],"author":[{"embeddable":true,"href":"https:\/\/adlerarena.com\/sl\/wp-json\/wp\/v2\/users\/1"}],"replies":[{"embeddable":true,"href":"https:\/\/adlerarena.com\/sl\/wp-json\/wp\/v2\/comments?post=16872"}],"version-history":[{"count":40,"href":"https:\/\/adlerarena.com\/sl\/wp-json\/wp\/v2\/pages\/16872\/revisions"}],"predecessor-version":[{"id":23259,"href":"https:\/\/adlerarena.com\/sl\/wp-json\/wp\/v2\/pages\/16872\/revisions\/23259"}],"wp:featuredmedia":[{"embeddable":true,"href":"https:\/\/adlerarena.com\/sl\/wp-json\/wp\/v2\/media\/20866"}],"wp:attachment":[{"href":"https:\/\/adlerarena.com\/sl\/wp-json\/wp\/v2\/media?parent=16872"}],"curies":[{"name":"wp","href":"https:\/\/api.w.org\/{rel}","templated":true}]}}