{"id":20294,"date":"2015-05-04T15:56:43","date_gmt":"2015-05-04T13:56:43","guid":{"rendered":"https:\/\/adlerarena.com\/greifvoegel-eulen\/"},"modified":"2024-01-29T11:21:58","modified_gmt":"2024-01-29T10:21:58","slug":"ptice-roparice-in-sove","status":"publish","type":"page","link":"https:\/\/adlerarena.com\/sl\/ptice-roparice-in-sove\/","title":{"rendered":"Ptice roparice in sove"},"content":{"rendered":"<div class=\"wpb-content-wrapper\"><p>[vc_row type=&#8221;grid&#8221;][vc_column][vc_empty_space height=&#8221;55px&#8221;][vc_column_text]<\/p>\n<h2 style=\"text-align: center;\">Ptice roparice in sove<\/h2>\n<p>[\/vc_column_text][vc_separator type=&#8221;transparent&#8221; thickness=&#8221;1&#8243; down=&#8221;50&#8243;][vc_column_text]V sredi\u0161\u010du zgodovinskega gradu boste videli razli\u010dne vrste ptic, ki tvorijo edini \u017eivalski vrt v Evropi, kjer \u017eivijo roparice in sove. Zaradi strokovne oskrbe imajo zagotovljeno predvsem spro\u0161\u010deno naravno \u017eivljenje. Tako je mogo\u010de opazovati in spoznati vsakdanje \u017eivljenje teh \u010dudovitih \u017eivali, brez da se po\u010dutijo ogro\u017eene.[\/vc_column_text][vc_separator type=&#8221;transparent&#8221; thickness=&#8221;1&#8243; down=&#8221;50&#8243;][vc_column_text]<\/p>\n<h2 style=\"text-align: center;\">Ptice roparice<\/h2>\n<p>[\/vc_column_text][vc_separator type=&#8221;transparent&#8221; thickness=&#8221;1&#8243; down=&#8221;50&#8243;][\/vc_column][\/vc_row][vc_row type=&#8221;grid&#8221;][vc_column][vc_column_text css=&#8221;.vc_custom_1558942116863{padding-top: 5px !important;padding-bottom: 10px !important;}&#8221;]<\/p>\n<h3>OREL<\/h3>\n<p>[\/vc_column_text][vc_row_inner][vc_column_inner width=&#8221;1\/4&#8243;][vc_single_image image=&#8221;20259&#8243; img_size=&#8221;150&#215;128&#8243; qode_css_animation=&#8221;element_from_fade&#8221;][vc_separator type=&#8221;transparent&#8221; thickness=&#8221;1&#8243; up=&#8221;6&#8243; down=&#8221;6&#8243;][vc_column_text]<\/p>\n<h6>Steinadler<\/h6>\n<p>Aquila Chrysaetos[\/vc_column_text][vc_separator type=&#8221;transparent&#8221; thickness=&#8221;1&#8243; up=&#8221;20&#8243; down=&#8221;20&#8243;][\/vc_column_inner][vc_column_inner width=&#8221;1\/4&#8243;][vc_single_image image=&#8221;16493&#8243; img_size=&#8221;full&#8221; qode_css_animation=&#8221;element_from_fade&#8221; transition_delay=&#8221;1&#8243;][vc_separator type=&#8221;transparent&#8221; thickness=&#8221;1&#8243; up=&#8221;6&#8243; down=&#8221;6&#8243;][vc_column_text]<\/p>\n<h6>Kaiseradler<\/h6>\n<p>Aquila Heliaca[\/vc_column_text][vc_separator type=&#8221;transparent&#8221; thickness=&#8221;1&#8243; up=&#8221;20&#8243; down=&#8221;20&#8243;][\/vc_column_inner][vc_column_inner width=&#8221;1\/4&#8243;][vc_single_image image=&#8221;20175&#8243; img_size=&#8221;150&#215;128&#8243; qode_css_animation=&#8221;element_from_fade&#8221; transition_delay=&#8221;1&#8243;][vc_separator type=&#8221;transparent&#8221; thickness=&#8221;1&#8243; up=&#8221;6&#8243; down=&#8221;6&#8243;][vc_column_text]<\/p>\n<h6>Steppenadler<\/h6>\n<p>Aquila Nipalensis[\/vc_column_text][vc_separator type=&#8221;transparent&#8221; thickness=&#8221;1&#8243; up=&#8221;20&#8243; down=&#8221;20&#8243;][\/vc_column_inner][vc_column_inner width=&#8221;1\/4&#8243;][vc_single_image image=&#8221;16508&#8243; img_size=&#8221;full&#8221; qode_css_animation=&#8221;element_from_fade&#8221; transition_delay=&#8221;1&#8243;][vc_separator type=&#8221;transparent&#8221; thickness=&#8221;1&#8243; up=&#8221;6&#8243; down=&#8221;6&#8243;][vc_column_text]<\/p>\n<h6>Kaffern Adler<\/h6>\n<p>AquilaVerreauxii[\/vc_column_text][vc_separator type=&#8221;transparent&#8221; thickness=&#8221;1&#8243; up=&#8221;20&#8243; down=&#8221;20&#8243;][\/vc_column_inner][\/vc_row_inner][vc_row_inner][vc_column_inner width=&#8221;1\/4&#8243;][vc_single_image image=&#8221;16516&#8243; img_size=&#8221;full&#8221; qode_css_animation=&#8221;element_from_fade&#8221; transition_delay=&#8221;1&#8243;][vc_separator type=&#8221;transparent&#8221; thickness=&#8221;1&#8243; up=&#8221;6&#8243; down=&#8221;6&#8243;][vc_column_text]<\/p>\n<h6>Riesenseeadler<\/h6>\n<p>Haliae\u00e9tus Pelegicus[\/vc_column_text][vc_separator type=&#8221;transparent&#8221; thickness=&#8221;1&#8243; up=&#8221;20&#8243; down=&#8221;20&#8243;][\/vc_column_inner][vc_column_inner width=&#8221;1\/4&#8243;][vc_single_image image=&#8221;16517&#8243; img_size=&#8221;full&#8221; qode_css_animation=&#8221;element_from_fade&#8221; transition_delay=&#8221;2&#8243;][vc_separator type=&#8221;transparent&#8221; thickness=&#8221;1&#8243; up=&#8221;6&#8243; down=&#8221;6&#8243;][vc_column_text]<\/p>\n<h6>Seeadler<\/h6>\n<p>Hiliae\u00e9tus Albicilia[\/vc_column_text][vc_separator type=&#8221;transparent&#8221; thickness=&#8221;1&#8243; up=&#8221;20&#8243; down=&#8221;20&#8243;][\/vc_column_inner][vc_column_inner width=&#8221;1\/4&#8243;][vc_single_image image=&#8221;17567&#8243; img_size=&#8221;full&#8221; qode_css_animation=&#8221;element_from_fade&#8221; transition_delay=&#8221;0&#8243;][vc_separator type=&#8221;transparent&#8221; thickness=&#8221;1&#8243; up=&#8221;6&#8243; down=&#8221;6&#8243;][vc_column_text]<\/p>\n<h6>Weisskopfseeadler<\/h6>\n<p>Haliae\u00e9tus Leucocephalus[\/vc_column_text][vc_separator type=&#8221;transparent&#8221; thickness=&#8221;1&#8243; up=&#8221;20&#8243; down=&#8221;20&#8243;][\/vc_column_inner][vc_column_inner width=&#8221;1\/4&#8243;][vc_single_image image=&#8221;16519&#8243; img_size=&#8221;full&#8221; qode_css_animation=&#8221;element_from_fade&#8221; transition_delay=&#8221;1&#8243;][vc_separator type=&#8221;transparent&#8221; thickness=&#8221;1&#8243; up=&#8221;6&#8243; down=&#8221;6&#8243;][vc_column_text]<\/p>\n<h6>Schlangenadler<\/h6>\n<p>Circaetus Gallicus[\/vc_column_text][vc_separator type=&#8221;transparent&#8221; thickness=&#8221;1&#8243; up=&#8221;20&#8243; down=&#8221;20&#8243;][\/vc_column_inner][\/vc_row_inner][vc_column_text css=&#8221;.vc_custom_1558942139282{padding-top: 5px !important;padding-bottom: 10px !important;}&#8221;]<\/p>\n<h3>JASTREB<\/h3>\n<p>[\/vc_column_text][vc_row_inner][vc_column_inner width=&#8221;1\/4&#8243;][vc_single_image image=&#8221;16504&#8243; img_size=&#8221;full&#8221; qode_css_animation=&#8221;element_from_fade&#8221; transition_delay=&#8221;1&#8243;][vc_separator type=&#8221;transparent&#8221; thickness=&#8221;1&#8243; up=&#8221;6&#8243; down=&#8221;6&#8243;][vc_column_text]<\/p>\n<h6>G\u00e4nsegeier<\/h6>\n<p>Gyps Fulvus[\/vc_column_text][vc_separator type=&#8221;transparent&#8221; thickness=&#8221;1&#8243; up=&#8221;20&#8243; down=&#8221;20&#8243;][\/vc_column_inner][vc_column_inner width=&#8221;1\/4&#8243;][vc_single_image image=&#8221;20255&#8243; img_size=&#8221;150&#215;128&#8243; qode_css_animation=&#8221;element_from_fade&#8221; transition_delay=&#8221;2&#8243;][vc_separator type=&#8221;transparent&#8221; thickness=&#8221;1&#8243; up=&#8221;6&#8243; down=&#8221;6&#8243;][vc_column_text]<\/p>\n<h6>M\u00f6nchsgeier<\/h6>\n<p>Aegypius monachus[\/vc_column_text][vc_separator type=&#8221;transparent&#8221; thickness=&#8221;1&#8243; up=&#8221;20&#8243; down=&#8221;20&#8243;][\/vc_column_inner][vc_column_inner width=&#8221;1\/4&#8243;][vc_single_image image=&#8221;20041&#8243; img_size=&#8221;150&#215;128&#8243; qode_css_animation=&#8221;element_from_fade&#8221; transition_delay=&#8221;1&#8243;][vc_separator type=&#8221;transparent&#8221; thickness=&#8221;1&#8243; up=&#8221;6&#8243; down=&#8221;6&#8243;][vc_column_text]<\/p>\n<h6>Bartgeier<\/h6>\n<p>Gypaetus barbatus[\/vc_column_text][vc_separator type=&#8221;transparent&#8221; thickness=&#8221;1&#8243; up=&#8221;20&#8243; down=&#8221;20&#8243;][\/vc_column_inner][vc_column_inner width=&#8221;1\/4&#8243;][vc_single_image image=&#8221;17569&#8243; img_size=&#8221;full&#8221; qode_css_animation=&#8221;element_from_fade&#8221; transition_delay=&#8221;1&#8243;][vc_separator type=&#8221;transparent&#8221; thickness=&#8221;1&#8243; up=&#8221;6&#8243; down=&#8221;6&#8243;][vc_column_text]<\/p>\n<h6>Schmutzgeier<\/h6>\n<p>Neophron Percnopterus[\/vc_column_text][vc_separator type=&#8221;transparent&#8221; thickness=&#8221;1&#8243; up=&#8221;20&#8243; down=&#8221;20&#8243;][\/vc_column_inner][\/vc_row_inner][vc_column_text css=&#8221;.vc_custom_1552985801006{padding-top: 5px !important;padding-bottom: 10px !important;}&#8221;]<\/p>\n<h3>HABICHTARTIGE<\/h3>\n<p>[\/vc_column_text][vc_row_inner][vc_column_inner width=&#8221;1\/4&#8243;][vc_single_image image=&#8221;20238&#8243; img_size=&#8221;full&#8221; qode_css_animation=&#8221;element_from_fade&#8221;][vc_separator type=&#8221;transparent&#8221; thickness=&#8221;1&#8243; up=&#8221;6&#8243; down=&#8221;6&#8243;][vc_column_text]<\/p>\n<h6>Habicht<\/h6>\n<p>Accipiter Gentilis[\/vc_column_text][vc_separator type=&#8221;transparent&#8221; thickness=&#8221;1&#8243; up=&#8221;20&#8243; down=&#8221;20&#8243;][\/vc_column_inner][vc_column_inner width=&#8221;1\/4&#8243;][vc_single_image image=&#8221;20037&#8243; img_size=&#8221;150&#215;128&#8243; qode_css_animation=&#8221;element_from_fade&#8221;][vc_separator type=&#8221;transparent&#8221; thickness=&#8221;1&#8243; up=&#8221;6&#8243; down=&#8221;6&#8243;][vc_column_text]<\/p>\n<h6>W\u00fcstenbussard<\/h6>\n<p>Parabuteo unicinctus[\/vc_column_text][vc_separator type=&#8221;transparent&#8221; thickness=&#8221;1&#8243; up=&#8221;20&#8243; down=&#8221;20&#8243;][\/vc_column_inner][vc_column_inner width=&#8221;1\/4&#8243;][vc_single_image image=&#8221;16503&#8243; img_size=&#8221;full&#8221; qode_css_animation=&#8221;element_from_fade&#8221; transition_delay=&#8221;0&#8243;][vc_separator type=&#8221;transparent&#8221; thickness=&#8221;1&#8243; up=&#8221;6&#8243; down=&#8221;6&#8243;][vc_column_text]<\/p>\n<h6>Roter Milan<\/h6>\n<p>Milvus Milvus[\/vc_column_text][vc_separator type=&#8221;transparent&#8221; thickness=&#8221;1&#8243; up=&#8221;20&#8243; down=&#8221;20&#8243;][\/vc_column_inner][vc_column_inner width=&#8221;1\/4&#8243;][vc_single_image image=&#8221;16506&#8243; img_size=&#8221;full&#8221; qode_css_animation=&#8221;element_from_fade&#8221; transition_delay=&#8221;2&#8243;][vc_separator type=&#8221;transparent&#8221; thickness=&#8221;1&#8243; up=&#8221;6&#8243; down=&#8221;6&#8243;][vc_column_text]<\/p>\n<h6>Schwarzer Milan<\/h6>\n<p>Mulvus Migrans[\/vc_column_text][vc_separator type=&#8221;transparent&#8221; thickness=&#8221;1&#8243; up=&#8221;20&#8243; down=&#8221;20&#8243;][\/vc_column_inner][\/vc_row_inner][vc_column_text css=&#8221;.vc_custom_1558942201021{padding-top: 5px !important;padding-bottom: 10px !important;}&#8221;]<\/p>\n<h3>SOKOLI<\/h3>\n<p>[\/vc_column_text][vc_row_inner][vc_column_inner width=&#8221;1\/4&#8243;][vc_single_image image=&#8221;20049&#8243; img_size=&#8221;150&#215;128&#8243; qode_css_animation=&#8221;element_from_fade&#8221; transition_delay=&#8221;0&#8243;][vc_separator type=&#8221;transparent&#8221; thickness=&#8221;1&#8243; up=&#8221;6&#8243; down=&#8221;6&#8243;][vc_column_text]<\/p>\n<h6>Gerfalke<\/h6>\n<p>Falco Rusticolus[\/vc_column_text][vc_separator type=&#8221;transparent&#8221; thickness=&#8221;1&#8243; up=&#8221;20&#8243; down=&#8221;20&#8243;][\/vc_column_inner][vc_column_inner width=&#8221;1\/4&#8243;][vc_single_image image=&#8221;16496&#8243; img_size=&#8221;full&#8221; qode_css_animation=&#8221;element_from_fade&#8221; transition_delay=&#8221;0&#8243;][vc_separator type=&#8221;transparent&#8221; thickness=&#8221;1&#8243; up=&#8221;6&#8243; down=&#8221;6&#8243;][vc_column_text]<\/p>\n<h6>Wanderfalke<\/h6>\n<p>Falco Peregrinus[\/vc_column_text][vc_separator type=&#8221;transparent&#8221; thickness=&#8221;1&#8243; up=&#8221;20&#8243; down=&#8221;20&#8243;][\/vc_column_inner][vc_column_inner width=&#8221;1\/4&#8243;][vc_single_image image=&#8221;16501&#8243; img_size=&#8221;full&#8221; qode_css_animation=&#8221;element_from_fade&#8221; transition_delay=&#8221;1&#8243;][vc_separator type=&#8221;transparent&#8221; thickness=&#8221;1&#8243; up=&#8221;6&#8243; down=&#8221;6&#8243;][vc_column_text]<\/p>\n<h6>Sakerfalke<\/h6>\n<p>Falco Cherrug[\/vc_column_text][vc_separator type=&#8221;transparent&#8221; thickness=&#8221;1&#8243; up=&#8221;20&#8243; down=&#8221;20&#8243;][\/vc_column_inner][vc_column_inner width=&#8221;1\/4&#8243;][vc_single_image image=&#8221;16507&#8243; img_size=&#8221;full&#8221; qode_css_animation=&#8221;element_from_fade&#8221; transition_delay=&#8221;0&#8243;][vc_separator type=&#8221;transparent&#8221; thickness=&#8221;1&#8243; up=&#8221;6&#8243; down=&#8221;6&#8243;][vc_column_text]<\/p>\n<h6>Lugger Falke<\/h6>\n<p>Falco Jugger[\/vc_column_text][vc_separator type=&#8221;transparent&#8221; thickness=&#8221;1&#8243; up=&#8221;20&#8243; down=&#8221;20&#8243;][\/vc_column_inner][\/vc_row_inner][vc_row_inner][vc_column_inner width=&#8221;1\/4&#8243;][vc_single_image image=&#8221;16513&#8243; img_size=&#8221;full&#8221; qode_css_animation=&#8221;element_from_fade&#8221; transition_delay=&#8221;2&#8243;][vc_separator type=&#8221;transparent&#8221; thickness=&#8221;1&#8243; up=&#8221;6&#8243; down=&#8221;6&#8243;][vc_column_text]<\/p>\n<h6>Turmfalke<\/h6>\n<p>Falco Timunculus[\/vc_column_text][vc_separator type=&#8221;transparent&#8221; thickness=&#8221;1&#8243; up=&#8221;20&#8243; down=&#8221;20&#8243;][\/vc_column_inner][vc_column_inner width=&#8221;1\/4&#8243;][vc_single_image image=&#8221;16511&#8243; img_size=&#8221;full&#8221; qode_css_animation=&#8221;element_from_fade&#8221;][vc_separator type=&#8221;transparent&#8221; thickness=&#8221;1&#8243; up=&#8221;6&#8243; down=&#8221;6&#8243;][vc_column_text]<\/p>\n<h6>Merlin<\/h6>\n<p>Falco Columbarius[\/vc_column_text][vc_separator type=&#8221;transparent&#8221; thickness=&#8221;1&#8243; up=&#8221;20&#8243; down=&#8221;20&#8243;][\/vc_column_inner][\/vc_row_inner][vc_separator type=&#8221;transparent&#8221; thickness=&#8221;1&#8243; down=&#8221;70&#8243;][\/vc_column][\/vc_row][vc_row type=&#8221;grid&#8221;][vc_column][vc_column_text]<\/p>\n<h2 style=\"text-align: center;\">Sove<\/h2>\n<p>[\/vc_column_text][vc_separator type=&#8221;transparent&#8221; thickness=&#8221;1&#8243; up=&#8221;20&#8243; down=&#8221;20&#8243;][\/vc_column][\/vc_row][vc_row type=&#8221;grid&#8221;][vc_column width=&#8221;1\/4&#8243;][vc_single_image image=&#8221;19209&#8243;][vc_separator type=&#8221;transparent&#8221; thickness=&#8221;1&#8243; up=&#8221;20&#8243; down=&#8221;20&#8243;][vc_column_text]<\/p>\n<h6>Uhu<\/h6>\n<p>Bubo Bubo[\/vc_column_text][\/vc_column][vc_column width=&#8221;1\/4&#8243;][vc_single_image image=&#8221;19212&#8243;][vc_separator type=&#8221;transparent&#8221; thickness=&#8221;1&#8243; up=&#8221;20&#8243; down=&#8221;20&#8243;][vc_column_text]<\/p>\n<h6>Schneeeule<\/h6>\n<p>Nyctea Scandiaca[\/vc_column_text][\/vc_column][vc_column width=&#8221;1\/4&#8243;][vc_single_image image=&#8221;19210&#8243;][vc_separator type=&#8221;transparent&#8221; thickness=&#8221;1&#8243; up=&#8221;20&#8243; down=&#8221;20&#8243;][vc_column_text]<\/p>\n<h6>Schleiereule<\/h6>\n<p>Tyto Alba[\/vc_column_text][\/vc_column][vc_column width=&#8221;1\/4&#8243;][vc_single_image image=&#8221;19211&#8243;][vc_separator type=&#8221;transparent&#8221; thickness=&#8221;1&#8243; up=&#8221;20&#8243; down=&#8221;20&#8243;][vc_column_text]<\/p>\n<h6>Sibirischer Uhu<\/h6>\n<p>Bubo bubo sibiricus[\/vc_column_text][\/vc_column][\/vc_row][vc_row][vc_column][vc_empty_space][\/vc_column][\/vc_row]<\/p>\n<\/div>","protected":false},"excerpt":{"rendered":"<p>[vc_row type=&#8221;grid&#8221;][vc_column][vc_empty_space height=&#8221;55px&#8221;][vc_column_text] Ptice roparice in sove [\/vc_column_text][vc_separator type=&#8221;transparent&#8221; thickness=&#8221;1&#8243; down=&#8221;50&#8243;][vc_column_text]V sredi\u0161\u010du zgodovinskega gradu boste videli razli\u010dne vrste ptic, ki tvorijo edini \u017eivalski vrt v Evropi, kjer \u017eivijo roparice in sove. Zaradi strokovne oskrbe imajo zagotovljeno predvsem spro\u0161\u010deno naravno \u017eivljenje. Tako je mogo\u010de opazovati in&#8230;<\/p>\n","protected":false},"author":1,"featured_media":0,"parent":0,"menu_order":0,"comment_status":"open","ping_status":"closed","template":"full_width.php","meta":{"footnotes":""},"class_list":["post-20294","page","type-page","status-publish","hentry"],"yoast_head":"<!-- This site is optimized with the Yoast SEO plugin v27.3 - https:\/\/yoast.com\/product\/yoast-seo-wordpress\/ -->\n<title>Ptice roparice in sove - Adlerarena Landskron<\/title>\n<meta name=\"robots\" content=\"index, follow, max-snippet:-1, max-image-preview:large, max-video-preview:-1\" \/>\n<link rel=\"canonical\" href=\"https:\/\/adlerarena.com\/sl\/ptice-roparice-in-sove\/\" \/>\n<meta property=\"og:locale\" content=\"sl_SI\" \/>\n<meta property=\"og:type\" content=\"article\" \/>\n<meta property=\"og:title\" content=\"Ptice roparice in sove - Adlerarena Landskron\" \/>\n<meta property=\"og:description\" content=\"[vc_row type=&#8221;grid&#8221;][vc_column][vc_empty_space height=&#8221;55px&#8221;][vc_column_text] Ptice roparice in sove [\/vc_column_text][vc_separator type=&#8221;transparent&#8221; thickness=&#8221;1&#8243; down=&#8221;50&#8243;][vc_column_text]V sredi\u0161\u010du zgodovinskega gradu boste videli razli\u010dne vrste ptic, ki tvorijo edini \u017eivalski vrt v Evropi, kjer \u017eivijo roparice in sove. Zaradi strokovne oskrbe imajo zagotovljeno predvsem spro\u0161\u010deno naravno \u017eivljenje. Tako je mogo\u010de opazovati in...\" \/>\n<meta property=\"og:url\" content=\"https:\/\/adlerarena.com\/sl\/ptice-roparice-in-sove\/\" \/>\n<meta property=\"og:site_name\" content=\"Adlerarena Landskron\" \/>\n<meta property=\"article:publisher\" content=\"https:\/\/www.facebook.com\/AdlerarenaLandskron\/\" \/>\n<meta property=\"article:modified_time\" content=\"2024-01-29T10:21:58+00:00\" \/>\n<meta name=\"twitter:card\" content=\"summary_large_image\" \/>\n<meta name=\"twitter:label1\" content=\"Est. reading time\" \/>\n\t<meta name=\"twitter:data1\" content=\"3 minute\" \/>\n<script type=\"application\/ld+json\" class=\"yoast-schema-graph\">{\"@context\":\"https:\\\/\\\/schema.org\",\"@graph\":[{\"@type\":\"WebPage\",\"@id\":\"https:\\\/\\\/adlerarena.com\\\/sl\\\/ptice-roparice-in-sove\\\/\",\"url\":\"https:\\\/\\\/adlerarena.com\\\/sl\\\/ptice-roparice-in-sove\\\/\",\"name\":\"Ptice roparice in sove - Adlerarena Landskron\",\"isPartOf\":{\"@id\":\"https:\\\/\\\/adlerarena.com\\\/#website\"},\"datePublished\":\"2015-05-04T13:56:43+00:00\",\"dateModified\":\"2024-01-29T10:21:58+00:00\",\"breadcrumb\":{\"@id\":\"https:\\\/\\\/adlerarena.com\\\/sl\\\/ptice-roparice-in-sove\\\/#breadcrumb\"},\"inLanguage\":\"sl-SI\",\"potentialAction\":[{\"@type\":\"ReadAction\",\"target\":[\"https:\\\/\\\/adlerarena.com\\\/sl\\\/ptice-roparice-in-sove\\\/\"]}]},{\"@type\":\"BreadcrumbList\",\"@id\":\"https:\\\/\\\/adlerarena.com\\\/sl\\\/ptice-roparice-in-sove\\\/#breadcrumb\",\"itemListElement\":[{\"@type\":\"ListItem\",\"position\":1,\"name\":\"Startseite\",\"item\":\"https:\\\/\\\/adlerarena.com\\\/sl\\\/\"},{\"@type\":\"ListItem\",\"position\":2,\"name\":\"Ptice roparice in sove\"}]},{\"@type\":\"WebSite\",\"@id\":\"https:\\\/\\\/adlerarena.com\\\/#website\",\"url\":\"https:\\\/\\\/adlerarena.com\\\/\",\"name\":\"Adlerarena Landskron\",\"description\":\"Adler-Flugschau Burg Landskron mit Europas einzigartigem Greifvogelpark\",\"publisher\":{\"@id\":\"https:\\\/\\\/adlerarena.com\\\/#organization\"},\"potentialAction\":[{\"@type\":\"SearchAction\",\"target\":{\"@type\":\"EntryPoint\",\"urlTemplate\":\"https:\\\/\\\/adlerarena.com\\\/?s={search_term_string}\"},\"query-input\":{\"@type\":\"PropertyValueSpecification\",\"valueRequired\":true,\"valueName\":\"search_term_string\"}}],\"inLanguage\":\"sl-SI\"},{\"@type\":\"Organization\",\"@id\":\"https:\\\/\\\/adlerarena.com\\\/#organization\",\"name\":\"Adlerarena Burg Landskron\",\"url\":\"https:\\\/\\\/adlerarena.com\\\/\",\"logo\":{\"@type\":\"ImageObject\",\"inLanguage\":\"sl-SI\",\"@id\":\"https:\\\/\\\/adlerarena.com\\\/#\\\/schema\\\/logo\\\/image\\\/\",\"url\":\"https:\\\/\\\/adlerarena.com\\\/wp-content\\\/uploads\\\/2020\\\/07\\\/Adlerarena-Burg-Landskron-Logo.png\",\"contentUrl\":\"https:\\\/\\\/adlerarena.com\\\/wp-content\\\/uploads\\\/2020\\\/07\\\/Adlerarena-Burg-Landskron-Logo.png\",\"width\":246,\"height\":150,\"caption\":\"Adlerarena Burg Landskron\"},\"image\":{\"@id\":\"https:\\\/\\\/adlerarena.com\\\/#\\\/schema\\\/logo\\\/image\\\/\"},\"sameAs\":[\"https:\\\/\\\/www.facebook.com\\\/AdlerarenaLandskron\\\/\",\"https:\\\/\\\/www.instagram.com\\\/adlerarena_burglandskron\\\/\",\"https:\\\/\\\/www.pinterest.at\\\/AdlerarenaBurgLandskron\\\/\",\"https:\\\/\\\/de.wikipedia.org\\\/wiki\\\/Adlerarena_Burg_Landskron\"]}]}<\/script>\n<!-- \/ Yoast SEO plugin. -->","yoast_head_json":{"title":"Ptice roparice in sove - Adlerarena Landskron","robots":{"index":"index","follow":"follow","max-snippet":"max-snippet:-1","max-image-preview":"max-image-preview:large","max-video-preview":"max-video-preview:-1"},"canonical":"https:\/\/adlerarena.com\/sl\/ptice-roparice-in-sove\/","og_locale":"sl_SI","og_type":"article","og_title":"Ptice roparice in sove - Adlerarena Landskron","og_description":"[vc_row type=&#8221;grid&#8221;][vc_column][vc_empty_space height=&#8221;55px&#8221;][vc_column_text] Ptice roparice in sove [\/vc_column_text][vc_separator type=&#8221;transparent&#8221; thickness=&#8221;1&#8243; down=&#8221;50&#8243;][vc_column_text]V sredi\u0161\u010du zgodovinskega gradu boste videli razli\u010dne vrste ptic, ki tvorijo edini \u017eivalski vrt v Evropi, kjer \u017eivijo roparice in sove. Zaradi strokovne oskrbe imajo zagotovljeno predvsem spro\u0161\u010deno naravno \u017eivljenje. Tako je mogo\u010de opazovati in...","og_url":"https:\/\/adlerarena.com\/sl\/ptice-roparice-in-sove\/","og_site_name":"Adlerarena Landskron","article_publisher":"https:\/\/www.facebook.com\/AdlerarenaLandskron\/","article_modified_time":"2024-01-29T10:21:58+00:00","twitter_card":"summary_large_image","twitter_misc":{"Est. reading time":"3 minute"},"schema":{"@context":"https:\/\/schema.org","@graph":[{"@type":"WebPage","@id":"https:\/\/adlerarena.com\/sl\/ptice-roparice-in-sove\/","url":"https:\/\/adlerarena.com\/sl\/ptice-roparice-in-sove\/","name":"Ptice roparice in sove - Adlerarena Landskron","isPartOf":{"@id":"https:\/\/adlerarena.com\/#website"},"datePublished":"2015-05-04T13:56:43+00:00","dateModified":"2024-01-29T10:21:58+00:00","breadcrumb":{"@id":"https:\/\/adlerarena.com\/sl\/ptice-roparice-in-sove\/#breadcrumb"},"inLanguage":"sl-SI","potentialAction":[{"@type":"ReadAction","target":["https:\/\/adlerarena.com\/sl\/ptice-roparice-in-sove\/"]}]},{"@type":"BreadcrumbList","@id":"https:\/\/adlerarena.com\/sl\/ptice-roparice-in-sove\/#breadcrumb","itemListElement":[{"@type":"ListItem","position":1,"name":"Startseite","item":"https:\/\/adlerarena.com\/sl\/"},{"@type":"ListItem","position":2,"name":"Ptice roparice in sove"}]},{"@type":"WebSite","@id":"https:\/\/adlerarena.com\/#website","url":"https:\/\/adlerarena.com\/","name":"Adlerarena Landskron","description":"Adler-Flugschau Burg Landskron mit Europas einzigartigem Greifvogelpark","publisher":{"@id":"https:\/\/adlerarena.com\/#organization"},"potentialAction":[{"@type":"SearchAction","target":{"@type":"EntryPoint","urlTemplate":"https:\/\/adlerarena.com\/?s={search_term_string}"},"query-input":{"@type":"PropertyValueSpecification","valueRequired":true,"valueName":"search_term_string"}}],"inLanguage":"sl-SI"},{"@type":"Organization","@id":"https:\/\/adlerarena.com\/#organization","name":"Adlerarena Burg Landskron","url":"https:\/\/adlerarena.com\/","logo":{"@type":"ImageObject","inLanguage":"sl-SI","@id":"https:\/\/adlerarena.com\/#\/schema\/logo\/image\/","url":"https:\/\/adlerarena.com\/wp-content\/uploads\/2020\/07\/Adlerarena-Burg-Landskron-Logo.png","contentUrl":"https:\/\/adlerarena.com\/wp-content\/uploads\/2020\/07\/Adlerarena-Burg-Landskron-Logo.png","width":246,"height":150,"caption":"Adlerarena Burg Landskron"},"image":{"@id":"https:\/\/adlerarena.com\/#\/schema\/logo\/image\/"},"sameAs":["https:\/\/www.facebook.com\/AdlerarenaLandskron\/","https:\/\/www.instagram.com\/adlerarena_burglandskron\/","https:\/\/www.pinterest.at\/AdlerarenaBurgLandskron\/","https:\/\/de.wikipedia.org\/wiki\/Adlerarena_Burg_Landskron"]}]}},"_links":{"self":[{"href":"https:\/\/adlerarena.com\/sl\/wp-json\/wp\/v2\/pages\/20294","targetHints":{"allow":["GET"]}}],"collection":[{"href":"https:\/\/adlerarena.com\/sl\/wp-json\/wp\/v2\/pages"}],"about":[{"href":"https:\/\/adlerarena.com\/sl\/wp-json\/wp\/v2\/types\/page"}],"author":[{"embeddable":true,"href":"https:\/\/adlerarena.com\/sl\/wp-json\/wp\/v2\/users\/1"}],"replies":[{"embeddable":true,"href":"https:\/\/adlerarena.com\/sl\/wp-json\/wp\/v2\/comments?post=20294"}],"version-history":[{"count":6,"href":"https:\/\/adlerarena.com\/sl\/wp-json\/wp\/v2\/pages\/20294\/revisions"}],"predecessor-version":[{"id":22588,"href":"https:\/\/adlerarena.com\/sl\/wp-json\/wp\/v2\/pages\/20294\/revisions\/22588"}],"wp:attachment":[{"href":"https:\/\/adlerarena.com\/sl\/wp-json\/wp\/v2\/media?parent=20294"}],"curies":[{"name":"wp","href":"https:\/\/api.w.org\/{rel}","templated":true}]}}