{"id":22270,"date":"2022-10-20T10:49:06","date_gmt":"2022-10-20T08:49:06","guid":{"rendered":"https:\/\/adlerarena.com\/?page_id=22270"},"modified":"2022-10-20T10:50:57","modified_gmt":"2022-10-20T08:50:57","slug":"zasebnost","status":"publish","type":"page","link":"https:\/\/adlerarena.com\/sl\/zasebnost\/","title":{"rendered":"Zasebnost"},"content":{"rendered":"<section class=\"wpb-content-wrapper\"><p>[vc_row css=&#8221;.vc_custom_1527159971373{padding-top: 50px !important;padding-bottom: 50px !important;}&#8221;][vc_column][vc_column_text]<\/p>\n<h2 style=\"text-align: center;\">POLITIKA ZASEBNOSTI<\/h2>\n<p>[\/vc_column_text][vc_separator type=&#8221;transparent&#8221; thickness=&#8221;1&#8243; down=&#8221;50&#8243;][vc_column_text]Varstvo va\u0161ih osebnih podatkov jemljemo zelo resno in z va\u0161imi osebnimi podatki ravnamo zaupno ter v skladu z zakonskimi predpisi o varstvu podatkov. in to izjavo o varstvu podatkov.[\/vc_column_text][vc_separator type=&#8221;transparent&#8221; thickness=&#8221;1&#8243; down=&#8221;50&#8243;][vc_column_text]<\/p>\n<h5>Obdelava podatkov na tej spletni strani<\/h5>\n<p>[\/vc_column_text][vc_separator type=&#8221;small&#8221; position=&#8221;left&#8221; thickness=&#8221;1&#8243; width=&#8221;22&#8243; up=&#8221;6&#8243; down=&#8221;6&#8243;][vc_column_text]Samodejno zbiramo in shranjujemo podatke v dnevni\u0161kih datotekah, ki nam jih samodejno posreduje va\u0161 brskalnik. To so vrsta in razli\u010dica brskalnika, uporabljen operacijski sistem, napotitveni URL in \u010das zahteve stre\u017enika. Teh podatkov ni mogo\u010de dodeliti dolo\u010denim osebam. Ti podatki niso zdru\u017eeni z drugimi viri podatkov.[\/vc_column_text][vc_separator type=&#8221;transparent&#8221; thickness=&#8221;1&#8243; down=&#8221;50&#8243;][vc_column_text]<\/p>\n<h5>Uporaba pi\u0161kotkov<\/h5>\n<p>[\/vc_column_text][vc_separator type=&#8221;small&#8221; position=&#8221;left&#8221; thickness=&#8221;1&#8243; width=&#8221;22&#8243; up=&#8221;6&#8243; down=&#8221;6&#8243;][vc_column_text]Na\u0161e spletno mesto delno uporablja tako imenovane pi\u0161kotke. Ti slu\u017eijo temu, da je na\u0161a ponudba uporabniku prijaznej\u0161a, u\u010dinkovitej\u0161a in varnej\u0161a. Pi\u0161kotki so majhne besedilne datoteke, ki se shranijo na va\u0161em ra\u010dunalniku in jih shrani va\u0161 brskalnik. Ve\u010dina pi\u0161kotkov, ki jih uporabljamo, so tako imenovani &#8220;sejni pi\u0161kotki&#8221;. Po va\u0161em obisku se samodejno izbri\u0161ejo. Pi\u0161kotki ne po\u0161kodujejo va\u0161ega ra\u010dunalnika in ne vsebujejo virusov To spletno mesto upravljamo s sistemom za upravljanje vsebine WordPress, ki je s potrebnimi pomo\u017enimi programi (t.i. vti\u010dniki) prilagojen specifi\u010dnim zahtevam tega spletnega mesta. Ti vti\u010dniki lahko tudi ustvarjajo pi\u0161kotke (prav tako ve\u010dinoma kratkoro\u010dne sejne pi\u0161kotke) (npr. Wordfence Security).[\/vc_column_text][vc_separator type=&#8221;transparent&#8221; thickness=&#8221;1&#8243; down=&#8221;50&#8243;][vc_column_text]<\/p>\n<h5>Uporaba Google Analytics<\/h5>\n<p>[\/vc_column_text][vc_separator type=&#8221;small&#8221; position=&#8221;left&#8221; thickness=&#8221;1&#8243; width=&#8221;22&#8243; up=&#8221;6&#8243; down=&#8221;6&#8243;][vc_column_text]To spletno mesto uporablja Google Analytics, storitev spletne analitike zagotavlja Google Inc, (1600 Amphitheatre Parkway Mountain View, CA 94043, ZDA; &#8220;Google&#8221;). Uporaba vklju\u010duje na\u010din delovanja &#8220;Universal Analytics&#8221;. To omogo\u010da dodelitev podatkov, sej in interakcij v ve\u010d napravah psevdonimnemu uporabniku ID in za analizo dejavnosti uporabnika med napravami. Google Analytics uporablja tako imenovane &#8220;pi\u0161kotke&#8221;, besedilne datoteke, ki so shranjene na va\u0161em ra\u010dunalniku in omogo\u010dajo analizo va\u0161e uporabe spletnega mesta. Informacije, ki jih ustvari pi\u0161kotek o uporaba tega spletnega mesta se obi\u010dajno prenese na Googlov stre\u017enik v ZDA in tam shrani. \u010ce je na tem spletnem mestu aktivirana anonimizacija IP-ja, bo Google va\u0161 naslov IP shranil v dr\u017eavah \u010dlanicah EU Evropski uniji ali v drugih dr\u017eavah pogodbenicah Sporazuma o Evropskem gospodarskem prostoru, ki je bil prej skraj\u0161an. Samo v izjemnih primerih bo celoten naslov IP poslan na Googlov stre\u017enik v ZDA in tam skraj\u0161an. Naslov IP, ki ga posreduje va\u0161 brskalnik kot del Google Analytics, ne bo zdru\u017een z drugimi Googlovimi podatki. V imenu upravljavca tega spletnega mesta bo Google uporabil te podatke za oceno va\u0161e uporabe spletnega mesta, za pripravo poro\u010dil o dejavnosti spletnega mesta in za zagotavljanje drugih storitev, povezanih z dejavnostjo spletnega mesta in uporabo interneta upravljavcu spletnega mesta. V teh namenih je tudi na\u0161 zakoniti interes za obdelavo podatkov. Pravna podlaga za uporabo storitve Google Analytics sta \u010dlen 15 (3) TMG in \u010dlen 6 (1) (f) GDPR. Podatki, ki jih po\u0161ljemo in so povezani s pi\u0161kotki, uporabni\u0161kimi ID-ji (npr. ID uporabnika) ali ogla\u0161evalskimi ID-ji, se samodejno izbri\u0161ejo po 14 mesecih. Podatki, ki so dosegli konec obdobja hrambe, se samodejno izbri\u0161ejo enkrat mese\u010dno. Ve\u010d informacij o pogojih uporabe in varstvu podatkov najdete na https:\/\/www.google.com\/analytics\/terms\/de.html ali na https:\/\/policies.google.com\/?hl=de. Shranjevanje pi\u0161kotkov lahko prepre\u010dite tako, da ustrezno nastavite programsko opremo brskalnika; vendar vas \u017eelimo opozoriti, da v tem primeru ne boste mogli uporabljati vseh funkcij te spletne strani v celoti. Prav tako lahko Googlu prepre\u010dite zbiranje podatkov, ki jih ustvari pi\u0161kotek in so povezani z va\u0161o uporabo spletnega mesta (vklju\u010dno z va\u0161im naslovom IP) ter obdelavo teh podatkov s strani Googla, tako da prenesete in namestite dodatek za brskalnik. Pi\u0161kotki za onemogo\u010danje prepre\u010dijo prihodnje zbiranje va\u0161ih podatkov, ko obi\u0161\u010dete to spletno mesto. \u010ce \u017eelite prepre\u010diti, da bi Universal Analytics zbiral podatke v razli\u010dnih napravah, se morate onemogo\u010diti v vseh uporabljenih sistemih. \u010ce kliknete tukaj, bo nastavljen zavrnitveni pi\u0161kotek: Onemogo\u010di Google Analytics.[\/vc_column_text][vc_separator type=&#8221;transparent&#8221; thickness=&#8221;1&#8243; down=&#8221;50&#8243;][vc_column_text]<\/p>\n<h5>Izjava o varstvu podatkov za uporabo Google Zemljevidov<\/h5>\n<p>[\/vc_column_text][vc_separator type=&#8221;small&#8221; position=&#8221;left&#8221; thickness=&#8221;1&#8243; width=&#8221;22&#8243; up=&#8221;6&#8243; down=&#8221;6&#8243;][vc_column_text]Uporabljamo komponento &#8220;Google Maps&#8221; iz Googla Inc., 1600 Amphitheatre Parkway, Mountain View, CA 94043 ZDA, v nadaljevanju \u00bbGoogle\u00ab. Vsaki\u010d, ko je priklicana komponenta \u00bbGoogle Maps\u00ab, Google nastavi pi\u0161kotek, da lahko prika\u017ee stran, na kateri Komponenta &#8220;Google Maps&#8221; je integrirana za obdelavo uporabni\u0161kih nastavitev in podatkov. Ta pi\u0161kotek se praviloma ne izbri\u0161e z zaprtjem brskalnika, temve\u010d pote\u010de po dolo\u010denem \u010dasu, razen \u010de ga pred tem ro\u010dno izbri\u0161ete.\u010ce se s tak\u0161no obdelavo va\u0161ih podatkov ne strinjate, imate mo\u017enost uporabiti storitev Deaktiviraj \u00bbGoogle Maps\u00ab in na ta na\u010din prepre\u010dite prenos podatkov Googlu. \u010ce \u017eelite to narediti, morate v brskalniku deaktivirati funkcijo Java Script. Opozarjamo pa, da v tem primeru ne morete uporabljati \u00bbGoogle Maps\u00ab oziroma le v omejenem obsegu. Uporaba \u00bbGoogle Maps\u00ab in informacij, pridobljenih preko \u00bbGoogle Maps\u00ab poteka v skladu z Googlovimi pogoji. uporabe ter dodatni pogoji in dolo\u010dila za \u00bbGoogle Maps\u00ab.[\/vc_column_text][vc_separator type=&#8221;transparent&#8221; thickness=&#8221;1&#8243; down=&#8221;50&#8243;][vc_column_text]<\/p>\n<h5>Pravica do ugovora in pravica do informacije<\/h5>\n<p>[\/vc_column_text][vc_separator type=&#8221;small&#8221; position=&#8221;left&#8221; thickness=&#8221;1&#8243; width=&#8221;22&#8243; up=&#8221;6&#8243; down=&#8221;6&#8243;][vc_column_text]Imate pravico do brezpla\u010dnih informacij o svojih osebnih podatke, ki jih hranimo, njihov izvor in prejemnika ter namen obdelave ter pravico do popravka, blokiranja ali izbrisa teh podatkov naslov ali preko kontaktnih podatkov, navedenih v impresumu: <a href=\"mailto:info@adlerarena.com\">info@adlerarena.com<\/a>[\/vc_column_text][vc_separator type=&#8221;transparent&#8221; thickness=&#8221;1&#8243; down=&#8221;50&#8243;][vc_column_text]<\/p>\n<p>2018 \u00a9 Greifvogelwarte Landskron GmbH<\/p>\n<p>[\/vc_column_text][vc_separator type=&#8221;transparent&#8221; thickness=&#8221;1&#8243; down=&#8221;10&#8243;][\/vc_column][\/vc_row]<\/p>\n<\/section>","protected":false},"excerpt":{"rendered":"<p>[vc_row css=&#8221;.vc_custom_1527159971373{padding-top: 50px !important;padding-bottom: 50px !important;}&#8221;][vc_column][vc_column_text] POLITIKA ZASEBNOSTI [\/vc_column_text][vc_separator type=&#8221;transparent&#8221; thickness=&#8221;1&#8243; down=&#8221;50&#8243;][vc_column_text]Varstvo va\u0161ih osebnih podatkov jemljemo zelo resno in z va\u0161imi osebnimi podatki ravnamo zaupno ter v skladu z zakonskimi predpisi o varstvu podatkov. in to izjavo o varstvu podatkov.[\/vc_column_text][vc_separator type=&#8221;transparent&#8221; thickness=&#8221;1&#8243; down=&#8221;50&#8243;][vc_column_text] Obdelava podatkov&#8230;<\/p>\n","protected":false},"author":7,"featured_media":0,"parent":0,"menu_order":0,"comment_status":"closed","ping_status":"closed","template":"","meta":{"footnotes":""},"class_list":["post-22270","page","type-page","status-publish","hentry"],"yoast_head":"<!-- This site is optimized with the Yoast SEO plugin v26.7 - https:\/\/yoast.com\/wordpress\/plugins\/seo\/ -->\n<title>Zasebnost - Adlerarena Landskron<\/title>\n<meta name=\"robots\" content=\"noindex, follow\" \/>\n<meta property=\"og:locale\" content=\"sl_SI\" \/>\n<meta property=\"og:type\" content=\"article\" \/>\n<meta property=\"og:title\" content=\"Zasebnost - Adlerarena Landskron\" \/>\n<meta property=\"og:description\" content=\"[vc_row css=&#8221;.vc_custom_1527159971373{padding-top: 50px !important;padding-bottom: 50px !important;}&#8221;][vc_column][vc_column_text] POLITIKA ZASEBNOSTI [\/vc_column_text][vc_separator type=&#8221;transparent&#8221; thickness=&#8221;1&#8243; down=&#8221;50&#8243;][vc_column_text]Varstvo va\u0161ih osebnih podatkov jemljemo zelo resno in z va\u0161imi osebnimi podatki ravnamo zaupno ter v skladu z zakonskimi predpisi o varstvu podatkov. in to izjavo o varstvu podatkov.[\/vc_column_text][vc_separator type=&#8221;transparent&#8221; thickness=&#8221;1&#8243; down=&#8221;50&#8243;][vc_column_text] Obdelava podatkov...\" \/>\n<meta property=\"og:url\" content=\"https:\/\/adlerarena.com\/sl\/zasebnost\/\" \/>\n<meta property=\"og:site_name\" content=\"Adlerarena Landskron\" \/>\n<meta property=\"article:publisher\" content=\"https:\/\/www.facebook.com\/AdlerarenaLandskron\/\" \/>\n<meta property=\"article:modified_time\" content=\"2022-10-20T08:50:57+00:00\" \/>\n<meta name=\"twitter:card\" content=\"summary_large_image\" \/>\n<meta name=\"twitter:label1\" content=\"Est. reading time\" \/>\n\t<meta name=\"twitter:data1\" content=\"5 minut\" \/>\n<script type=\"application\/ld+json\" class=\"yoast-schema-graph\">{\"@context\":\"https:\/\/schema.org\",\"@graph\":[{\"@type\":\"WebPage\",\"@id\":\"https:\/\/adlerarena.com\/sl\/zasebnost\/\",\"url\":\"https:\/\/adlerarena.com\/sl\/zasebnost\/\",\"name\":\"Zasebnost - Adlerarena Landskron\",\"isPartOf\":{\"@id\":\"https:\/\/adlerarena.com\/#website\"},\"datePublished\":\"2022-10-20T08:49:06+00:00\",\"dateModified\":\"2022-10-20T08:50:57+00:00\",\"breadcrumb\":{\"@id\":\"https:\/\/adlerarena.com\/sl\/zasebnost\/#breadcrumb\"},\"inLanguage\":\"sl-SI\",\"potentialAction\":[{\"@type\":\"ReadAction\",\"target\":[\"https:\/\/adlerarena.com\/sl\/zasebnost\/\"]}]},{\"@type\":\"BreadcrumbList\",\"@id\":\"https:\/\/adlerarena.com\/sl\/zasebnost\/#breadcrumb\",\"itemListElement\":[{\"@type\":\"ListItem\",\"position\":1,\"name\":\"Startseite\",\"item\":\"https:\/\/adlerarena.com\/sl\/\"},{\"@type\":\"ListItem\",\"position\":2,\"name\":\"Zasebnost\"}]},{\"@type\":\"WebSite\",\"@id\":\"https:\/\/adlerarena.com\/#website\",\"url\":\"https:\/\/adlerarena.com\/\",\"name\":\"Adlerarena Landskron\",\"description\":\"Adler-Flugschau Burg Landskron mit Europas einzigartigem Greifvogelpark\",\"publisher\":{\"@id\":\"https:\/\/adlerarena.com\/#organization\"},\"potentialAction\":[{\"@type\":\"SearchAction\",\"target\":{\"@type\":\"EntryPoint\",\"urlTemplate\":\"https:\/\/adlerarena.com\/?s={search_term_string}\"},\"query-input\":{\"@type\":\"PropertyValueSpecification\",\"valueRequired\":true,\"valueName\":\"search_term_string\"}}],\"inLanguage\":\"sl-SI\"},{\"@type\":\"Organization\",\"@id\":\"https:\/\/adlerarena.com\/#organization\",\"name\":\"Adlerarena Burg Landskron\",\"url\":\"https:\/\/adlerarena.com\/\",\"logo\":{\"@type\":\"ImageObject\",\"inLanguage\":\"sl-SI\",\"@id\":\"https:\/\/adlerarena.com\/#\/schema\/logo\/image\/\",\"url\":\"https:\/\/adlerarena.com\/wp-content\/uploads\/2020\/07\/Adlerarena-Burg-Landskron-Logo.png\",\"contentUrl\":\"https:\/\/adlerarena.com\/wp-content\/uploads\/2020\/07\/Adlerarena-Burg-Landskron-Logo.png\",\"width\":246,\"height\":150,\"caption\":\"Adlerarena Burg Landskron\"},\"image\":{\"@id\":\"https:\/\/adlerarena.com\/#\/schema\/logo\/image\/\"},\"sameAs\":[\"https:\/\/www.facebook.com\/AdlerarenaLandskron\/\",\"https:\/\/www.instagram.com\/adlerarena_burglandskron\/\",\"https:\/\/www.pinterest.at\/AdlerarenaBurgLandskron\/\",\"https:\/\/de.wikipedia.org\/wiki\/Adlerarena_Burg_Landskron\"]}]}<\/script>\n<!-- \/ Yoast SEO plugin. -->","yoast_head_json":{"title":"Zasebnost - Adlerarena Landskron","robots":{"index":"noindex","follow":"follow"},"og_locale":"sl_SI","og_type":"article","og_title":"Zasebnost - Adlerarena Landskron","og_description":"[vc_row css=&#8221;.vc_custom_1527159971373{padding-top: 50px !important;padding-bottom: 50px !important;}&#8221;][vc_column][vc_column_text] POLITIKA ZASEBNOSTI [\/vc_column_text][vc_separator type=&#8221;transparent&#8221; thickness=&#8221;1&#8243; down=&#8221;50&#8243;][vc_column_text]Varstvo va\u0161ih osebnih podatkov jemljemo zelo resno in z va\u0161imi osebnimi podatki ravnamo zaupno ter v skladu z zakonskimi predpisi o varstvu podatkov. in to izjavo o varstvu podatkov.[\/vc_column_text][vc_separator type=&#8221;transparent&#8221; thickness=&#8221;1&#8243; down=&#8221;50&#8243;][vc_column_text] Obdelava podatkov...","og_url":"https:\/\/adlerarena.com\/sl\/zasebnost\/","og_site_name":"Adlerarena Landskron","article_publisher":"https:\/\/www.facebook.com\/AdlerarenaLandskron\/","article_modified_time":"2022-10-20T08:50:57+00:00","twitter_card":"summary_large_image","twitter_misc":{"Est. reading time":"5 minut"},"schema":{"@context":"https:\/\/schema.org","@graph":[{"@type":"WebPage","@id":"https:\/\/adlerarena.com\/sl\/zasebnost\/","url":"https:\/\/adlerarena.com\/sl\/zasebnost\/","name":"Zasebnost - Adlerarena Landskron","isPartOf":{"@id":"https:\/\/adlerarena.com\/#website"},"datePublished":"2022-10-20T08:49:06+00:00","dateModified":"2022-10-20T08:50:57+00:00","breadcrumb":{"@id":"https:\/\/adlerarena.com\/sl\/zasebnost\/#breadcrumb"},"inLanguage":"sl-SI","potentialAction":[{"@type":"ReadAction","target":["https:\/\/adlerarena.com\/sl\/zasebnost\/"]}]},{"@type":"BreadcrumbList","@id":"https:\/\/adlerarena.com\/sl\/zasebnost\/#breadcrumb","itemListElement":[{"@type":"ListItem","position":1,"name":"Startseite","item":"https:\/\/adlerarena.com\/sl\/"},{"@type":"ListItem","position":2,"name":"Zasebnost"}]},{"@type":"WebSite","@id":"https:\/\/adlerarena.com\/#website","url":"https:\/\/adlerarena.com\/","name":"Adlerarena Landskron","description":"Adler-Flugschau Burg Landskron mit Europas einzigartigem Greifvogelpark","publisher":{"@id":"https:\/\/adlerarena.com\/#organization"},"potentialAction":[{"@type":"SearchAction","target":{"@type":"EntryPoint","urlTemplate":"https:\/\/adlerarena.com\/?s={search_term_string}"},"query-input":{"@type":"PropertyValueSpecification","valueRequired":true,"valueName":"search_term_string"}}],"inLanguage":"sl-SI"},{"@type":"Organization","@id":"https:\/\/adlerarena.com\/#organization","name":"Adlerarena Burg Landskron","url":"https:\/\/adlerarena.com\/","logo":{"@type":"ImageObject","inLanguage":"sl-SI","@id":"https:\/\/adlerarena.com\/#\/schema\/logo\/image\/","url":"https:\/\/adlerarena.com\/wp-content\/uploads\/2020\/07\/Adlerarena-Burg-Landskron-Logo.png","contentUrl":"https:\/\/adlerarena.com\/wp-content\/uploads\/2020\/07\/Adlerarena-Burg-Landskron-Logo.png","width":246,"height":150,"caption":"Adlerarena Burg Landskron"},"image":{"@id":"https:\/\/adlerarena.com\/#\/schema\/logo\/image\/"},"sameAs":["https:\/\/www.facebook.com\/AdlerarenaLandskron\/","https:\/\/www.instagram.com\/adlerarena_burglandskron\/","https:\/\/www.pinterest.at\/AdlerarenaBurgLandskron\/","https:\/\/de.wikipedia.org\/wiki\/Adlerarena_Burg_Landskron"]}]}},"_links":{"self":[{"href":"https:\/\/adlerarena.com\/sl\/wp-json\/wp\/v2\/pages\/22270","targetHints":{"allow":["GET"]}}],"collection":[{"href":"https:\/\/adlerarena.com\/sl\/wp-json\/wp\/v2\/pages"}],"about":[{"href":"https:\/\/adlerarena.com\/sl\/wp-json\/wp\/v2\/types\/page"}],"author":[{"embeddable":true,"href":"https:\/\/adlerarena.com\/sl\/wp-json\/wp\/v2\/users\/7"}],"replies":[{"embeddable":true,"href":"https:\/\/adlerarena.com\/sl\/wp-json\/wp\/v2\/comments?post=22270"}],"version-history":[{"count":4,"href":"https:\/\/adlerarena.com\/sl\/wp-json\/wp\/v2\/pages\/22270\/revisions"}],"predecessor-version":[{"id":22272,"href":"https:\/\/adlerarena.com\/sl\/wp-json\/wp\/v2\/pages\/22270\/revisions\/22272"}],"wp:attachment":[{"href":"https:\/\/adlerarena.com\/sl\/wp-json\/wp\/v2\/media?parent=22270"}],"curies":[{"name":"wp","href":"https:\/\/api.w.org\/{rel}","templated":true}]}}